{"id":7805,"date":"2024-05-22T09:49:05","date_gmt":"2024-05-22T07:49:05","guid":{"rendered":"https:\/\/benvitec.be\/plastiques\/"},"modified":"2025-04-23T15:12:27","modified_gmt":"2025-04-23T13:12:27","slug":"plastiques","status":"publish","type":"page","link":"https:\/\/benvitec.be\/fr\/plastiques\/","title":{"rendered":"plastiques"},"content":{"rendered":"\t\t<div data-elementor-type=\"wp-page\" data-elementor-id=\"7805\" class=\"elementor elementor-7805 elementor-2591\" data-elementor-post-type=\"page\">\n\t\t\t\t<div class=\"elementor-element elementor-element-77875110 e-flex e-con-boxed parallax_section_no qode_elementor_container_no e-con e-parent\" data-id=\"77875110\" data-element_type=\"container\" data-e-type=\"container\" data-settings=\"{&quot;background_background&quot;:&quot;classic&quot;}\">\n\t\t\t\t\t<div class=\"e-con-inner\">\n\t\t<div class=\"elementor-element elementor-element-50faab53 e-con-full e-flex parallax_section_no qode_elementor_container_no e-con e-child\" data-id=\"50faab53\" data-element_type=\"container\" data-e-type=\"container\" data-settings=\"{&quot;background_background&quot;:&quot;classic&quot;}\">\n\t\t<div class=\"elementor-element elementor-element-c673a67 e-con-full e-flex parallax_section_no qode_elementor_container_no e-con e-child\" data-id=\"c673a67\" data-element_type=\"container\" data-e-type=\"container\" data-settings=\"{&quot;background_background&quot;:&quot;classic&quot;}\">\n\t\t\t\t<div class=\"elementor-element elementor-element-7c627936 elementor-widget elementor-widget-heading\" data-id=\"7c627936\" data-element_type=\"widget\" data-e-type=\"widget\" data-widget_type=\"heading.default\">\n\t\t\t\t<div class=\"elementor-widget-container\">\n\t\t\t\t\t<h1 class=\"elementor-heading-title elementor-size-default\">Plastique<\/h1>\t\t\t\t<\/div>\n\t\t\t\t<\/div>\n\t\t\t\t<div class=\"elementor-element elementor-element-b6389b3 elementor-widget-divider--view-line elementor-widget elementor-widget-divider\" data-id=\"b6389b3\" data-element_type=\"widget\" data-e-type=\"widget\" data-widget_type=\"divider.default\">\n\t\t\t\t<div class=\"elementor-widget-container\">\n\t\t\t\t\t\t\t<div class=\"elementor-divider\">\n\t\t\t<span class=\"elementor-divider-separator\">\n\t\t\t\t\t\t<\/span>\n\t\t<\/div>\n\t\t\t\t\t\t<\/div>\n\t\t\t\t<\/div>\n\t\t\t\t<div class=\"elementor-element elementor-element-e38892e elementor-widget elementor-widget-heading\" data-id=\"e38892e\" data-element_type=\"widget\" data-e-type=\"widget\" data-widget_type=\"heading.default\">\n\t\t\t\t<div class=\"elementor-widget-container\">\n\t\t\t\t\t<h2 class=\"elementor-heading-title elementor-size-default\">un mat\u00e9riau polyvalent et indispensable<\/h2>\t\t\t\t<\/div>\n\t\t\t\t<\/div>\n\t\t\t\t<div class=\"elementor-element elementor-element-ff2538c elementor-widget-divider--view-line elementor-widget elementor-widget-divider\" data-id=\"ff2538c\" data-element_type=\"widget\" data-e-type=\"widget\" data-widget_type=\"divider.default\">\n\t\t\t\t<div class=\"elementor-widget-container\">\n\t\t\t\t\t\t\t<div class=\"elementor-divider\">\n\t\t\t<span class=\"elementor-divider-separator\">\n\t\t\t\t\t\t<\/span>\n\t\t<\/div>\n\t\t\t\t\t\t<\/div>\n\t\t\t\t<\/div>\n\t\t\t\t<\/div>\n\t\t\t\t<\/div>\n\t\t\t\t\t<\/div>\n\t\t\t\t<\/div>\n\t\t<div class=\"elementor-element elementor-element-6ee8ab4 e-flex e-con-boxed parallax_section_no qode_elementor_container_no e-con e-parent\" data-id=\"6ee8ab4\" data-element_type=\"container\" data-e-type=\"container\" data-settings=\"{&quot;background_background&quot;:&quot;classic&quot;}\">\n\t\t\t\t\t<div class=\"e-con-inner\">\n\t\t<div class=\"elementor-element elementor-element-f4484fe e-con-full e-flex parallax_section_no qode_elementor_container_no e-con e-child\" data-id=\"f4484fe\" data-element_type=\"container\" data-e-type=\"container\">\n\t\t\t\t<div class=\"elementor-element elementor-element-d5a9277 elementor-widget elementor-widget-text-editor\" data-id=\"d5a9277\" data-element_type=\"widget\" data-e-type=\"widget\" data-widget_type=\"text-editor.default\">\n\t\t\t\t<div class=\"elementor-widget-container\">\n\t\t\t\t\t\t\t\t\t<p class=\"p1\">Les plastiques sont devenus un \u00e9l\u00e9ment incontournable de notre soci\u00e9t\u00e9. Gr\u00e2ce \u00e0 leurs propri\u00e9t\u00e9s uniques, ils remplacent de plus en plus les mat\u00e9riaux traditionnels comme le m\u00e9tal, la pierre, le bois ou le verre. De plus, ils jouent un r\u00f4le cl\u00e9 dans de nombreuses innovations industrielles et scientifiques.  <\/p>\n<p class=\"p1\">Contrairement aux mat\u00e9riaux naturels, les plastiques sont des compos\u00e9s chimiques issus de processus avanc\u00e9s. Ils sont produits en raffinant le p\u00e9trole brut et en r\u00e9organisant les mol\u00e9cules pour cr\u00e9er des polym\u00e8res synth\u00e9tiques aux propri\u00e9t\u00e9s sp\u00e9cifiques. <\/p>\n<p class=\"p1\">Bien que les plastiques soient aujourd\u2019hui omnipr\u00e9sents, ils restent relativement r\u00e9cents. Le premier plastique enti\u00e8rement synth\u00e9tique, la bak\u00e9lite, a \u00e9t\u00e9 d\u00e9velopp\u00e9 en 1909 par Leo Baekeland, un inventeur belge bas\u00e9 aux \u00c9tats-Unis. Depuis, l\u2019industrie des plastiques a connu une croissance fulgurante, donnant naissance \u00e0 des centaines de variantes adapt\u00e9es \u00e0 des applications sp\u00e9cifiques.  <\/p>\n\t\t\t\t\t\t\t\t<\/div>\n\t\t\t\t<\/div>\n\t\t\t\t<div class=\"elementor-element elementor-element-8d54a49 elementor-widget elementor-widget-heading\" data-id=\"8d54a49\" data-element_type=\"widget\" data-e-type=\"widget\" data-widget_type=\"heading.default\">\n\t\t\t\t<div class=\"elementor-widget-container\">\n\t\t\t\t\t<h2 class=\"elementor-heading-title elementor-size-default\">Les plastiques se divisent en trois grandes familles :<\/h2>\t\t\t\t<\/div>\n\t\t\t\t<\/div>\n\t\t\t\t<\/div>\n\t\t\t\t\t<\/div>\n\t\t\t\t<\/div>\n\t\t<div class=\"elementor-element elementor-element-bbf449f e-flex e-con-boxed parallax_section_no qode_elementor_container_no e-con e-parent\" data-id=\"bbf449f\" data-element_type=\"container\" data-e-type=\"container\" data-settings=\"{&quot;background_background&quot;:&quot;classic&quot;}\">\n\t\t\t\t\t<div class=\"e-con-inner\">\n\t\t<div class=\"elementor-element elementor-element-c6a3dbf e-con-full e-flex parallax_section_no qode_elementor_container_no e-con e-child\" data-id=\"c6a3dbf\" data-element_type=\"container\" data-e-type=\"container\">\n\t\t\t\t<div class=\"elementor-element elementor-element-3e4ffe5 elementor-widget elementor-widget-text-editor\" data-id=\"3e4ffe5\" data-element_type=\"widget\" data-e-type=\"widget\" data-widget_type=\"text-editor.default\">\n\t\t\t\t<div class=\"elementor-widget-container\">\n\t\t\t\t\t\t\t\t\t<h3>Thermoplastiques<\/h3>\n<p class=\"p1\">Les thermoplastiques deviennent mall\u00e9ables sous l\u2019effet de la chaleur, ce qui permet de les mouler dans diverses formes. Une fois refroidis, ils conservent leur structure et peuvent \u00eatre retravaill\u00e9s ou recycl\u00e9s. R\u00e9sistants \u00e0 l\u2019usure et aux produits chimiques, ils sont largement utilis\u00e9s dans l\u2019industrie chimique. Ce sont principalement ces thermoplastiques que nous transformons dans notre atelier.    <\/p>\n\t\t\t\t\t\t\t\t<\/div>\n\t\t\t\t<\/div>\n\t\t\t\t<\/div>\n\t\t<div class=\"elementor-element elementor-element-bbda0f8 e-con-full e-flex parallax_section_no qode_elementor_container_no e-con e-child\" data-id=\"bbda0f8\" data-element_type=\"container\" data-e-type=\"container\">\n\t\t<div class=\"elementor-element elementor-element-60c9443 e-flex e-con-boxed parallax_section_no qode_elementor_container_no e-con e-child\" data-id=\"60c9443\" data-element_type=\"container\" data-e-type=\"container\">\n\t\t\t\t\t<div class=\"e-con-inner\">\n\t\t\t\t<div class=\"elementor-element elementor-element-b686945 elementor-widget elementor-widget-text-editor\" data-id=\"b686945\" data-element_type=\"widget\" data-e-type=\"widget\" data-widget_type=\"text-editor.default\">\n\t\t\t\t<div class=\"elementor-widget-container\">\n\t\t\t\t\t\t\t\t\t<h3>Thermodurcissables<\/h3>\n<p class=\"p1\">Les thermodurcissables sont moul\u00e9s une seule fois dans une forme permanente et ne peuvent pas \u00eatre modifi\u00e9s apr\u00e8s durcissement. Contrairement aux thermoplastiques, ils ne ramollissent pas sous l\u2019effet de la chaleur, ce qui les rend id\u00e9aux pour les applications n\u00e9cessitant une grande durabilit\u00e9 et une stabilit\u00e9 structurelle.  <\/p>\n\t\t\t\t\t\t\t\t<\/div>\n\t\t\t\t<\/div>\n\t\t\t\t\t<\/div>\n\t\t\t\t<\/div>\n\t\t\t\t<\/div>\n\t\t<div class=\"elementor-element elementor-element-b5ca0e2 e-con-full e-flex parallax_section_no qode_elementor_container_no e-con e-child\" data-id=\"b5ca0e2\" data-element_type=\"container\" data-e-type=\"container\">\n\t\t<div class=\"elementor-element elementor-element-699629d e-flex e-con-boxed parallax_section_no qode_elementor_container_no e-con e-child\" data-id=\"699629d\" data-element_type=\"container\" data-e-type=\"container\">\n\t\t\t\t\t<div class=\"e-con-inner\">\n\t\t\t\t<div class=\"elementor-element elementor-element-c80d094 elementor-widget elementor-widget-text-editor\" data-id=\"c80d094\" data-element_type=\"widget\" data-e-type=\"widget\" data-widget_type=\"text-editor.default\">\n\t\t\t\t<div class=\"elementor-widget-container\">\n\t\t\t\t\t\t\t\t\t<h3>\u00c9lastom\u00e8res<\/h3>\n<p class=\"p1\">Les \u00e9lastom\u00e8res poss\u00e8dent des propri\u00e9t\u00e9s similaires au caoutchouc. Ils sont flexibles et retrouvent leur forme initiale apr\u00e8s d\u00e9formation, ce qui les rend parfaits pour les joints d\u2019\u00e9tanch\u00e9it\u00e9, l\u2019absorption des chocs et d\u2019autres applications n\u00e9cessitant une grande \u00e9lasticit\u00e9. <\/p>\n\t\t\t\t\t\t\t\t<\/div>\n\t\t\t\t<\/div>\n\t\t\t\t\t<\/div>\n\t\t\t\t<\/div>\n\t\t\t\t<\/div>\n\t\t\t\t\t<\/div>\n\t\t\t\t<\/div>\n\t\t<div class=\"elementor-element elementor-element-dacc34c e-flex e-con-boxed parallax_section_no qode_elementor_container_no e-con e-parent\" data-id=\"dacc34c\" data-element_type=\"container\" data-e-type=\"container\" data-settings=\"{&quot;background_background&quot;:&quot;classic&quot;}\">\n\t\t\t\t\t<div class=\"e-con-inner\">\n\t\t\t\t<div class=\"elementor-element elementor-element-d2bf9bc elementor-widget elementor-widget-bridge_button\" data-id=\"d2bf9bc\" data-element_type=\"widget\" data-e-type=\"widget\" data-widget_type=\"bridge_button.default\">\n\t\t\t\t<div class=\"elementor-widget-container\">\n\t\t\t\t\t<a  itemprop=\"url\" href=\"https:\/\/benvitec.be\/fr\/plastiques\/usinage-des-plastiques\/top-5-des-plastiques-chez-benvitec\/\" target=\"_self\"  class=\"qbutton  large default\" style=\"color: #000000; border-color: #101820; \">D\u00e9couvrez le top 5 des plastiques de Benvitec<i class=\"qode_icon_font_awesome fa fa-angle-right qode_button_icon_element\"><\/i><\/a>\t\t\t\t<\/div>\n\t\t\t\t<\/div>\n\t\t\t\t\t<\/div>\n\t\t\t\t<\/div>\n\t\t<div style=\"background-image: url(https:\/\/benvitec.be\/wp-content\/uploads\/2024\/05\/parallax-tandwiel.jpg);\" class=\"parallax_section_holder elementor-element elementor-element-cfc0815 parallax_section_holder elementor-hidden-tablet_extra elementor-hidden-tablet elementor-hidden-mobile e-flex e-con-boxed qode_elementor_container_no e-con e-parent\" data-speed=\"0\" data-id=\"cfc0815\" data-element_type=\"container\" data-e-type=\"container\" data-settings=\"{&quot;qode_parallax_image&quot;:{&quot;url&quot;:&quot;https:\\\/\\\/benvitec.be\\\/wp-content\\\/uploads\\\/2024\\\/05\\\/parallax-tandwiel.jpg&quot;,&quot;id&quot;:2595,&quot;size&quot;:&quot;&quot;,&quot;alt&quot;:&quot;&quot;,&quot;source&quot;:&quot;library&quot;}}\">\n\t\t\t\t\t<div class=\"e-con-inner\">\n\t\t\t\t<div class=\"elementor-element elementor-element-be31d34 elementor-widget__width-initial elementor-widget elementor-widget-text-editor\" data-id=\"be31d34\" data-element_type=\"widget\" data-e-type=\"widget\" data-widget_type=\"text-editor.default\">\n\t\t\t\t<div class=\"elementor-widget-container\">\n\t\t\t\t\t\t\t\t\t<h2>Applications des plastiques<\/h2>\n<p class=\"p1\">Les plastiques sont utilis\u00e9s dans presque tous les secteurs :<\/p>\n<p><strong style=\"text-align: var(--text-align);\">Emballage<\/strong> : <span style=\"text-align: var(--text-align);\">Les bouteilles en plastique, les films et les conteneurs prolongent la dur\u00e9e de conservation des aliments et prot\u00e8gent les produits pendant le transport.<\/span><\/p>\n<p><strong>\u00c9lectronique<\/strong> : Le plastique est pr\u00e9sent dans les bo\u00eetiers, les isolants et les \u00e9crans des smartphones, ordinateurs portables et t\u00e9l\u00e9viseurs.<\/p>\n<p><strong>Industrie automobile <\/strong>: Les plastiques all\u00e8gent les v\u00e9hicules, am\u00e9liorant ainsi leur efficacit\u00e9 \u00e9nerg\u00e9tique. Ils sont utilis\u00e9s pour les tableaux de bord, les pare-chocs et les composants int\u00e9rieurs. <\/p>\n<p><strong>Secteur m\u00e9dical <\/strong>: Des seringues jetables aux proth\u00e8ses, les plastiques jouent un r\u00f4le essentiel dans le domaine de la sant\u00e9.<\/p>\n<p><strong>Textile et mode<\/strong> : Des mat\u00e9riaux comme le polyester et le nylon sont largement utilis\u00e9s dans les v\u00eatements et les accessoires.<\/p>\n<p><strong>Construction et infrastructure <\/strong>: Les plastiques se retrouvent dans les canalisations, l\u2019isolation, les fen\u00eatres, les portes et les rev\u00eatements protecteurs.<\/p>\n<p><strong>Jouets<\/strong> : Des marques embl\u00e9matiques comme LEGO et Playmobil utilisent des plastiques durables.<\/p>\n\t\t\t\t\t\t\t\t<\/div>\n\t\t\t\t<\/div>\n\t\t\t\t\t<\/div>\n\t\t\t\t<\/div>\n\t\t<div class=\"elementor-element elementor-element-93a5044 elementor-hidden-desktop e-con-full e-flex parallax_section_no qode_elementor_container_no e-con e-parent\" data-id=\"93a5044\" data-element_type=\"container\" data-e-type=\"container\" data-settings=\"{&quot;background_background&quot;:&quot;classic&quot;}\">\n\t\t\t\t<div class=\"elementor-element elementor-element-c071762 elementor-widget__width-initial elementor-widget-mobile__width-inherit elementor-widget elementor-widget-text-editor\" data-id=\"c071762\" data-element_type=\"widget\" data-e-type=\"widget\" data-widget_type=\"text-editor.default\">\n\t\t\t\t<div class=\"elementor-widget-container\">\n\t\t\t\t\t\t\t\t\t<h2>Applications des plastiques<\/h2>\n<p class=\"p1\">Les plastiques sont utilis\u00e9s dans presque tous les secteurs :<\/p>\n<p><strong style=\"text-align: var(--text-align);\">Emballage<\/strong> : <span style=\"text-align: var(--text-align);\">Les bouteilles en plastique, les films et les conteneurs prolongent la dur\u00e9e de conservation des aliments et prot\u00e8gent les produits pendant le transport.<\/span><\/p>\n<p><strong>\u00c9lectronique<\/strong> : Le plastique est pr\u00e9sent dans les bo\u00eetiers, les isolants et les \u00e9crans des smartphones, ordinateurs portables et t\u00e9l\u00e9viseurs.<\/p>\n<p><strong>Industrie automobile <\/strong>: Les plastiques all\u00e8gent les v\u00e9hicules, am\u00e9liorant ainsi leur efficacit\u00e9 \u00e9nerg\u00e9tique. Ils sont utilis\u00e9s pour les tableaux de bord, les pare-chocs et les composants int\u00e9rieurs. <\/p>\n<p><strong>Secteur m\u00e9dical <\/strong>: Des seringues jetables aux proth\u00e8ses, les plastiques jouent un r\u00f4le essentiel dans le domaine de la sant\u00e9.<\/p>\n<p><strong>Textile et mode<\/strong> : Des mat\u00e9riaux comme le polyester et le nylon sont largement utilis\u00e9s dans les v\u00eatements et les accessoires.<\/p>\n<p><strong>Construction et infrastructure <\/strong>: Les plastiques se retrouvent dans les canalisations, l\u2019isolation, les fen\u00eatres, les portes et les rev\u00eatements protecteurs.<\/p>\n<p><strong>Jouets<\/strong> : Des marques embl\u00e9matiques comme LEGO et Playmobil utilisent des plastiques durables.<\/p>\n\t\t\t\t\t\t\t\t<\/div>\n\t\t\t\t<\/div>\n\t\t\t\t<\/div>\n\t\t<div class=\"elementor-element elementor-element-a4dd9a5 e-flex e-con-boxed parallax_section_no qode_elementor_container_no e-con e-parent\" data-id=\"a4dd9a5\" data-element_type=\"container\" data-e-type=\"container\" data-settings=\"{&quot;background_background&quot;:&quot;classic&quot;}\">\n\t\t\t\t\t<div class=\"e-con-inner\">\n\t\t\t\t<div class=\"elementor-element elementor-element-00b8012 elementor-widget elementor-widget-heading\" data-id=\"00b8012\" data-element_type=\"widget\" data-e-type=\"widget\" data-widget_type=\"heading.default\">\n\t\t\t\t<div class=\"elementor-widget-container\">\n\t\t\t\t\t<h2 class=\"elementor-heading-title elementor-size-default\">Transformation des plastiques, construction plastique et solutions plastiques<\/h2>\t\t\t\t<\/div>\n\t\t\t\t<\/div>\n\t\t\t\t\t<\/div>\n\t\t\t\t<\/div>\n\t\t<div class=\"elementor-element elementor-element-8cad19d e-flex e-con-boxed parallax_section_no qode_elementor_container_no e-con e-parent\" data-id=\"8cad19d\" data-element_type=\"container\" data-e-type=\"container\" data-settings=\"{&quot;background_background&quot;:&quot;classic&quot;}\">\n\t\t\t\t\t<div class=\"e-con-inner\">\n\t\t<div class=\"elementor-element elementor-element-09db423 e-con-full kader e-flex parallax_section_no qode_elementor_container_no e-con e-child\" data-id=\"09db423\" data-element_type=\"container\" data-e-type=\"container\">\n\t\t\t\t<div class=\"elementor-element elementor-element-9292130 elementor-widget elementor-widget-text-editor\" data-id=\"9292130\" data-element_type=\"widget\" data-e-type=\"widget\" data-widget_type=\"text-editor.default\">\n\t\t\t\t<div class=\"elementor-widget-container\">\n\t\t\t\t\t\t\t\t\t<p><span style=\"background-color: #ffffff; font-weight: bold; color: var( --e-global-color-text );\">T<\/span><span style=\"background-color: #ffffff; font-weight: bold; color: var( --e-global-color-text );\">ransformation des plastiques<br \/><\/span>Tournage, fraisage, soudage, pliage et collage de plaques, barres et blocs plastiques pour des produits sur mesure.<\/p>\n\t\t\t\t\t\t\t\t<\/div>\n\t\t\t\t<\/div>\n\t\t\t\t<div class=\"elementor-element elementor-element-bbf5aee elementor-widget elementor-widget-bridge_button\" data-id=\"bbf5aee\" data-element_type=\"widget\" data-e-type=\"widget\" data-widget_type=\"bridge_button.default\">\n\t\t\t\t<div class=\"elementor-widget-container\">\n\t\t\t\t\t<a  itemprop=\"url\" href=\"https:\/\/benvitec.be\/fr\/plastiques\/usinage-des-plastiques\/\" target=\"_self\"  class=\"qbutton  large default\" style=\"color: #000000; border-color: #000000; \">Transformation<i class=\"qode_icon_font_awesome fa fa-angle-right qode_button_icon_element\" style=\"color: #000000\"><\/i><\/a>\t\t\t\t<\/div>\n\t\t\t\t<\/div>\n\t\t\t\t<\/div>\n\t\t<div class=\"elementor-element elementor-element-aa9b3a5 e-con-full kader e-flex parallax_section_no qode_elementor_container_no e-con e-child\" data-id=\"aa9b3a5\" data-element_type=\"container\" data-e-type=\"container\">\n\t\t\t\t<div class=\"elementor-element elementor-element-a9226dc elementor-widget elementor-widget-text-editor\" data-id=\"a9226dc\" data-element_type=\"widget\" data-e-type=\"widget\" data-widget_type=\"text-editor.default\">\n\t\t\t\t<div class=\"elementor-widget-container\">\n\t\t\t\t\t\t\t\t\t<p><span style=\"background-color: #ffffff; font-weight: bold; color: var( --e-global-color-text );\">Construction plastique<\/span> &nbsp;<br \/>Conception, fabrication et installation de r\u00e9servoirs de stockage, laveurs de gaz, armoires de dosage, cabines de pulv\u00e9risation et bien plus encore.<\/p>\n\t\t\t\t\t\t\t\t<\/div>\n\t\t\t\t<\/div>\n\t\t\t\t<div class=\"elementor-element elementor-element-1fcef3e elementor-widget elementor-widget-bridge_button\" data-id=\"1fcef3e\" data-element_type=\"widget\" data-e-type=\"widget\" data-widget_type=\"bridge_button.default\">\n\t\t\t\t<div class=\"elementor-widget-container\">\n\t\t\t\t\t<a  itemprop=\"url\" href=\"https:\/\/benvitec.be\/fr\/plastiques\/construction-de-reservoirs\/\" target=\"_self\"  class=\"qbutton  large default\" style=\"color: #000000; border-color: #000000; \">Construction<i class=\"qode_icon_font_awesome fa fa-angle-right qode_button_icon_element\" style=\"color: #000000\"><\/i><\/a>\t\t\t\t<\/div>\n\t\t\t\t<\/div>\n\t\t\t\t<\/div>\n\t\t<div class=\"elementor-element elementor-element-90ac043 e-con-full kader e-flex parallax_section_no qode_elementor_container_no e-con e-child\" data-id=\"90ac043\" data-element_type=\"container\" data-e-type=\"container\">\n\t\t\t\t<div class=\"elementor-element elementor-element-f9232dc elementor-widget elementor-widget-text-editor\" data-id=\"f9232dc\" data-element_type=\"widget\" data-e-type=\"widget\" data-widget_type=\"text-editor.default\">\n\t\t\t\t<div class=\"elementor-widget-container\">\n\t\t\t\t\t\t\t\t\t<p><span style=\"background-color: #ffffff; font-weight: bold; color: var( --e-global-color-text );\">Solutions plastiques<br \/><\/span>Rev\u00eatements, protection du b\u00e9ton, tuyauterie&#8230; Nos solutions plastiques jouent un r\u00f4le essentiel dans la protection de l&rsquo;environnement et les projets d&rsquo;infrastructure. <\/p>\n\t\t\t\t\t\t\t\t<\/div>\n\t\t\t\t<\/div>\n\t\t\t\t<div class=\"elementor-element elementor-element-cf002d4 elementor-widget elementor-widget-bridge_button\" data-id=\"cf002d4\" data-element_type=\"widget\" data-e-type=\"widget\" data-widget_type=\"bridge_button.default\">\n\t\t\t\t<div class=\"elementor-widget-container\">\n\t\t\t\t\t<a  itemprop=\"url\" href=\"https:\/\/benvitec.be\/fr\/plastiques\/solutions-plastiques\/\" target=\"_self\"  class=\"qbutton  large default\" style=\"color: #000000; border-color: #000000; \">Solutions<i class=\"qode_icon_font_awesome fa fa-angle-right qode_button_icon_element\" style=\"color: #000000\"><\/i><\/a>\t\t\t\t<\/div>\n\t\t\t\t<\/div>\n\t\t\t\t<\/div>\n\t\t\t\t\t<\/div>\n\t\t\t\t<\/div>\n\t\t<div class=\"elementor-element elementor-element-33f0b41 e-flex e-con-boxed parallax_section_no qode_elementor_container_no e-con e-parent\" data-id=\"33f0b41\" data-element_type=\"container\" data-e-type=\"container\" data-settings=\"{&quot;background_background&quot;:&quot;classic&quot;}\">\n\t\t\t\t\t<div class=\"e-con-inner\">\n\t\t<div class=\"elementor-element elementor-element-a58d5f2 e-con-full e-flex parallax_section_no qode_elementor_container_no e-con e-child\" data-id=\"a58d5f2\" data-element_type=\"container\" data-e-type=\"container\">\n\t\t\t\t<div class=\"elementor-element elementor-element-43fa333 elementor-widget elementor-widget-heading\" data-id=\"43fa333\" data-element_type=\"widget\" data-e-type=\"widget\" data-widget_type=\"heading.default\">\n\t\t\t\t<div class=\"elementor-widget-container\">\n\t\t\t\t\t<h2 class=\"elementor-heading-title elementor-size-default\"><span class=\"green\">Vous souhaitez en savoir<\/span> <span class=\"white\">plus sur nos solutions ?<\/span><\/h2>\t\t\t\t<\/div>\n\t\t\t\t<\/div>\n\t\t\t\t<div class=\"elementor-element elementor-element-350aac1 elementor-widget elementor-widget-text-editor\" data-id=\"350aac1\" data-element_type=\"widget\" data-e-type=\"widget\" data-widget_type=\"text-editor.default\">\n\t\t\t\t<div class=\"elementor-widget-container\">\n\t\t\t\t\t\t\t\t\t<p><span class=\"white intro\">Contactez-nous et d\u00e9couvrez comment nous pouvons vous aider !<\/span><\/p>\n\t\t\t\t\t\t\t\t<\/div>\n\t\t\t\t<\/div>\n\t\t\t\t<div class=\"elementor-element elementor-element-ff3ca40 elementor-widget elementor-widget-bridge_button\" data-id=\"ff3ca40\" data-element_type=\"widget\" data-e-type=\"widget\" data-widget_type=\"bridge_button.default\">\n\t\t\t\t<div class=\"elementor-widget-container\">\n\t\t\t\t\t<a  itemprop=\"url\" href=\"https:\/\/benvitec.be\/fr\/contactez-nous\/\" target=\"_self\"  class=\"qbutton  large default\" style=\"color: #FFFFFF; \">Contactez nos experts !<i class=\"qode_icon_font_awesome fa fa-angle-right qode_button_icon_element\"><\/i><\/a>\t\t\t\t<\/div>\n\t\t\t\t<\/div>\n\t\t\t\t<div class=\"elementor-element elementor-element-4f3b1db elementor-widget elementor-widget-heading\" data-id=\"4f3b1db\" data-element_type=\"widget\" data-e-type=\"widget\" data-widget_type=\"heading.default\">\n\t\t\t\t<div class=\"elementor-widget-container\">\n\t\t\t\t\t<p class=\"elementor-heading-title elementor-size-default\">Appelez-nous au +32 11 450 750\n<\/p>\t\t\t\t<\/div>\n\t\t\t\t<\/div>\n\t\t\t\t<\/div>\n\t\t<div class=\"elementor-element elementor-element-0825db3 e-con-full elementor-hidden-mobile e-flex parallax_section_no qode_elementor_container_no e-con e-child\" data-id=\"0825db3\" data-element_type=\"container\" data-e-type=\"container\" data-settings=\"{&quot;background_background&quot;:&quot;classic&quot;}\">\n\t\t\t\t<\/div>\n\t\t\t\t\t<\/div>\n\t\t\t\t<\/div>\n\t\t\t\t<\/div>\n\t\t","protected":false},"excerpt":{"rendered":"<p>Plastique un mat\u00e9riau polyvalent et indispensable Les plastiques sont devenus un \u00e9l\u00e9ment incontournable de notre soci\u00e9t\u00e9. Gr\u00e2ce \u00e0 leurs propri\u00e9t\u00e9s uniques, ils remplacent de plus en plus les mat\u00e9riaux traditionnels comme le m\u00e9tal, la pierre, le bois ou le verre. De plus, ils jouent un&#8230;<\/p>\n","protected":false},"author":1,"featured_media":7259,"parent":0,"menu_order":40,"comment_status":"closed","ping_status":"closed","template":"full_width.php","meta":{"content-type":"","footnotes":""},"class_list":["post-7805","page","type-page","status-publish","has-post-thumbnail","hentry"],"_links":{"self":[{"href":"https:\/\/benvitec.be\/fr\/wp-json\/wp\/v2\/pages\/7805","targetHints":{"allow":["GET"]}}],"collection":[{"href":"https:\/\/benvitec.be\/fr\/wp-json\/wp\/v2\/pages"}],"about":[{"href":"https:\/\/benvitec.be\/fr\/wp-json\/wp\/v2\/types\/page"}],"author":[{"embeddable":true,"href":"https:\/\/benvitec.be\/fr\/wp-json\/wp\/v2\/users\/1"}],"replies":[{"embeddable":true,"href":"https:\/\/benvitec.be\/fr\/wp-json\/wp\/v2\/comments?post=7805"}],"version-history":[{"count":7,"href":"https:\/\/benvitec.be\/fr\/wp-json\/wp\/v2\/pages\/7805\/revisions"}],"predecessor-version":[{"id":8359,"href":"https:\/\/benvitec.be\/fr\/wp-json\/wp\/v2\/pages\/7805\/revisions\/8359"}],"wp:featuredmedia":[{"embeddable":true,"href":"https:\/\/benvitec.be\/fr\/wp-json\/wp\/v2\/media\/7259"}],"wp:attachment":[{"href":"https:\/\/benvitec.be\/fr\/wp-json\/wp\/v2\/media?parent=7805"}],"curies":[{"name":"wp","href":"https:\/\/api.w.org\/{rel}","templated":true}]}}