{"id":7845,"date":"2024-05-27T06:57:29","date_gmt":"2024-05-27T04:57:29","guid":{"rendered":"https:\/\/benvitec.be\/a-propos-de-benvitec\/"},"modified":"2025-04-24T14:17:00","modified_gmt":"2025-04-24T12:17:00","slug":"a-propos-de-benvitec","status":"publish","type":"page","link":"https:\/\/benvitec.be\/fr\/a-propos-de-benvitec\/","title":{"rendered":"\u00c0 propos de Benvitec"},"content":{"rendered":"\t\t<div data-elementor-type=\"wp-page\" data-elementor-id=\"7845\" class=\"elementor elementor-7845 elementor-2960\" data-elementor-post-type=\"page\">\n\t\t\t\t<div class=\"elementor-element elementor-element-746f5b8 e-flex e-con-boxed parallax_section_no qode_elementor_container_no e-con e-parent\" data-id=\"746f5b8\" data-element_type=\"container\" data-e-type=\"container\" data-settings=\"{&quot;background_background&quot;:&quot;classic&quot;}\">\n\t\t\t\t\t<div class=\"e-con-inner\">\n\t\t<div class=\"elementor-element elementor-element-e5ce8c6 e-con-full e-flex parallax_section_no qode_elementor_container_no e-con e-child\" data-id=\"e5ce8c6\" data-element_type=\"container\" data-e-type=\"container\" data-settings=\"{&quot;background_background&quot;:&quot;classic&quot;}\">\n\t\t<div class=\"elementor-element elementor-element-79d255d e-con-full e-flex parallax_section_no qode_elementor_container_no e-con e-child\" data-id=\"79d255d\" data-element_type=\"container\" data-e-type=\"container\" data-settings=\"{&quot;background_background&quot;:&quot;classic&quot;}\">\n\t\t\t\t<div class=\"elementor-element elementor-element-fcc694c elementor-widget elementor-widget-heading\" data-id=\"fcc694c\" data-element_type=\"widget\" data-e-type=\"widget\" data-widget_type=\"heading.default\">\n\t\t\t\t<div class=\"elementor-widget-container\">\n\t\t\t\t\t<h1 class=\"elementor-heading-title elementor-size-default\">\u00c0 propos\n<span class=\"green\">de Benvitec<\/span><\/h1>\t\t\t\t<\/div>\n\t\t\t\t<\/div>\n\t\t\t\t<div class=\"elementor-element elementor-element-4111318 elementor-widget elementor-widget-text-editor\" data-id=\"4111318\" data-element_type=\"widget\" data-e-type=\"widget\" data-widget_type=\"text-editor.default\">\n\t\t\t\t<div class=\"elementor-widget-container\">\n\t\t\t\t\t\t\t\t\t<p class=\"intro white\">Benvitec, abr\u00e9viation de Belgian Environmental Technology, est n\u00e9e il y a trois d\u00e9cennies dans l\u2019industrie mini\u00e8re. Profond\u00e9ment ancr\u00e9s sous terre, nous avons travaill\u00e9 c\u00f4te \u00e0 c\u00f4te, guid\u00e9s par la loyaut\u00e9 et le sens des responsabilit\u00e9s. Du courage en toute humilit\u00e9, avec une approche r\u00e9solument orient\u00e9e solutions.  <\/p>\n<p class=\"intro white\"><\/p>\t\t\t\t\t\t\t\t<\/div>\n\t\t\t\t<\/div>\n\t\t\t\t<\/div>\n\t\t\t\t<\/div>\n\t\t<div class=\"elementor-element elementor-element-98e5404 e-con-full e-flex parallax_section_no qode_elementor_container_no e-con e-child\" data-id=\"98e5404\" data-element_type=\"container\" data-e-type=\"container\" data-settings=\"{&quot;background_background&quot;:&quot;classic&quot;}\">\n\t\t\t\t<\/div>\n\t\t\t\t\t<\/div>\n\t\t\t\t<\/div>\n\t\t<div class=\"elementor-element elementor-element-16d79e4 e-flex e-con-boxed parallax_section_no qode_elementor_container_no e-con e-parent\" data-id=\"16d79e4\" data-element_type=\"container\" data-e-type=\"container\" data-settings=\"{&quot;background_background&quot;:&quot;classic&quot;}\">\n\t\t\t\t\t<div class=\"e-con-inner\">\n\t\t\t\t<div class=\"elementor-element elementor-element-9cb7e0c elementor-widget elementor-widget-text-editor\" data-id=\"9cb7e0c\" data-element_type=\"widget\" data-e-type=\"widget\" data-widget_type=\"text-editor.default\">\n\t\t\t\t<div class=\"elementor-widget-container\">\n\t\t\t\t\t\t\t\t\t<p class=\"intro\">Aujourd\u2019hui encore, nous innovons l\u00e0 o\u00f9 d\u2019autres abandonnent. Aux c\u00f4t\u00e9s de nos clients, nous recherchons sans rel\u00e2che des solutions novatrices pour un monde plus durable. Cet ADN est au c\u0153ur de notre mani\u00e8re de penser et de travailler. Il nous insuffle chaque jour l\u2019\u00e9nergie n\u00e9cessaire pour b\u00e2tir des relations solides avec nos clients, collaborateurs et partenaires.   <\/p>\n\t\t\t\t\t\t\t\t<\/div>\n\t\t\t\t<\/div>\n\t\t\t\t\t<\/div>\n\t\t\t\t<\/div>\n\t\t<div class=\"elementor-element elementor-element-575b491 e-flex e-con-boxed parallax_section_no qode_elementor_container_no e-con e-parent\" data-id=\"575b491\" data-element_type=\"container\" data-e-type=\"container\" data-settings=\"{&quot;background_background&quot;:&quot;classic&quot;}\">\n\t\t\t\t\t<div class=\"e-con-inner\">\n\t\t<div class=\"elementor-element elementor-element-792eda4 e-con-full e-flex parallax_section_no qode_elementor_container_no e-con e-child\" data-id=\"792eda4\" data-element_type=\"container\" data-e-type=\"container\">\n\t\t\t\t<div class=\"elementor-element elementor-element-cf62db1 elementor-widget elementor-widget-heading\" data-id=\"cf62db1\" data-element_type=\"widget\" data-e-type=\"widget\" data-widget_type=\"heading.default\">\n\t\t\t\t<div class=\"elementor-widget-container\">\n\t\t\t\t\t<h2 class=\"elementor-heading-title elementor-size-default\">L\u2019esprit<br><span class=\"white\">Benvitec<\/span><\/h2>\t\t\t\t<\/div>\n\t\t\t\t<\/div>\n\t\t\t\t<\/div>\n\t\t<div class=\"elementor-element elementor-element-c96873c e-con-full e-flex parallax_section_no qode_elementor_container_no e-con e-child\" data-id=\"c96873c\" data-element_type=\"container\" data-e-type=\"container\">\n\t\t\t\t<div class=\"elementor-element elementor-element-899481f elementor-widget elementor-widget-text-editor\" data-id=\"899481f\" data-element_type=\"widget\" data-e-type=\"widget\" data-widget_type=\"text-editor.default\">\n\t\t\t\t<div class=\"elementor-widget-container\">\n\t\t\t\t\t\t\t\t\t<p data-start=\"928\" data-end=\"1134\">Nous pourrions simplement dire que nous concevons des solutions \u00e9cologiques dans le domaine du piping industriel et des constructions plastiques depuis trente ans. Que nous repoussons les limites, aussi bien en surface que sous terre. <\/p>\n<p data-start=\"1136\" data-end=\"1293\">Mais en r\u00e9alit\u00e9, notre engagement va bien au-del\u00e0 de notre travail. Nous creusons plus profond\u00e9ment. C\u00f4te \u00e0 c\u00f4te, comme nos pr\u00e9d\u00e9cesseurs, nous cherchons les meilleures solutions.  <\/p>\n<p data-start=\"1295\" data-end=\"1467\">Notre force r\u00e9side dans la combinaison de notre expertise. En tant que collectif d\u2019experts sp\u00e9cialis\u00e9s et humbles, nous unissons nos connaissances pour relever chaque d\u00e9fi technique. <\/p>\n<p data-start=\"1469\" data-end=\"1634\">C\u2019est ce que nous appelons <em data-start=\"1487\" data-end=\"1501\">l\u2019esprit Benvitec <\/em>\u2013 un engagement envers l\u2019innovation, le savoir-faire et la durabilit\u00e9. Avec la passion de laisser un monde meilleur que celui que nous avons re\u00e7u. <\/p>\n\t\t\t\t\t\t\t\t<\/div>\n\t\t\t\t<\/div>\n\t\t\t\t<\/div>\n\t\t\t\t\t<\/div>\n\t\t\t\t<\/div>\n\t\t<div class=\"elementor-element elementor-element-d64ce90 e-flex e-con-boxed parallax_section_no qode_elementor_container_no e-con e-parent\" data-id=\"d64ce90\" data-element_type=\"container\" data-e-type=\"container\" data-settings=\"{&quot;background_background&quot;:&quot;classic&quot;}\">\n\t\t\t\t\t<div class=\"e-con-inner\">\n\t\t<div class=\"elementor-element elementor-element-67bc500 e-con-full e-flex parallax_section_no qode_elementor_container_no e-con e-child\" data-id=\"67bc500\" data-element_type=\"container\" data-e-type=\"container\">\n\t\t<div class=\"elementor-element elementor-element-f9f760d e-con-full e-flex parallax_section_no qode_elementor_container_no e-con e-child\" data-id=\"f9f760d\" data-element_type=\"container\" data-e-type=\"container\">\n\t\t<div class=\"elementor-element elementor-element-5feb835 e-flex e-con-boxed parallax_section_no qode_elementor_container_no e-con e-child\" data-id=\"5feb835\" data-element_type=\"container\" data-e-type=\"container\">\n\t\t\t\t\t<div class=\"e-con-inner\">\n\t\t\t\t<div class=\"elementor-element elementor-element-d81775b elementor-widget elementor-widget-heading\" data-id=\"d81775b\" data-element_type=\"widget\" data-e-type=\"widget\" data-widget_type=\"heading.default\">\n\t\t\t\t<div class=\"elementor-widget-container\">\n\t\t\t\t\t<h2 class=\"elementor-heading-title elementor-size-default\">Benvitec <br><span class=\"green\">en <br>chiffres<\/span><\/h2>\t\t\t\t<\/div>\n\t\t\t\t<\/div>\n\t\t\t\t\t<\/div>\n\t\t\t\t<\/div>\n\t\t<div class=\"elementor-element elementor-element-3e31a41 e-flex e-con-boxed parallax_section_no qode_elementor_container_no e-con e-child\" data-id=\"3e31a41\" data-element_type=\"container\" data-e-type=\"container\">\n\t\t\t\t\t<div class=\"e-con-inner\">\n\t\t\t\t<div class=\"elementor-element elementor-element-a007bb7 elementor-widget elementor-widget-heading\" data-id=\"a007bb7\" data-element_type=\"widget\" data-e-type=\"widget\" data-widget_type=\"heading.default\">\n\t\t\t\t<div class=\"elementor-widget-container\">\n\t\t\t\t\t<h2 class=\"elementor-heading-title elementor-size-default\">1992<\/h2>\t\t\t\t<\/div>\n\t\t\t\t<\/div>\n\t\t\t\t<div class=\"elementor-element elementor-element-bec9f70 elementor-widget elementor-widget-text-editor\" data-id=\"bec9f70\" data-element_type=\"widget\" data-e-type=\"widget\" data-widget_type=\"text-editor.default\">\n\t\t\t\t<div class=\"elementor-widget-container\">\n\t\t\t\t\t\t\t\t\t<h3>Cr\u00e9ation<\/h3>\n<p>Issue d\u2019un riche pass\u00e9 minier, Benvitec rel\u00e8ve depuis chaque d\u00e9fi industriel avec ing\u00e9niosit\u00e9<\/p>\n\t\t\t\t\t\t\t\t<\/div>\n\t\t\t\t<\/div>\n\t\t\t\t<div class=\"elementor-element elementor-element-3b85442 elementor-widget elementor-widget-bridge_button\" data-id=\"3b85442\" data-element_type=\"widget\" data-e-type=\"widget\" data-widget_type=\"bridge_button.default\">\n\t\t\t\t<div class=\"elementor-widget-container\">\n\t\t\t\t\t<a  itemprop=\"url\" href=\"https:\/\/benvitec.be\/fr\/a-propos-de-benvitec\/histoire\/\" target=\"_self\" data-hover-background-color=\"#000000\" data-hover-color=\"#FFFFFF\" class=\"qbutton  large default\" style=\"color: #000000; border-color: #000000; \">Histoire<i class=\"qode_icon_font_awesome fa fa-angle-right qode_button_icon_element\" style=\"color: #000000\"><\/i><\/a>\t\t\t\t<\/div>\n\t\t\t\t<\/div>\n\t\t\t\t\t<\/div>\n\t\t\t\t<\/div>\n\t\t\t\t<\/div>\n\t\t<div class=\"elementor-element elementor-element-3417d7d e-con-full e-flex parallax_section_no qode_elementor_container_no e-con e-child\" data-id=\"3417d7d\" data-element_type=\"container\" data-e-type=\"container\">\n\t\t<div class=\"elementor-element elementor-element-6a922a1 e-flex e-con-boxed parallax_section_no qode_elementor_container_no e-con e-child\" data-id=\"6a922a1\" data-element_type=\"container\" data-e-type=\"container\">\n\t\t\t\t\t<div class=\"e-con-inner\">\n\t\t\t\t<div class=\"elementor-element elementor-element-d742e2e elementor-widget elementor-widget-heading\" data-id=\"d742e2e\" data-element_type=\"widget\" data-e-type=\"widget\" data-widget_type=\"heading.default\">\n\t\t\t\t<div class=\"elementor-widget-container\">\n\t\t\t\t\t<h2 class=\"elementor-heading-title elementor-size-default\">2<\/h2>\t\t\t\t<\/div>\n\t\t\t\t<\/div>\n\t\t\t\t<div class=\"elementor-element elementor-element-e6b6b6d elementor-widget elementor-widget-text-editor\" data-id=\"e6b6b6d\" data-element_type=\"widget\" data-e-type=\"widget\" data-widget_type=\"text-editor.default\">\n\t\t\t\t<div class=\"elementor-widget-container\">\n\t\t\t\t\t\t\t\t\t<h3>Sites<\/h3>\n<p>Nos experts travaillent depuis Beringen et Beveren.<\/p>\n\t\t\t\t\t\t\t\t<\/div>\n\t\t\t\t<\/div>\n\t\t\t\t\t<\/div>\n\t\t\t\t<\/div>\n\t\t<div class=\"elementor-element elementor-element-34fc660 e-flex e-con-boxed parallax_section_no qode_elementor_container_no e-con e-child\" data-id=\"34fc660\" data-element_type=\"container\" data-e-type=\"container\">\n\t\t\t\t\t<div class=\"e-con-inner\">\n\t\t\t\t<div class=\"elementor-element elementor-element-3e66655 elementor-widget elementor-widget-heading\" data-id=\"3e66655\" data-element_type=\"widget\" data-e-type=\"widget\" data-widget_type=\"heading.default\">\n\t\t\t\t<div class=\"elementor-widget-container\">\n\t\t\t\t\t<h2 class=\"elementor-heading-title elementor-size-default\">155<\/h2>\t\t\t\t<\/div>\n\t\t\t\t<\/div>\n\t\t\t\t<div class=\"elementor-element elementor-element-abec1b4 elementor-widget elementor-widget-text-editor\" data-id=\"abec1b4\" data-element_type=\"widget\" data-e-type=\"widget\" data-widget_type=\"text-editor.default\">\n\t\t\t\t<div class=\"elementor-widget-container\">\n\t\t\t\t\t\t\t\t\t<h3>collaborateurs<\/h3>\n<p>Une \u00e9quipe soud\u00e9e de sp\u00e9cialistes passionn\u00e9s, unis par la fiert\u00e9 et la camaraderie.<\/p>\n\t\t\t\t\t\t\t\t<\/div>\n\t\t\t\t<\/div>\n\t\t\t\t\t<\/div>\n\t\t\t\t<\/div>\n\t\t\t\t<\/div>\n\t\t\t\t<\/div>\n\t\t<div class=\"elementor-element elementor-element-617ccda e-con-full e-flex parallax_section_no qode_elementor_container_no e-con e-child\" data-id=\"617ccda\" data-element_type=\"container\" data-e-type=\"container\" data-settings=\"{&quot;background_background&quot;:&quot;classic&quot;}\">\n\t\t\t\t<div class=\"elementor-element elementor-element-4ca26e2 elementor-widget elementor-widget-image\" data-id=\"4ca26e2\" data-element_type=\"widget\" data-e-type=\"widget\" data-widget_type=\"image.default\">\n\t\t\t\t<div class=\"elementor-widget-container\">\n\t\t\t\t\t\t\t\t\t\t\t\t\t\t\t<img fetchpriority=\"high\" decoding=\"async\" width=\"1600\" height=\"1130\" src=\"https:\/\/benvitec.be\/wp-content\/uploads\/2024\/05\/benvitec_grafiek_omzet_2023.png.webp\" class=\"attachment-full size-full wp-image-7047\" alt=\"\" srcset=\"https:\/\/benvitec.be\/wp-content\/uploads\/2024\/05\/benvitec_grafiek_omzet_2023.png.webp 1600w, https:\/\/benvitec.be\/wp-content\/uploads\/2024\/05\/benvitec_grafiek_omzet_2023.png-300x212.webp 300w, https:\/\/benvitec.be\/wp-content\/uploads\/2024\/05\/benvitec_grafiek_omzet_2023.png-1024x723.webp 1024w, https:\/\/benvitec.be\/wp-content\/uploads\/2024\/05\/benvitec_grafiek_omzet_2023.png-768x542.webp 768w, https:\/\/benvitec.be\/wp-content\/uploads\/2024\/05\/benvitec_grafiek_omzet_2023.png-1536x1085.webp 1536w, https:\/\/benvitec.be\/wp-content\/uploads\/2024\/05\/benvitec_grafiek_omzet_2023.png-700x494.webp 700w\" sizes=\"(max-width: 1600px) 100vw, 1600px\">\t\t\t\t\t\t\t\t\t\t\t\t\t\t\t<\/div>\n\t\t\t\t<\/div>\n\t\t\t\t<\/div>\n\t\t\t\t\t<\/div>\n\t\t\t\t<\/div>\n\t\t<div class=\"elementor-element elementor-element-def505c e-con-full e-flex parallax_section_no qode_elementor_container_no e-con e-parent\" data-id=\"def505c\" data-element_type=\"container\" data-e-type=\"container\" data-settings=\"{&quot;background_background&quot;:&quot;classic&quot;}\">\n\t\t\t\t<div class=\"elementor-element elementor-element-6e9def0 elementor-widget elementor-widget-bridge_carousel\" data-id=\"6e9def0\" data-element_type=\"widget\" data-e-type=\"widget\" data-widget_type=\"bridge_carousel.default\">\n\t\t\t\t<div class=\"elementor-widget-container\">\n\t\t\t\t\t<div class='qode_carousels_holder clearfix'><div class='qode_carousels' data-number-of-visible-items='4'><ul class='slides'>Sorry, no posts matched your criteria.<\/ul><\/div><\/div>\t\t\t\t<\/div>\n\t\t\t\t<\/div>\n\t\t\t\t<\/div>\n\t\t<div class=\"elementor-element elementor-element-91fc45d e-flex e-con-boxed parallax_section_no qode_elementor_container_no e-con e-parent\" data-id=\"91fc45d\" data-element_type=\"container\" data-e-type=\"container\" data-settings=\"{&quot;background_background&quot;:&quot;classic&quot;}\">\n\t\t\t\t\t<div class=\"e-con-inner\">\n\t\t<div class=\"elementor-element elementor-element-5a6862c e-con-full e-flex parallax_section_no qode_elementor_container_no e-con e-child\" data-id=\"5a6862c\" data-element_type=\"container\" data-e-type=\"container\">\n\t\t\t\t<div class=\"elementor-element elementor-element-8832d68 elementor-widget elementor-widget-heading\" data-id=\"8832d68\" data-element_type=\"widget\" data-e-type=\"widget\" data-widget_type=\"heading.default\">\n\t\t\t\t<div class=\"elementor-widget-container\">\n\t\t\t\t\t<h2 class=\"elementor-heading-title elementor-size-default\"><span class=\"green\">Caf\u00e9<\/span> <br>De Bickel<\/h2>\t\t\t\t<\/div>\n\t\t\t\t<\/div>\n\t\t\t\t<div class=\"elementor-element elementor-element-b7568d9 elementor-widget elementor-widget-image\" data-id=\"b7568d9\" data-element_type=\"widget\" data-e-type=\"widget\" data-widget_type=\"image.default\">\n\t\t\t\t<div class=\"elementor-widget-container\">\n\t\t\t\t\t\t\t\t\t\t\t\t\t\t\t<img decoding=\"async\" width=\"300\" height=\"300\" src=\"https:\/\/benvitec.be\/wp-content\/uploads\/2024\/05\/logo_cafe_de_bickel.png-300x300.webp\" class=\"attachment-medium size-medium wp-image-7095\" alt=\"\" srcset=\"https:\/\/benvitec.be\/wp-content\/uploads\/2024\/05\/logo_cafe_de_bickel.png-300x300.webp 300w, https:\/\/benvitec.be\/wp-content\/uploads\/2024\/05\/logo_cafe_de_bickel.png-1024x1024.webp 1024w, https:\/\/benvitec.be\/wp-content\/uploads\/2024\/05\/logo_cafe_de_bickel.png-150x150.webp 150w, https:\/\/benvitec.be\/wp-content\/uploads\/2024\/05\/logo_cafe_de_bickel.png-768x768.webp 768w, https:\/\/benvitec.be\/wp-content\/uploads\/2024\/05\/logo_cafe_de_bickel.png-570x570.webp 570w, https:\/\/benvitec.be\/wp-content\/uploads\/2024\/05\/logo_cafe_de_bickel.png-500x500.webp 500w, https:\/\/benvitec.be\/wp-content\/uploads\/2024\/05\/logo_cafe_de_bickel.png-1000x1000.webp 1000w, https:\/\/benvitec.be\/wp-content\/uploads\/2024\/05\/logo_cafe_de_bickel.png-700x700.webp 700w, https:\/\/benvitec.be\/wp-content\/uploads\/2024\/05\/logo_cafe_de_bickel.png.webp 1200w\" sizes=\"(max-width: 300px) 100vw, 300px\">\t\t\t\t\t\t\t\t\t\t\t\t\t\t\t<\/div>\n\t\t\t\t<\/div>\n\t\t\t\t<\/div>\n\t\t<div class=\"elementor-element elementor-element-f673484 e-con-full e-flex parallax_section_no qode_elementor_container_no e-con e-child\" data-id=\"f673484\" data-element_type=\"container\" data-e-type=\"container\">\n\t\t\t\t<div class=\"elementor-element elementor-element-fb2afd0 elementor-widget elementor-widget-text-editor\" data-id=\"fb2afd0\" data-element_type=\"widget\" data-e-type=\"widget\" data-widget_type=\"text-editor.default\">\n\t\t\t\t<div class=\"elementor-widget-container\">\n\t\t\t\t\t\t\t\t\t<p>Un <em data-start=\"236\" data-end=\"244\">Bickel<\/em> ? C\u2019est le mot flamand typique pour une pioche utilis\u00e9e autrefois pour extraire le charbon des mines. Un clin d&rsquo;\u0153il \u00e0 nos origines, d\u00e9sormais enfouies sous terre, mais dont l&rsquo;esprit de camaraderie demeure.<\/p><p>Au &lsquo;Caf\u00e9 De Bickel&rsquo;, nos collaborateurs se retrouvent dans une ambiance conviviale, autour d\u2019un verre et d\u2019un encas.<\/p>\t\t\t\t\t\t\t\t<\/div>\n\t\t\t\t<\/div>\n\t\t\t\t<div class=\"elementor-element elementor-element-f738c37 elementor-hidden-desktop elementor-hidden-tablet_extra elementor-hidden-tablet elementor-hidden-mobile elementor-widget elementor-widget-bridge_button\" data-id=\"f738c37\" data-element_type=\"widget\" data-e-type=\"widget\" data-widget_type=\"bridge_button.default\">\n\t\t\t\t<div class=\"elementor-widget-container\">\n\t\t\t\t\t<a  itemprop=\"url\" href=\"https:\/\/benvitec.be\/werken-bij-benvitec\/\" target=\"_self\" data-hover-background-color=\"#000000\" data-hover-color=\"#FFFFFF\" class=\"qbutton  medium default\" style=\"color: #000000; border-color: #000000; \">D\u00e9couvrez tout sur le travail chez Benvitec<i class=\"qode_icon_font_awesome fa fa-angle-right qode_button_icon_element\" style=\"color: #000000\"><\/i><\/a>\t\t\t\t<\/div>\n\t\t\t\t<\/div>\n\t\t\t\t<\/div>\n\t\t\t\t\t<\/div>\n\t\t\t\t<\/div>\n\t\t\t\t<\/div>\n\t\t","protected":false},"excerpt":{"rendered":"<p>\u00c0 propos de Benvitec Benvitec, abr\u00e9viation de Belgian Environmental Technology, est n\u00e9e il y a trois d\u00e9cennies dans l\u2019industrie mini\u00e8re. Profond\u00e9ment ancr\u00e9s sous terre, nous avons travaill\u00e9 c\u00f4te \u00e0 c\u00f4te, guid\u00e9s par la loyaut\u00e9 et le sens des responsabilit\u00e9s. Du courage en toute humilit\u00e9, avec&#8230;<\/p>\n","protected":false},"author":1,"featured_media":0,"parent":0,"menu_order":50,"comment_status":"closed","ping_status":"closed","template":"full_width.php","meta":{"content-type":"","footnotes":""},"class_list":["post-7845","page","type-page","status-publish","hentry"],"_links":{"self":[{"href":"https:\/\/benvitec.be\/fr\/wp-json\/wp\/v2\/pages\/7845","targetHints":{"allow":["GET"]}}],"collection":[{"href":"https:\/\/benvitec.be\/fr\/wp-json\/wp\/v2\/pages"}],"about":[{"href":"https:\/\/benvitec.be\/fr\/wp-json\/wp\/v2\/types\/page"}],"author":[{"embeddable":true,"href":"https:\/\/benvitec.be\/fr\/wp-json\/wp\/v2\/users\/1"}],"replies":[{"embeddable":true,"href":"https:\/\/benvitec.be\/fr\/wp-json\/wp\/v2\/comments?post=7845"}],"version-history":[{"count":10,"href":"https:\/\/benvitec.be\/fr\/wp-json\/wp\/v2\/pages\/7845\/revisions"}],"predecessor-version":[{"id":8501,"href":"https:\/\/benvitec.be\/fr\/wp-json\/wp\/v2\/pages\/7845\/revisions\/8501"}],"wp:attachment":[{"href":"https:\/\/benvitec.be\/fr\/wp-json\/wp\/v2\/media?parent=7845"}],"curies":[{"name":"wp","href":"https:\/\/api.w.org\/{rel}","templated":true}]}}