{"id":7860,"date":"2024-05-27T13:32:38","date_gmt":"2024-05-27T11:32:38","guid":{"rendered":"https:\/\/benvitec.be\/a-propos-de-benvitec\/nos-valeurs\/"},"modified":"2025-08-28T10:53:53","modified_gmt":"2025-08-28T08:53:53","slug":"nos-valeurs","status":"publish","type":"page","link":"https:\/\/benvitec.be\/fr\/a-propos-de-benvitec\/nos-valeurs\/","title":{"rendered":"Nos valeurs"},"content":{"rendered":"\t\t<div data-elementor-type=\"wp-page\" data-elementor-id=\"7860\" class=\"elementor elementor-7860 elementor-3072\" data-elementor-post-type=\"page\">\n\t\t\t\t<div class=\"elementor-element elementor-element-4dc2092 e-flex e-con-boxed parallax_section_no qode_elementor_container_no e-con e-parent\" data-id=\"4dc2092\" data-element_type=\"container\" data-e-type=\"container\" data-settings=\"{&quot;background_background&quot;:&quot;classic&quot;}\">\n\t\t\t\t\t<div class=\"e-con-inner\">\n\t\t<div class=\"elementor-element elementor-element-ec30155 e-flex e-con-boxed parallax_section_no qode_elementor_container_no e-con e-child\" data-id=\"ec30155\" data-element_type=\"container\" data-e-type=\"container\" data-settings=\"{&quot;background_background&quot;:&quot;classic&quot;}\">\n\t\t\t\t\t<div class=\"e-con-inner\">\n\t\t<div class=\"elementor-element elementor-element-4c5991d e-flex e-con-boxed parallax_section_no qode_elementor_container_no e-con e-child\" data-id=\"4c5991d\" data-element_type=\"container\" data-e-type=\"container\" data-settings=\"{&quot;background_background&quot;:&quot;classic&quot;}\">\n\t\t\t\t\t<div class=\"e-con-inner\">\n\t\t\t\t<div class=\"elementor-element elementor-element-dfd1b2f elementor-widget elementor-widget-heading\" data-id=\"dfd1b2f\" data-element_type=\"widget\" data-e-type=\"widget\" data-widget_type=\"heading.default\">\n\t\t\t\t<div class=\"elementor-widget-container\">\n\t\t\t\t\t<h1 class=\"elementor-heading-title elementor-size-default\">Nos <span class=\"green\">valeurs<\/span><\/h1>\t\t\t\t<\/div>\n\t\t\t\t<\/div>\n\t\t\t\t<div class=\"elementor-element elementor-element-b516124 elementor-widget elementor-widget-text-editor\" data-id=\"b516124\" data-element_type=\"widget\" data-e-type=\"widget\" data-widget_type=\"text-editor.default\">\n\t\t\t\t<div class=\"elementor-widget-container\">\n\t\t\t\t\t\t\t\t\t<span class=\"white intro\">Nous croyons fermement que, dans notre qu\u00eate d\u2019un monde plus propre, d\u2019un meilleur \u00e9quilibre et d\u2019un plaisir de travail \u00e0 1000 volts, nous pouvons nous appuyer sur les valeurs familiales et traditionnelles profond\u00e9ment ancr\u00e9es dans notre ADN. <\/span>\t\t\t\t\t\t\t\t<\/div>\n\t\t\t\t<\/div>\n\t\t\t\t\t<\/div>\n\t\t\t\t<\/div>\n\t\t\t\t\t<\/div>\n\t\t\t\t<\/div>\n\t\t<div class=\"elementor-element elementor-element-4ca2364 e-con-full e-flex parallax_section_no qode_elementor_container_no e-con e-child\" data-id=\"4ca2364\" data-element_type=\"container\" data-e-type=\"container\" data-settings=\"{&quot;background_background&quot;:&quot;classic&quot;}\">\n\t\t\t\t<\/div>\n\t\t\t\t\t<\/div>\n\t\t\t\t<\/div>\n\t\t<div class=\"elementor-element elementor-element-575b491 e-flex e-con-boxed parallax_section_no qode_elementor_container_no e-con e-parent\" data-id=\"575b491\" data-element_type=\"container\" data-e-type=\"container\" data-settings=\"{&quot;background_background&quot;:&quot;classic&quot;}\">\n\t\t\t\t\t<div class=\"e-con-inner\">\n\t\t<div class=\"elementor-element elementor-element-792eda4 e-con-full e-flex parallax_section_no qode_elementor_container_no e-con e-child\" data-id=\"792eda4\" data-element_type=\"container\" data-e-type=\"container\" data-settings=\"{&quot;background_background&quot;:&quot;classic&quot;}\">\n\t\t\t\t<div class=\"elementor-element elementor-element-cf62db1 elementor-widget elementor-widget-heading\" data-id=\"cf62db1\" data-element_type=\"widget\" data-e-type=\"widget\" data-widget_type=\"heading.default\">\n\t\t\t\t<div class=\"elementor-widget-container\">\n\t\t\t\t\t<h2 class=\"elementor-heading-title elementor-size-default\">Camaraderie <\/h2>\t\t\t\t<\/div>\n\t\t\t\t<\/div>\n\t\t\t\t<div class=\"elementor-element elementor-element-3004521 elementor-widget elementor-widget-text-editor\" data-id=\"3004521\" data-element_type=\"widget\" data-e-type=\"widget\" data-widget_type=\"text-editor.default\">\n\t\t\t\t<div class=\"elementor-widget-container\">\n\t\t\t\t\t\t\t\t\t<p>Nous sommes des penseurs collectifs. Nous veillons les uns sur les autres, sur nos partenaires et sur notre plan\u00e8te. Ensemble, nous pers\u00e9v\u00e9rons et trouvons des solutions. Nous formons un seul collectif, avan\u00e7ons vers un objectif commun et assumons nos responsabilit\u00e9s ensemble.    <\/p>\t\t\t\t\t\t\t\t<\/div>\n\t\t\t\t<\/div>\n\t\t\t\t<\/div>\n\t\t<div class=\"elementor-element elementor-element-83ef8f2 e-con-full e-flex parallax_section_no qode_elementor_container_no e-con e-child\" data-id=\"83ef8f2\" data-element_type=\"container\" data-e-type=\"container\" data-settings=\"{&quot;background_background&quot;:&quot;classic&quot;}\">\n\t\t\t\t<div class=\"elementor-element elementor-element-31741a9 elementor-widget elementor-widget-heading\" data-id=\"31741a9\" data-element_type=\"widget\" data-e-type=\"widget\" data-widget_type=\"heading.default\">\n\t\t\t\t<div class=\"elementor-widget-container\">\n\t\t\t\t\t<h2 class=\"elementor-heading-title elementor-size-default\">Esprit d\u2019initiative <\/h2>\t\t\t\t<\/div>\n\t\t\t\t<\/div>\n\t\t\t\t<div class=\"elementor-element elementor-element-6a7eebb elementor-widget elementor-widget-text-editor\" data-id=\"6a7eebb\" data-element_type=\"widget\" data-e-type=\"widget\" data-widget_type=\"text-editor.default\">\n\t\t\t\t<div class=\"elementor-widget-container\">\n\t\t\t\t\t\t\t\t\t<p>Nous avons toujours une longueur d\u2019avance. La proactivit\u00e9 est dans notre nature. Nous pensons en termes de solutions, pas de probl\u00e8mes. Chaque jour, nous creusons plus profond\u00e9ment pour trouver les meilleures r\u00e9ponses. Nous saisissons les opportunit\u00e9s de croissance, apprenons de nos erreurs et d\u00e9veloppons en permanence de nouvelles id\u00e9es. Chez Benvitec, chacun a l\u2019espace pour entreprendre, encore faut-il savoir le saisir.     <\/p>\t\t\t\t\t\t\t\t<\/div>\n\t\t\t\t<\/div>\n\t\t\t\t<\/div>\n\t\t\t\t\t<\/div>\n\t\t\t\t<\/div>\n\t\t<div class=\"elementor-element elementor-element-b189e61 e-flex e-con-boxed parallax_section_no qode_elementor_container_no e-con e-parent\" data-id=\"b189e61\" data-element_type=\"container\" data-e-type=\"container\" data-settings=\"{&quot;background_background&quot;:&quot;classic&quot;}\">\n\t\t\t\t\t<div class=\"e-con-inner\">\n\t\t<div class=\"elementor-element elementor-element-6b08a92 e-con-full e-flex parallax_section_no qode_elementor_container_no e-con e-child\" data-id=\"6b08a92\" data-element_type=\"container\" data-e-type=\"container\" data-settings=\"{&quot;background_background&quot;:&quot;classic&quot;}\">\n\t\t\t\t<div class=\"elementor-element elementor-element-dc721e0 elementor-widget elementor-widget-heading\" data-id=\"dc721e0\" data-element_type=\"widget\" data-e-type=\"widget\" data-widget_type=\"heading.default\">\n\t\t\t\t<div class=\"elementor-widget-container\">\n\t\t\t\t\t<h2 class=\"elementor-heading-title elementor-size-default\">Sinc\u00e9rit\u00e9 <\/h2>\t\t\t\t<\/div>\n\t\t\t\t<\/div>\n\t\t\t\t<div class=\"elementor-element elementor-element-685d0bb elementor-widget elementor-widget-text-editor\" data-id=\"685d0bb\" data-element_type=\"widget\" data-e-type=\"widget\" data-widget_type=\"text-editor.default\">\n\t\t\t\t<div class=\"elementor-widget-container\">\n\t\t\t\t\t\t\t\t\t<p>L\u2019honn\u00eatet\u00e9 et la transparence sont au c\u0153ur de nos relations. Nous communiquons de mani\u00e8re directe et respectueuse, n\u2019h\u00e9sitons pas \u00e0 confronter les id\u00e9es et construisons un collectif solide. Nous croyons en une approche <strong data-start=\"1274\" data-end=\"1298\">gagnant-gagnant<\/strong> ou pas d\u2019accord. Chez nous, nous faisons ce que nous disons et disons ce que nous faisons. La clart\u00e9 est notre norme.    <\/p>\t\t\t\t\t\t\t\t<\/div>\n\t\t\t\t<\/div>\n\t\t\t\t<\/div>\n\t\t<div class=\"elementor-element elementor-element-aac61a3 e-con-full e-flex parallax_section_no qode_elementor_container_no e-con e-child\" data-id=\"aac61a3\" data-element_type=\"container\" data-e-type=\"container\" data-settings=\"{&quot;background_background&quot;:&quot;classic&quot;}\">\n\t\t\t\t<div class=\"elementor-element elementor-element-cddb781 elementor-widget elementor-widget-heading\" data-id=\"cddb781\" data-element_type=\"widget\" data-e-type=\"widget\" data-widget_type=\"heading.default\">\n\t\t\t\t<div class=\"elementor-widget-container\">\n\t\t\t\t\t<h2 class=\"elementor-heading-title elementor-size-default\">\u00c9nergie <\/h2>\t\t\t\t<\/div>\n\t\t\t\t<\/div>\n\t\t\t\t<div class=\"elementor-element elementor-element-44c9c44 elementor-widget elementor-widget-text-editor\" data-id=\"44c9c44\" data-element_type=\"widget\" data-e-type=\"widget\" data-widget_type=\"text-editor.default\">\n\t\t\t\t<div class=\"elementor-widget-container\">\n\t\t\t\t\t\t\t\t\t<p>Port\u00e9s par la passion et la technique, nous nous engageons chaque jour \u00e0 rendre le monde un peu meilleur. Notre \u00e9nergie est contagieuse : nous diffusons 1000 volts autour de nous, aupr\u00e8s de nos coll\u00e8gues, clients et partenaires. Nous relevons chaque d\u00e9fi, repoussons les limites et osons l\u2019impossible.  <\/p>\t\t\t\t\t\t\t\t<\/div>\n\t\t\t\t<\/div>\n\t\t\t\t<\/div>\n\t\t\t\t\t<\/div>\n\t\t\t\t<\/div>\n\t\t<div style=\"background-image: url(https:\/\/benvitec.be\/wp-content\/uploads\/2024\/06\/parallax-constructies.jpg);\" class=\"parallax_section_holder elementor-element elementor-element-8223347 parallax_section_holder elementor-hidden-tablet_extra elementor-hidden-tablet elementor-hidden-mobile e-flex e-con-boxed qode_elementor_container_no e-con e-parent\" data-speed=\"0\" data-id=\"8223347\" data-element_type=\"container\" data-e-type=\"container\" data-settings=\"{&quot;qode_parallax_image&quot;:{&quot;url&quot;:&quot;https:\\\/\\\/benvitec.be\\\/wp-content\\\/uploads\\\/2024\\\/06\\\/parallax-constructies.jpg&quot;,&quot;id&quot;:4337,&quot;size&quot;:&quot;&quot;,&quot;alt&quot;:&quot;&quot;,&quot;source&quot;:&quot;library&quot;}}\">\n\t\t\t\t\t<div class=\"e-con-inner\">\n\t\t\t\t\t<\/div>\n\t\t\t\t<\/div>\n\t\t<div class=\"elementor-element elementor-element-ebae363 elementor-hidden-desktop e-flex e-con-boxed parallax_section_no qode_elementor_container_no e-con e-parent\" data-id=\"ebae363\" data-element_type=\"container\" data-e-type=\"container\" data-settings=\"{&quot;background_background&quot;:&quot;classic&quot;}\">\n\t\t\t\t\t<div class=\"e-con-inner\">\n\t\t\t\t\t<\/div>\n\t\t\t\t<\/div>\n\t\t<div class=\"elementor-element elementor-element-91fc45d e-flex e-con-boxed parallax_section_no qode_elementor_container_no e-con e-parent\" data-id=\"91fc45d\" data-element_type=\"container\" data-e-type=\"container\" data-settings=\"{&quot;background_background&quot;:&quot;classic&quot;}\">\n\t\t\t\t\t<div class=\"e-con-inner\">\n\t\t<div class=\"elementor-element elementor-element-5a6862c e-con-full e-flex parallax_section_no qode_elementor_container_no e-con e-child\" data-id=\"5a6862c\" data-element_type=\"container\" data-e-type=\"container\">\n\t\t\t\t<div class=\"elementor-element elementor-element-8832d68 elementor-widget elementor-widget-heading\" data-id=\"8832d68\" data-element_type=\"widget\" data-e-type=\"widget\" data-widget_type=\"heading.default\">\n\t\t\t\t<div class=\"elementor-widget-container\">\n\t\t\t\t\t<h2 class=\"elementor-heading-title elementor-size-default\">Entrepreneuriat durable<\/h2>\t\t\t\t<\/div>\n\t\t\t\t<\/div>\n\t\t\t\t<\/div>\n\t\t<div class=\"elementor-element elementor-element-f673484 e-con-full e-flex parallax_section_no qode_elementor_container_no e-con e-child\" data-id=\"f673484\" data-element_type=\"container\" data-e-type=\"container\">\n\t\t\t\t<div class=\"elementor-element elementor-element-fb2afd0 elementor-widget elementor-widget-text-editor\" data-id=\"fb2afd0\" data-element_type=\"widget\" data-e-type=\"widget\" data-widget_type=\"text-editor.default\">\n\t\t\t\t<div class=\"elementor-widget-container\">\n\t\t\t\t\t\t\t\t\t<p>L\u2019entrepreneuriat durable n\u2019est pas une tendance pour nous, c\u2019est une n\u00e9cessit\u00e9. Nous croyons que la collaboration est la cl\u00e9 du succ\u00e8s \u00e0 long terme et que l\u2019innovation permet d\u2019am\u00e9liorer l\u2019avenir. <\/p><p>Nous cherchons en permanence des solutions qui r\u00e9pondent aux besoins de nos clients tout en contribuant \u00e0 un monde plus sain. Nous minimisons notre empreinte \u00e9cologique et nous nous engageons \u00e0 avoir un impact positif sur la soci\u00e9t\u00e9. <\/p><p>Nous sommes fiers de nos solutions innovantes qui contribuent \u00e0 la protection de l\u2019environnement :<\/p><ul><li>Syst\u00e8mes de traitement de l\u2019air industriel : r\u00e9duction des \u00e9missions nocives et am\u00e9lioration de la qualit\u00e9 de l\u2019air.<\/li><li>Solutions de protection incendie : pr\u00e9vention des catastrophes humaines, \u00e9cologiques et \u00e9conomiques.<\/li><\/ul>\t\t\t\t\t\t\t\t<\/div>\n\t\t\t\t<\/div>\n\t\t\t\t<\/div>\n\t\t\t\t\t<\/div>\n\t\t\t\t<\/div>\n\t\t<div class=\"elementor-element elementor-element-74be904 e-flex e-con-boxed parallax_section_no qode_elementor_container_no e-con e-parent\" data-id=\"74be904\" data-element_type=\"container\" data-e-type=\"container\" data-settings=\"{&quot;background_background&quot;:&quot;classic&quot;}\">\n\t\t\t\t\t<div class=\"e-con-inner\">\n\t\t<div class=\"elementor-element elementor-element-ddc7d71 e-con-full e-flex parallax_section_no qode_elementor_container_no e-con e-child\" data-id=\"ddc7d71\" data-element_type=\"container\" data-e-type=\"container\">\n\t\t\t\t<div class=\"elementor-element elementor-element-3d1ce64 elementor-widget elementor-widget-text-editor\" data-id=\"3d1ce64\" data-element_type=\"widget\" data-e-type=\"widget\" data-widget_type=\"text-editor.default\">\n\t\t\t\t<div class=\"elementor-widget-container\">\n\t\t\t\t\t\t\t\t\t<p class=\"white\">La qualit\u00e9 est primordiale. Nous proposons uniquement des produits et des solutions de haute qualit\u00e9, conformes aux normes les plus strictes en mati\u00e8re de s\u00e9curit\u00e9 et de qualit\u00e9. Chez Benvitec, la sant\u00e9 et la s\u00e9curit\u00e9 sont des priorit\u00e9s essentielles, int\u00e9gr\u00e9es \u00e0 notre culture d\u2019entreprise.  <\/p>\n<p class=\"white\">Nous respectons les normes de s\u00e9curit\u00e9 les plus strictes \u00e0 chaque \u00e9tape, de la production \u00e0 l\u2019installation. Cela passe par des contr\u00f4les de qualit\u00e9 rigoureux et des proc\u00e9dures de s\u00e9curit\u00e9 strictes. <\/p>\n\n<p class=\"white\">Formation et sensibilisation sont essentielles \u00e0 cette d\u00e9marche. Nous organisons r\u00e9guli\u00e8rement des formations en s\u00e9curit\u00e9 et encourageons une culture o\u00f9 la s\u00e9curit\u00e9 est au premier plan. <\/p>\t\t\t\t\t\t\t\t<\/div>\n\t\t\t\t<\/div>\n\t\t\t\t<\/div>\n\t\t<div class=\"elementor-element elementor-element-a96d3d6 e-con-full e-flex parallax_section_no qode_elementor_container_no e-con e-child\" data-id=\"a96d3d6\" data-element_type=\"container\" data-e-type=\"container\">\n\t\t\t\t<div class=\"elementor-element elementor-element-1c8dbdb elementor-widget elementor-widget-heading\" data-id=\"1c8dbdb\" data-element_type=\"widget\" data-e-type=\"widget\" data-widget_type=\"heading.default\">\n\t\t\t\t<div class=\"elementor-widget-container\">\n\t\t\t\t\t<h2 class=\"elementor-heading-title elementor-size-default\"><font color=\"#9abeaa\">Entrepreneuriat s\u00e9curis\u00e9<\/font><\/h2>\t\t\t\t<\/div>\n\t\t\t\t<\/div>\n\t\t\t\t<\/div>\n\t\t\t\t\t<\/div>\n\t\t\t\t<\/div>\n\t\t<div class=\"elementor-element elementor-element-a6a690c e-flex e-con-boxed parallax_section_no qode_elementor_container_no e-con e-parent\" data-id=\"a6a690c\" data-element_type=\"container\" data-e-type=\"container\" data-settings=\"{&quot;background_background&quot;:&quot;classic&quot;}\">\n\t\t\t\t\t<div class=\"e-con-inner\">\n\t\t<div class=\"elementor-element elementor-element-a735cfc e-con-full e-flex parallax_section_no qode_elementor_container_no e-con e-child\" data-id=\"a735cfc\" data-element_type=\"container\" data-e-type=\"container\">\n\t\t\t\t<div class=\"elementor-element elementor-element-ab40915 elementor-widget elementor-widget-heading\" data-id=\"ab40915\" data-element_type=\"widget\" data-e-type=\"widget\" data-widget_type=\"heading.default\">\n\t\t\t\t<div class=\"elementor-widget-container\">\n\t\t\t\t\t<h2 class=\"elementor-heading-title elementor-size-default\">Entreprise certifi\u00e9e<\/h2>\t\t\t\t<\/div>\n\t\t\t\t<\/div>\n\t\t\t\t<\/div>\n\t\t<div class=\"elementor-element elementor-element-4456389 e-con-full e-flex parallax_section_no qode_elementor_container_no e-con e-child\" data-id=\"4456389\" data-element_type=\"container\" data-e-type=\"container\">\n\t\t\t\t<div class=\"elementor-element elementor-element-eda3e00 elementor-widget elementor-widget-text-editor\" data-id=\"eda3e00\" data-element_type=\"widget\" data-e-type=\"widget\" data-widget_type=\"text-editor.default\">\n\t\t\t\t<div class=\"elementor-widget-container\">\n\t\t\t\t\t\t\t\t\t<p data-start=\"3097\" data-end=\"3259\">Nos normes strictes de s\u00e9curit\u00e9 et de qualit\u00e9 sont rendues possibles gr\u00e2ce \u00e0 notre \u00e9quipe hautement qualifi\u00e9e, professionnelle et certifi\u00e9e. Leur expertise est notre fiert\u00e9. <\/p><p data-start=\"3261\" data-end=\"3688\">Nous disposons des certifications suivantes :<\/p>\t\t\t\t\t\t\t\t<\/div>\n\t\t\t\t<\/div>\n\t\t\t\t<\/div>\n\t\t\t\t\t<\/div>\n\t\t\t\t<\/div>\n\t\t<div class=\"elementor-element elementor-element-ea18119 e-flex e-con-boxed parallax_section_no qode_elementor_container_no e-con e-parent\" data-id=\"ea18119\" data-element_type=\"container\" data-e-type=\"container\" data-settings=\"{&quot;background_background&quot;:&quot;classic&quot;}\">\n\t\t\t\t\t<div class=\"e-con-inner\">\n\t\t<div class=\"elementor-element elementor-element-77ad09c e-con-full e-flex parallax_section_no qode_elementor_container_no e-con e-child\" data-id=\"77ad09c\" data-element_type=\"container\" data-e-type=\"container\" data-settings=\"{&quot;background_background&quot;:&quot;classic&quot;}\">\n\t\t\t\t<div class=\"elementor-element elementor-element-7f269d0 elementor-widget elementor-widget-image\" data-id=\"7f269d0\" data-element_type=\"widget\" data-e-type=\"widget\" data-widget_type=\"image.default\">\n\t\t\t\t<div class=\"elementor-widget-container\">\n\t\t\t\t\t\t\t\t\t\t\t\t\t\t\t<img fetchpriority=\"high\" decoding=\"async\" width=\"1024\" height=\"317\" src=\"https:\/\/benvitec.be\/wp-content\/uploads\/2024\/05\/Scherm\u00adafbeelding-2024-05-28-om-10.36.42-1024x317.png\" class=\"attachment-large size-large wp-image-7101\" alt=\"\" srcset=\"https:\/\/benvitec.be\/wp-content\/uploads\/2024\/05\/Scherm\u00adafbeelding-2024-05-28-om-10.36.42-1024x317.png 1024w, https:\/\/benvitec.be\/wp-content\/uploads\/2024\/05\/Scherm\u00adafbeelding-2024-05-28-om-10.36.42-300x93.png 300w, https:\/\/benvitec.be\/wp-content\/uploads\/2024\/05\/Scherm\u00adafbeelding-2024-05-28-om-10.36.42-768x238.png 768w, https:\/\/benvitec.be\/wp-content\/uploads\/2024\/05\/Scherm\u00adafbeelding-2024-05-28-om-10.36.42-1536x476.png 1536w, https:\/\/benvitec.be\/wp-content\/uploads\/2024\/05\/Scherm\u00adafbeelding-2024-05-28-om-10.36.42-700x217.png 700w, https:\/\/benvitec.be\/wp-content\/uploads\/2024\/05\/Scherm\u00adafbeelding-2024-05-28-om-10.36.42.png 1968w\" sizes=\"(max-width: 1024px) 100vw, 1024px\">\t\t\t\t\t\t\t\t\t\t\t\t\t\t\t<\/div>\n\t\t\t\t<\/div>\n\t\t\t\t<div class=\"elementor-element elementor-element-7707695 elementor-widget elementor-widget-text-editor\" data-id=\"7707695\" data-element_type=\"widget\" data-e-type=\"widget\" data-widget_type=\"text-editor.default\">\n\t\t\t\t<div class=\"elementor-widget-container\">\n\t\t\t\t\t\t\t\t\t<p>Certification VCA<br><br> <\/p><p>Attribu\u00e9e par un organisme ind\u00e9pendant, elle garantit que nous respectons des <b>exigences strictes<\/b> en mati\u00e8re de s\u00e9curit\u00e9, de sant\u00e9 et d\u2019environnement.  <\/p>\t\t\t\t\t\t\t\t<\/div>\n\t\t\t\t<\/div>\n\t\t\t\t<\/div>\n\t\t<div class=\"elementor-element elementor-element-9598c41 e-con-full e-flex parallax_section_no qode_elementor_container_no e-con e-child\" data-id=\"9598c41\" data-element_type=\"container\" data-e-type=\"container\" data-settings=\"{&quot;background_background&quot;:&quot;classic&quot;}\">\n\t\t\t\t<div class=\"elementor-element elementor-element-9cd011d elementor-widget elementor-widget-image\" data-id=\"9cd011d\" data-element_type=\"widget\" data-e-type=\"widget\" data-widget_type=\"image.default\">\n\t\t\t\t<div class=\"elementor-widget-container\">\n\t\t\t\t\t\t\t\t\t\t\t\t\t\t\t<img decoding=\"async\" width=\"1024\" height=\"317\" src=\"https:\/\/benvitec.be\/wp-content\/uploads\/2024\/05\/Scherm\u00adafbeelding-2024-05-28-om-10.37.07-1024x317.png\" class=\"attachment-large size-large wp-image-7103\" alt=\"\" srcset=\"https:\/\/benvitec.be\/wp-content\/uploads\/2024\/05\/Scherm\u00adafbeelding-2024-05-28-om-10.37.07-1024x317.png 1024w, https:\/\/benvitec.be\/wp-content\/uploads\/2024\/05\/Scherm\u00adafbeelding-2024-05-28-om-10.37.07-300x93.png 300w, https:\/\/benvitec.be\/wp-content\/uploads\/2024\/05\/Scherm\u00adafbeelding-2024-05-28-om-10.37.07-768x238.png 768w, https:\/\/benvitec.be\/wp-content\/uploads\/2024\/05\/Scherm\u00adafbeelding-2024-05-28-om-10.37.07-1536x476.png 1536w, https:\/\/benvitec.be\/wp-content\/uploads\/2024\/05\/Scherm\u00adafbeelding-2024-05-28-om-10.37.07-700x217.png 700w, https:\/\/benvitec.be\/wp-content\/uploads\/2024\/05\/Scherm\u00adafbeelding-2024-05-28-om-10.37.07.png 1968w\" sizes=\"(max-width: 1024px) 100vw, 1024px\">\t\t\t\t\t\t\t\t\t\t\t\t\t\t\t<\/div>\n\t\t\t\t<\/div>\n\t\t\t\t<div class=\"elementor-element elementor-element-ee661ba elementor-widget elementor-widget-text-editor\" data-id=\"ee661ba\" data-element_type=\"widget\" data-e-type=\"widget\" data-widget_type=\"text-editor.default\">\n\t\t\t\t<div class=\"elementor-widget-container\">\n\t\t\t\t\t\t\t\t\t<p>ISO 9001<br>La norme internationale pour les syst\u00e8mes de gestion de la qualit\u00e9. Elle aide les organisations \u00e0 am\u00e9liorer leurs processus et \u00e0 d\u00e9passer les attentes des clients.  <\/p>\t\t\t\t\t\t\t\t<\/div>\n\t\t\t\t<\/div>\n\t\t\t\t<\/div>\n\t\t<div class=\"elementor-element elementor-element-913628e e-con-full e-flex parallax_section_no qode_elementor_container_no e-con e-child\" data-id=\"913628e\" data-element_type=\"container\" data-e-type=\"container\" data-settings=\"{&quot;background_background&quot;:&quot;classic&quot;}\">\n\t\t\t\t<div class=\"elementor-element elementor-element-0ac8c6d elementor-widget elementor-widget-image\" data-id=\"0ac8c6d\" data-element_type=\"widget\" data-e-type=\"widget\" data-widget_type=\"image.default\">\n\t\t\t\t<div class=\"elementor-widget-container\">\n\t\t\t\t\t\t\t\t\t\t\t\t\t\t\t<img decoding=\"async\" src=\"https:\/\/benvitec.be\/wp-content\/uploads\/elementor\/thumbs\/ecovadis-committed-rawxuexxucugy7u1de4g1jpq8qjp2homql82mj2kn4.png\" title=\"ecovadis committed\" alt=\"ecovadis committed\" loading=\"lazy\" \/>\t\t\t\t\t\t\t\t\t\t\t\t\t\t\t<\/div>\n\t\t\t\t<\/div>\n\t\t\t\t<div class=\"elementor-element elementor-element-5d5d992 elementor-widget elementor-widget-text-editor\" data-id=\"5d5d992\" data-element_type=\"widget\" data-e-type=\"widget\" data-widget_type=\"text-editor.default\">\n\t\t\t\t<div class=\"elementor-widget-container\">\n\t\t\t\t\t\t\t\t\t<p>Certification EcoVadis<br>EcoVadis est une organisation ind\u00e9pendante qui \u00e9value la performance des entreprises en mati\u00e8re de d\u00e9veloppement durable. <\/p><p> <\/p>\t\t\t\t\t\t\t\t<\/div>\n\t\t\t\t<\/div>\n\t\t\t\t<\/div>\n\t\t\t\t\t<\/div>\n\t\t\t\t<\/div>\n\t\t<div class=\"elementor-element elementor-element-8d7f873 e-flex e-con-boxed parallax_section_no qode_elementor_container_no e-con e-parent\" data-id=\"8d7f873\" data-element_type=\"container\" data-e-type=\"container\" data-settings=\"{&quot;background_background&quot;:&quot;classic&quot;}\">\n\t\t\t\t\t<div class=\"e-con-inner\">\n\t\t<div class=\"elementor-element elementor-element-a86c1dc e-con-full e-flex parallax_section_no qode_elementor_container_no e-con e-child\" data-id=\"a86c1dc\" data-element_type=\"container\" data-e-type=\"container\">\n\t\t\t\t<div class=\"elementor-element elementor-element-d786330 elementor-widget elementor-widget-heading\" data-id=\"d786330\" data-element_type=\"widget\" data-e-type=\"widget\" data-widget_type=\"heading.default\">\n\t\t\t\t<div class=\"elementor-widget-container\">\n\t\t\t\t\t<p class=\"elementor-heading-title elementor-size-default\"><a href=\"https:\/\/benvitec.be\/fr\/certificats\/\">T\u00e9l\u00e9charger les certificats<\/a><\/p>\t\t\t\t<\/div>\n\t\t\t\t<\/div>\n\t\t\t\t<\/div>\n\t\t<div class=\"elementor-element elementor-element-f571a21 e-con-full e-flex parallax_section_no qode_elementor_container_no e-con e-child\" data-id=\"f571a21\" data-element_type=\"container\" data-e-type=\"container\">\n\t\t\t\t<\/div>\n\t\t\t\t\t<\/div>\n\t\t\t\t<\/div>\n\t\t\t\t<\/div>\n\t\t","protected":false},"excerpt":{"rendered":"<p>Nos valeurs Nous croyons fermement que, dans notre qu\u00eate d\u2019un monde plus propre, d\u2019un meilleur \u00e9quilibre et d\u2019un plaisir de travail \u00e0 1000 volts, nous pouvons nous appuyer sur les valeurs familiales et traditionnelles profond\u00e9ment ancr\u00e9es dans notre ADN. Camaraderie Nous sommes des penseurs collectifs&#8230;.<\/p>\n","protected":false},"author":1,"featured_media":0,"parent":7845,"menu_order":50,"comment_status":"closed","ping_status":"closed","template":"full_width.php","meta":{"content-type":"","footnotes":""},"class_list":["post-7860","page","type-page","status-publish","hentry"],"_links":{"self":[{"href":"https:\/\/benvitec.be\/fr\/wp-json\/wp\/v2\/pages\/7860","targetHints":{"allow":["GET"]}}],"collection":[{"href":"https:\/\/benvitec.be\/fr\/wp-json\/wp\/v2\/pages"}],"about":[{"href":"https:\/\/benvitec.be\/fr\/wp-json\/wp\/v2\/types\/page"}],"author":[{"embeddable":true,"href":"https:\/\/benvitec.be\/fr\/wp-json\/wp\/v2\/users\/1"}],"replies":[{"embeddable":true,"href":"https:\/\/benvitec.be\/fr\/wp-json\/wp\/v2\/comments?post=7860"}],"version-history":[{"count":6,"href":"https:\/\/benvitec.be\/fr\/wp-json\/wp\/v2\/pages\/7860\/revisions"}],"predecessor-version":[{"id":9011,"href":"https:\/\/benvitec.be\/fr\/wp-json\/wp\/v2\/pages\/7860\/revisions\/9011"}],"up":[{"embeddable":true,"href":"https:\/\/benvitec.be\/fr\/wp-json\/wp\/v2\/pages\/7845"}],"wp:attachment":[{"href":"https:\/\/benvitec.be\/fr\/wp-json\/wp\/v2\/media?parent=7860"}],"curies":[{"name":"wp","href":"https:\/\/api.w.org\/{rel}","templated":true}]}}