{"id":8146,"date":"2024-05-24T07:56:52","date_gmt":"2024-05-24T05:56:52","guid":{"rendered":"https:\/\/benvitec.be\/plastiques\/usinage-des-plastiques\/plastiques-transparents\/"},"modified":"2025-04-23T15:57:09","modified_gmt":"2025-04-23T13:57:09","slug":"plastiques-transparents","status":"publish","type":"page","link":"https:\/\/benvitec.be\/fr\/plastiques\/usinage-des-plastiques\/plastiques-transparents\/","title":{"rendered":"Plastiques transparents"},"content":{"rendered":"\t\t<div data-elementor-type=\"wp-page\" data-elementor-id=\"8146\" class=\"elementor elementor-8146 elementor-2896\" data-elementor-post-type=\"page\">\n\t\t\t\t<div class=\"elementor-element elementor-element-77875110 e-flex e-con-boxed parallax_section_no qode_elementor_container_no e-con e-parent\" data-id=\"77875110\" data-element_type=\"container\" data-e-type=\"container\" data-settings=\"{&quot;background_background&quot;:&quot;classic&quot;}\">\n\t\t\t\t\t<div class=\"e-con-inner\">\n\t\t<div class=\"elementor-element elementor-element-50faab53 e-con-full e-flex parallax_section_no qode_elementor_container_no e-con e-child\" data-id=\"50faab53\" data-element_type=\"container\" data-e-type=\"container\" data-settings=\"{&quot;background_background&quot;:&quot;classic&quot;}\">\n\t\t<div class=\"elementor-element elementor-element-c673a67 e-flex e-con-boxed parallax_section_no qode_elementor_container_no e-con e-child\" data-id=\"c673a67\" data-element_type=\"container\" data-e-type=\"container\" data-settings=\"{&quot;background_background&quot;:&quot;classic&quot;}\">\n\t\t\t\t\t<div class=\"e-con-inner\">\n\t\t\t\t<div class=\"elementor-element elementor-element-7c627936 elementor-widget elementor-widget-heading\" data-id=\"7c627936\" data-element_type=\"widget\" data-e-type=\"widget\" data-widget_type=\"heading.default\">\n\t\t\t\t<div class=\"elementor-widget-container\">\n\t\t\t\t\t<h1 class=\"elementor-heading-title elementor-size-default\"><span class=\"green\">Plastiques<\/span> transparents<\/h1>\t\t\t\t<\/div>\n\t\t\t\t<\/div>\n\t\t\t\t<div class=\"elementor-element elementor-element-0f13c97 elementor-widget elementor-widget-text-editor\" data-id=\"0f13c97\" data-element_type=\"widget\" data-e-type=\"widget\" data-widget_type=\"text-editor.default\">\n\t\t\t\t<div class=\"elementor-widget-container\">\n\t\t\t\t\t\t\t\t\t<p class=\"\" data-start=\"212\" data-end=\"415\">Chez Benvitec, tous les plastiques ne sont pas color\u00e9s. Nous travaillons aussi r\u00e9guli\u00e8rement avec des plastiques transparents, comme le<strong data-start=\"324\" data-end=\"333\"> PET-G<\/strong> (Poly\u00e9thyl\u00e8ne T\u00e9r\u00e9phtalate Glycol), le <strong data-start=\"335\" data-end=\"341\">PC<\/strong> (polycarbonate) et le <strong data-start=\"361\" data-end=\"369\">PMMA<\/strong> (plus connu sous le nom de Plexiglas). <\/p><p class=\"\" data-start=\"417\" data-end=\"534\">Mais quelles sont les diff\u00e9rences entre ces mat\u00e9riaux translucides ? Et \u00e0 quoi servent-ils exactement ? <\/p>\t\t\t\t\t\t\t\t<\/div>\n\t\t\t\t<\/div>\n\t\t\t\t\t<\/div>\n\t\t\t\t<\/div>\n\t\t\t\t<\/div>\n\t\t<div class=\"elementor-element elementor-element-38abf024 e-con-full e-flex parallax_section_no qode_elementor_container_no e-con e-child\" data-id=\"38abf024\" data-element_type=\"container\" data-e-type=\"container\" data-settings=\"{&quot;background_background&quot;:&quot;classic&quot;}\">\n\t\t\t\t<\/div>\n\t\t\t\t\t<\/div>\n\t\t\t\t<\/div>\n\t\t<div class=\"elementor-element elementor-element-7ab4651 e-flex e-con-boxed parallax_section_no qode_elementor_container_no e-con e-parent\" data-id=\"7ab4651\" data-element_type=\"container\" data-e-type=\"container\">\n\t\t\t\t\t<div class=\"e-con-inner\">\n\t\t<div class=\"elementor-element elementor-element-89f7281 e-con-full e-flex parallax_section_no qode_elementor_container_no e-con e-child\" data-id=\"89f7281\" data-element_type=\"container\" data-e-type=\"container\">\n\t\t\t\t<div class=\"elementor-element elementor-element-98c1163 elementor-widget elementor-widget-heading\" data-id=\"98c1163\" data-element_type=\"widget\" data-e-type=\"widget\" data-widget_type=\"heading.default\">\n\t\t\t\t<div class=\"elementor-widget-container\">\n\t\t\t\t\t<h2 class=\"elementor-heading-title elementor-size-default\">pet-G<\/h2>\t\t\t\t<\/div>\n\t\t\t\t<\/div>\n\t\t\t\t<\/div>\n\t\t<div class=\"elementor-element elementor-element-66c21f3 e-con-full e-flex parallax_section_no qode_elementor_container_no e-con e-child\" data-id=\"66c21f3\" data-element_type=\"container\" data-e-type=\"container\">\n\t\t\t\t<div class=\"elementor-element elementor-element-bd1bede elementor-widget elementor-widget-text-editor\" data-id=\"bd1bede\" data-element_type=\"widget\" data-e-type=\"widget\" data-widget_type=\"text-editor.default\">\n\t\t\t\t<div class=\"elementor-widget-container\">\n\t\t\t\t\t\t\t\t\t<h3>Caract\u00e9ristiques principales<\/h3><ul><li>Bonne r\u00e9sistance chimique<\/li><li>Haute r\u00e9sistance et rigidit\u00e9<\/li><li>L\u00e9ger<\/li><li>Facile \u00e0 usiner<\/li><li>Existe en version alimentaire<\/li><li>Brandvertragend<\/li><\/ul><div>\u00a0<\/div><h3>Applications<\/h3><ul><li>Bouteilles et films<\/li><li>Emballages<\/li><li>Impression et s\u00e9rigraphie<\/li><li>Prototypage<\/li><li>Impression 3D<\/li><\/ul>\t\t\t\t\t\t\t\t<\/div>\n\t\t\t\t<\/div>\n\t\t\t\t<div class=\"elementor-element elementor-element-8cc8bd1 elementor-widget elementor-widget-text-editor\" data-id=\"8cc8bd1\" data-element_type=\"widget\" data-e-type=\"widget\" data-widget_type=\"text-editor.default\">\n\t\t\t\t<div class=\"elementor-widget-container\">\n\t\t\t\t\t\t\t\t\t<h3><span style=\"color: var( --e-global-color-primary ); letter-spacing: -0.2px; text-align: var(--text-align);\">R\u00e9sistance<\/span><\/h3>\n<p>Plus r\u00e9sistant que le PMMA, moins que le PC<\/p>\n<h3>Inconv\u00e9nients<\/h3>\n<ul>\n<li>Moins r\u00e9sistant \u00e0 la chaleur que le PC et le PMMA<\/li>\n<li>Moins r\u00e9sistant aux chocs que le PC<\/li>\n<li><span style=\"caret-color: #000000; font-family: -webkit-standard; font-size: medium;\">Sensible aux rayures<\/span><\/li>\n<\/ul><div><font face=\"-webkit-standard\" size=\"3\"><br><\/font><\/div>\n<div> <\/div>\n<div> <span style=\"color: var( --e-global-color-primary ); font-size: 24px; font-weight: bold; letter-spacing: -0.2px; text-transform: uppercase; text-align: var(--text-align);\">Recyclable<\/span><\/div>\n<p>Symbole 1<\/p>\t\t\t\t\t\t\t\t<\/div>\n\t\t\t\t<\/div>\n\t\t\t\t<\/div>\n\t\t\t\t\t<\/div>\n\t\t\t\t<\/div>\n\t\t<div class=\"elementor-element elementor-element-7a75859 e-flex e-con-boxed parallax_section_no qode_elementor_container_no e-con e-parent\" data-id=\"7a75859\" data-element_type=\"container\" data-e-type=\"container\" data-settings=\"{&quot;background_background&quot;:&quot;classic&quot;}\">\n\t\t\t\t\t<div class=\"e-con-inner\">\n\t\t<div class=\"elementor-element elementor-element-8b30c0d e-con-full e-flex parallax_section_no qode_elementor_container_no e-con e-child\" data-id=\"8b30c0d\" data-element_type=\"container\" data-e-type=\"container\">\n\t\t\t\t<div class=\"elementor-element elementor-element-06a537e elementor-widget elementor-widget-heading\" data-id=\"06a537e\" data-element_type=\"widget\" data-e-type=\"widget\" data-widget_type=\"heading.default\">\n\t\t\t\t<div class=\"elementor-widget-container\">\n\t\t\t\t\t<h2 class=\"elementor-heading-title elementor-size-default\">PC<\/h2>\t\t\t\t<\/div>\n\t\t\t\t<\/div>\n\t\t\t\t<\/div>\n\t\t<div class=\"elementor-element elementor-element-9516c03 e-con-full e-flex parallax_section_no qode_elementor_container_no e-con e-child\" data-id=\"9516c03\" data-element_type=\"container\" data-e-type=\"container\">\n\t\t\t\t<div class=\"elementor-element elementor-element-3c1b955 elementor-widget elementor-widget-text-editor\" data-id=\"3c1b955\" data-element_type=\"widget\" data-e-type=\"widget\" data-widget_type=\"text-editor.default\">\n\t\t\t\t<div class=\"elementor-widget-container\">\n\t\t\t\t\t\t\t\t\t<h3 class=\"white\">Caract\u00e9ristiques principales<\/h3><ul><li>R\u00e9sistance thermique \u00e9lev\u00e9e<\/li><li>Tr\u00e8s r\u00e9sistant et rigide<\/li><li>Excellente r\u00e9sistance aux chocs<\/li><li>Retardateur de flamme<\/li><li>Bonne usinabilit\u00e9<\/li><\/ul><div>\u00a0<\/div><h3 class=\"white\">Applications<\/h3><ul><li>Mat\u00e9riaux de construction<\/li><li>Automobile<\/li><li>Appareils \u00e9lectroniques<\/li><li>Appareils m\u00e9dicaux<\/li><li>\u00c9quipements de protection<\/li><li>Lentilles optiques<\/li><\/ul><div>\u00a0<\/div>\t\t\t\t\t\t\t\t<\/div>\n\t\t\t\t<\/div>\n\t\t\t\t<div class=\"elementor-element elementor-element-b5625c6 elementor-widget elementor-widget-text-editor\" data-id=\"b5625c6\" data-element_type=\"widget\" data-e-type=\"widget\" data-widget_type=\"text-editor.default\">\n\t\t\t\t<div class=\"elementor-widget-container\">\n\t\t\t\t\t\t\t\t\t<h3 class=\"white\">R\u00e9sistance<\/h3><p>Le plastique transparent le plus solide \u2013 jusqu\u2019\u00e0 250x plus r\u00e9sistant que le verre<\/p><h3 class=\"white\">Inconv\u00e9nients<\/h3><ul><li>Moins facile \u00e0 usiner que le PMMA<\/li><li>Sensible \u00e0 l\u2019hydrolyse<\/li><li>Moins r\u00e9sistant aux rayures que le PMMA<\/li><\/ul><div>\u00a0<\/div><h3 class=\"white\">Recyclable<\/h3><p>Symbole 7<\/p>\t\t\t\t\t\t\t\t<\/div>\n\t\t\t\t<\/div>\n\t\t\t\t<\/div>\n\t\t\t\t\t<\/div>\n\t\t\t\t<\/div>\n\t\t<div class=\"elementor-element elementor-element-edf192a e-flex e-con-boxed parallax_section_no qode_elementor_container_no e-con e-parent\" data-id=\"edf192a\" data-element_type=\"container\" data-e-type=\"container\" data-settings=\"{&quot;background_background&quot;:&quot;classic&quot;}\">\n\t\t\t\t\t<div class=\"e-con-inner\">\n\t\t<div class=\"elementor-element elementor-element-6f5b2d7 e-con-full e-flex parallax_section_no qode_elementor_container_no e-con e-child\" data-id=\"6f5b2d7\" data-element_type=\"container\" data-e-type=\"container\">\n\t\t\t\t<div class=\"elementor-element elementor-element-cb36fc9 elementor-widget elementor-widget-heading\" data-id=\"cb36fc9\" data-element_type=\"widget\" data-e-type=\"widget\" data-widget_type=\"heading.default\">\n\t\t\t\t<div class=\"elementor-widget-container\">\n\t\t\t\t\t<h2 class=\"elementor-heading-title elementor-size-default\">PMMA<\/h2>\t\t\t\t<\/div>\n\t\t\t\t<\/div>\n\t\t\t\t<\/div>\n\t\t<div class=\"elementor-element elementor-element-555cb1e e-con-full e-flex parallax_section_no qode_elementor_container_no e-con e-child\" data-id=\"555cb1e\" data-element_type=\"container\" data-e-type=\"container\">\n\t\t\t\t<div class=\"elementor-element elementor-element-8ecd302 elementor-widget elementor-widget-text-editor\" data-id=\"8ecd302\" data-element_type=\"widget\" data-e-type=\"widget\" data-widget_type=\"text-editor.default\">\n\t\t\t\t<div class=\"elementor-widget-container\">\n\t\t\t\t\t\t\t\t\t<h3>Caract\u00e9ristiques principales<\/h3><ul style=\"color: #ffffff;\"><li>Excellente usinabilit\u00e9<\/li><li>L\u00e9ger<\/li><li>Tr\u00e8s clair et brillant<\/li><li>Haute qualit\u00e9 optique<\/li><li>Bonne r\u00e9sistance aux UV<\/li><\/ul><div>\u00a0<\/div><h3>Applications<\/h3><ul style=\"color: #ffffff;\"><li>Vitrages et \u00e9crans<\/li><li>Caissons lumineux<\/li><li>Caches de machines<\/li><li>Capots et protections<\/li><\/ul>\t\t\t\t\t\t\t\t<\/div>\n\t\t\t\t<\/div>\n\t\t\t\t<div class=\"elementor-element elementor-element-ca21223 elementor-widget elementor-widget-text-editor\" data-id=\"ca21223\" data-element_type=\"widget\" data-e-type=\"widget\" data-widget_type=\"text-editor.default\">\n\t\t\t\t<div class=\"elementor-widget-container\">\n\t\t\t\t\t\t\t\t\t<h3 class=\"green\">R\u00e9sistance<\/h3><p class=\"white\">Jusqu\u2019\u00e0 30x plus r\u00e9sistant que le verre<\/p><h3 class=\"green\">Inconv\u00e9nients<\/h3><ul class=\"white\"><li>Moins r\u00e9sistant \u00e0 la chaleur que le PC<\/li><li>Tr\u00e8s inflammable<\/li><\/ul><div><span style=\"color: #ffffff;\">\u00a0<\/span><\/div><div>\u00a0<\/div><h3 class=\"green\">Recyclable<\/h3><p class=\"white\">Symbole 7<\/p>\t\t\t\t\t\t\t\t<\/div>\n\t\t\t\t<\/div>\n\t\t\t\t<\/div>\n\t\t\t\t\t<\/div>\n\t\t\t\t<\/div>\n\t\t<div class=\"elementor-element elementor-element-ba83ade e-con-full e-flex parallax_section_no qode_elementor_container_no e-con e-parent\" data-id=\"ba83ade\" data-element_type=\"container\" data-e-type=\"container\" data-settings=\"{&quot;background_background&quot;:&quot;classic&quot;}\">\n\t\t\t\t<div class=\"elementor-element elementor-element-e617878 elementor-widget elementor-widget-heading\" data-id=\"e617878\" data-element_type=\"widget\" data-e-type=\"widget\" data-widget_type=\"heading.default\">\n\t\t\t\t<div class=\"elementor-widget-container\">\n\t\t\t\t\t<h2 class=\"elementor-heading-title elementor-size-default\">R\u00e9alisations<\/h2>\t\t\t\t<\/div>\n\t\t\t\t<\/div>\n\t\t\t\t<div class=\"elementor-element elementor-element-e8a43d6 elementor-widget elementor-widget-image-carousel\" data-id=\"e8a43d6\" data-element_type=\"widget\" data-e-type=\"widget\" data-settings=\"{&quot;slides_to_show&quot;:&quot;4&quot;,&quot;navigation&quot;:&quot;none&quot;,&quot;autoplay&quot;:&quot;yes&quot;,&quot;pause_on_hover&quot;:&quot;yes&quot;,&quot;pause_on_interaction&quot;:&quot;yes&quot;,&quot;autoplay_speed&quot;:5000,&quot;infinite&quot;:&quot;yes&quot;,&quot;speed&quot;:500,&quot;image_spacing_custom&quot;:{&quot;unit&quot;:&quot;px&quot;,&quot;size&quot;:20,&quot;sizes&quot;:[]},&quot;image_spacing_custom_tablet_extra&quot;:{&quot;unit&quot;:&quot;px&quot;,&quot;size&quot;:&quot;&quot;,&quot;sizes&quot;:[]},&quot;image_spacing_custom_tablet&quot;:{&quot;unit&quot;:&quot;px&quot;,&quot;size&quot;:&quot;&quot;,&quot;sizes&quot;:[]},&quot;image_spacing_custom_mobile&quot;:{&quot;unit&quot;:&quot;px&quot;,&quot;size&quot;:&quot;&quot;,&quot;sizes&quot;:[]}}\" data-widget_type=\"image-carousel.default\">\n\t\t\t\t<div class=\"elementor-widget-container\">\n\t\t\t\t\t\t\t<div class=\"elementor-image-carousel-wrapper swiper\" role=\"region\" aria-roledescription=\"carousel\" aria-label=\"Afbeelding carrousel\" dir=\"ltr\">\n\t\t\t<div class=\"elementor-image-carousel swiper-wrapper\" aria-live=\"off\">\n\t\t\t\t\t\t\t\t<div class=\"swiper-slide\" role=\"group\" aria-roledescription=\"slide\" aria-label=\"1 sur 3\"><a data-elementor-open-lightbox=\"yes\" data-elementor-lightbox-slideshow=\"e8a43d6\" data-elementor-lightbox-title=\"plastiques\" data-elementor-lightbox-description=\"plastiques transparents\" data-e-action-hash=\"#elementor-action%3Aaction%3Dlightbox%26settings%3DeyJpZCI6NzI2MSwidXJsIjoiaHR0cHM6XC9cL2JlbnZpdGVjLmJlXC93cC1jb250ZW50XC91cGxvYWRzXC8yMDI0XC8wNlwva3Vuc3RzdG9mLTEuanBnIiwic2xpZGVzaG93IjoiZThhNDNkNiJ9\" href=\"https:\/\/benvitec.be\/wp-content\/uploads\/2024\/06\/kunststof-1.jpg\"><figure class=\"swiper-slide-inner\"><img decoding=\"async\" class=\"swiper-slide-image\" src=\"https:\/\/benvitec.be\/wp-content\/uploads\/2024\/06\/kunststof-1-570x570.jpg\" alt=\"plastiques transparents\" \/><\/figure><\/a><\/div><div class=\"swiper-slide\" role=\"group\" aria-roledescription=\"slide\" aria-label=\"2 sur 3\"><a data-elementor-open-lightbox=\"yes\" data-elementor-lightbox-slideshow=\"e8a43d6\" data-elementor-lightbox-title=\"plastiques\" data-e-action-hash=\"#elementor-action%3Aaction%3Dlightbox%26settings%3DeyJpZCI6NzI2NywidXJsIjoiaHR0cHM6XC9cL2JlbnZpdGVjLmJlXC93cC1jb250ZW50XC91cGxvYWRzXC8yMDI0XC8wNlwva3Vuc3RzdG9mLTQuanBnIiwic2xpZGVzaG93IjoiZThhNDNkNiJ9\" href=\"https:\/\/benvitec.be\/wp-content\/uploads\/2024\/06\/kunststof-4.jpg\"><figure class=\"swiper-slide-inner\"><img decoding=\"async\" class=\"swiper-slide-image\" src=\"https:\/\/benvitec.be\/wp-content\/uploads\/2024\/06\/kunststof-4-570x570.jpg\" alt=\"plastiques\" \/><\/figure><\/a><\/div><div class=\"swiper-slide\" role=\"group\" aria-roledescription=\"slide\" aria-label=\"3 sur 3\"><a data-elementor-open-lightbox=\"yes\" data-elementor-lightbox-slideshow=\"e8a43d6\" data-elementor-lightbox-title=\"plastiques\" data-elementor-lightbox-description=\"plastiques transparents\" data-e-action-hash=\"#elementor-action%3Aaction%3Dlightbox%26settings%3DeyJpZCI6NzI2MSwidXJsIjoiaHR0cHM6XC9cL2JlbnZpdGVjLmJlXC93cC1jb250ZW50XC91cGxvYWRzXC8yMDI0XC8wNlwva3Vuc3RzdG9mLTEuanBnIiwic2xpZGVzaG93IjoiZThhNDNkNiJ9\" href=\"https:\/\/benvitec.be\/wp-content\/uploads\/2024\/06\/kunststof-1.jpg\"><figure class=\"swiper-slide-inner\"><img decoding=\"async\" class=\"swiper-slide-image\" src=\"https:\/\/benvitec.be\/wp-content\/uploads\/2024\/06\/kunststof-1-570x570.jpg\" alt=\"plastiques transparents\" \/><\/figure><\/a><\/div>\t\t\t<\/div>\n\t\t\t\t\t\t\t\n\t\t\t\t\t\t\t\t\t<\/div>\n\t\t\t\t\t\t<\/div>\n\t\t\t\t<\/div>\n\t\t\t\t<\/div>\n\t\t<div class=\"elementor-element elementor-element-d6c94f0 e-flex e-con-boxed parallax_section_no qode_elementor_container_no e-con e-parent\" data-id=\"d6c94f0\" data-element_type=\"container\" data-e-type=\"container\" data-settings=\"{&quot;background_background&quot;:&quot;classic&quot;}\">\n\t\t\t\t\t<div class=\"e-con-inner\">\n\t\t<div class=\"elementor-element elementor-element-1aee93c2 e-con-full e-flex parallax_section_no qode_elementor_container_no e-con e-child\" data-id=\"1aee93c2\" data-element_type=\"container\" data-e-type=\"container\">\n\t\t\t\t<div class=\"elementor-element elementor-element-2ddaac3d elementor-widget elementor-widget-heading\" data-id=\"2ddaac3d\" data-element_type=\"widget\" data-e-type=\"widget\" data-widget_type=\"heading.default\">\n\t\t\t\t<div class=\"elementor-widget-container\">\n\t\t\t\t\t<h2 class=\"elementor-heading-title elementor-size-default\"><span class=\"green\">Vous souhaitez en savoir<\/span> <span class=\"white\">plus sur les plastiques transparents ?<\/span><\/h2>\t\t\t\t<\/div>\n\t\t\t\t<\/div>\n\t\t\t\t<div class=\"elementor-element elementor-element-1aeedf5d elementor-widget elementor-widget-text-editor\" data-id=\"1aeedf5d\" data-element_type=\"widget\" data-e-type=\"widget\" data-widget_type=\"text-editor.default\">\n\t\t\t\t<div class=\"elementor-widget-container\">\n\t\t\t\t\t\t\t\t\t<span class=\"white\">Nos experts vous conseillent volontiers sur le mat\u00e9riau le plus adapt\u00e9 \u00e0 votre projet.<\/span>\t\t\t\t\t\t\t\t<\/div>\n\t\t\t\t<\/div>\n\t\t\t\t<div class=\"elementor-element elementor-element-2eaeffb5 elementor-widget elementor-widget-bridge_button\" data-id=\"2eaeffb5\" data-element_type=\"widget\" data-e-type=\"widget\" data-widget_type=\"bridge_button.default\">\n\t\t\t\t<div class=\"elementor-widget-container\">\n\t\t\t\t\t<a  itemprop=\"url\" href=\"https:\/\/benvitec.be\/fr\/contactez-nous\/\" target=\"_self\"  class=\"qbutton  large default\" style=\"color: #FFFFFF; \">Contactez nos experts !<i class=\"qode_icon_font_awesome fa fa-angle-right qode_button_icon_element\"><\/i><\/a>\t\t\t\t<\/div>\n\t\t\t\t<\/div>\n\t\t\t\t<div class=\"elementor-element elementor-element-2ceef56a elementor-widget elementor-widget-heading\" data-id=\"2ceef56a\" data-element_type=\"widget\" data-e-type=\"widget\" data-widget_type=\"heading.default\">\n\t\t\t\t<div class=\"elementor-widget-container\">\n\t\t\t\t\t<p class=\"elementor-heading-title elementor-size-default\">Appelez-nous au +32 11 450 750\n<\/p>\t\t\t\t<\/div>\n\t\t\t\t<\/div>\n\t\t\t\t<\/div>\n\t\t<div class=\"elementor-element elementor-element-75a46f38 e-con-full elementor-hidden-mobile e-flex parallax_section_no qode_elementor_container_no e-con e-child\" data-id=\"75a46f38\" data-element_type=\"container\" data-e-type=\"container\" data-settings=\"{&quot;background_background&quot;:&quot;classic&quot;}\">\n\t\t\t\t<\/div>\n\t\t\t\t\t<\/div>\n\t\t\t\t<\/div>\n\t\t\t\t<\/div>\n\t\t","protected":false},"excerpt":{"rendered":"<p>Plastiques transparents Chez Benvitec, tous les plastiques ne sont pas color\u00e9s. Nous travaillons aussi r\u00e9guli\u00e8rement avec des plastiques transparents, comme le PET-G (Poly\u00e9thyl\u00e8ne T\u00e9r\u00e9phtalate Glycol), le PC (polycarbonate) et le PMMA (plus connu sous le nom de Plexiglas). Mais quelles sont les diff\u00e9rences entre ces&#8230;<\/p>\n","protected":false},"author":1,"featured_media":0,"parent":7824,"menu_order":10,"comment_status":"closed","ping_status":"closed","template":"full_width.php","meta":{"content-type":"","footnotes":""},"class_list":["post-8146","page","type-page","status-publish","hentry"],"_links":{"self":[{"href":"https:\/\/benvitec.be\/fr\/wp-json\/wp\/v2\/pages\/8146","targetHints":{"allow":["GET"]}}],"collection":[{"href":"https:\/\/benvitec.be\/fr\/wp-json\/wp\/v2\/pages"}],"about":[{"href":"https:\/\/benvitec.be\/fr\/wp-json\/wp\/v2\/types\/page"}],"author":[{"embeddable":true,"href":"https:\/\/benvitec.be\/fr\/wp-json\/wp\/v2\/users\/1"}],"replies":[{"embeddable":true,"href":"https:\/\/benvitec.be\/fr\/wp-json\/wp\/v2\/comments?post=8146"}],"version-history":[{"count":4,"href":"https:\/\/benvitec.be\/fr\/wp-json\/wp\/v2\/pages\/8146\/revisions"}],"predecessor-version":[{"id":8373,"href":"https:\/\/benvitec.be\/fr\/wp-json\/wp\/v2\/pages\/8146\/revisions\/8373"}],"up":[{"embeddable":true,"href":"https:\/\/benvitec.be\/fr\/wp-json\/wp\/v2\/pages\/7824"}],"wp:attachment":[{"href":"https:\/\/benvitec.be\/fr\/wp-json\/wp\/v2\/media?parent=8146"}],"curies":[{"name":"wp","href":"https:\/\/api.w.org\/{rel}","templated":true}]}}