{"id":8159,"date":"2024-05-24T09:17:54","date_gmt":"2024-05-24T07:17:54","guid":{"rendered":"https:\/\/benvitec.be\/plastiques\/usinage-des-plastiques\/la-salle-blanche-de-benvitec\/"},"modified":"2025-04-23T15:59:15","modified_gmt":"2025-04-23T13:59:15","slug":"la-salle-blanche-de-benvitec","status":"publish","type":"page","link":"https:\/\/benvitec.be\/fr\/plastiques\/usinage-des-plastiques\/la-salle-blanche-de-benvitec\/","title":{"rendered":"La salle blanche de Benvitec"},"content":{"rendered":"\t\t<div data-elementor-type=\"wp-page\" data-elementor-id=\"8159\" class=\"elementor elementor-8159 elementor-2918\" data-elementor-post-type=\"page\">\n\t\t\t\t<div class=\"elementor-element elementor-element-77875110 e-flex e-con-boxed parallax_section_no qode_elementor_container_no e-con e-parent\" data-id=\"77875110\" data-element_type=\"container\" data-e-type=\"container\" data-settings=\"{&quot;background_background&quot;:&quot;classic&quot;}\">\n\t\t\t\t\t<div class=\"e-con-inner\">\n\t\t<div class=\"elementor-element elementor-element-50faab53 e-flex e-con-boxed parallax_section_no qode_elementor_container_no e-con e-child\" data-id=\"50faab53\" data-element_type=\"container\" data-e-type=\"container\" data-settings=\"{&quot;background_background&quot;:&quot;classic&quot;}\">\n\t\t\t\t\t<div class=\"e-con-inner\">\n\t\t<div class=\"elementor-element elementor-element-c673a67 e-con-full e-flex parallax_section_no qode_elementor_container_no e-con e-child\" data-id=\"c673a67\" data-element_type=\"container\" data-e-type=\"container\" data-settings=\"{&quot;background_background&quot;:&quot;classic&quot;}\">\n\t\t\t\t<div class=\"elementor-element elementor-element-7c627936 elementor-widget elementor-widget-heading\" data-id=\"7c627936\" data-element_type=\"widget\" data-e-type=\"widget\" data-widget_type=\"heading.default\">\n\t\t\t\t<div class=\"elementor-widget-container\">\n\t\t\t\t\t<h1 class=\"elementor-heading-title elementor-size-default\"><span class=\"green\">La salle blanche<\/span> de Benvitec<\/h1>\t\t\t\t<\/div>\n\t\t\t\t<\/div>\n\t\t\t\t<div class=\"elementor-element elementor-element-2a5e1f9b elementor-widget elementor-widget-text-editor\" data-id=\"2a5e1f9b\" data-element_type=\"widget\" data-e-type=\"widget\" data-widget_type=\"text-editor.default\">\n\t\t\t\t<div class=\"elementor-widget-container\">\n\t\t\t\t\t\t\t\t\tUne salle blanche (ou cleanroom) est, comme son nom l\u2019indique, un espace ultra-propre. Il s\u2019agit d\u2019un environnement contr\u00f4l\u00e9 con\u00e7u pour minimiser la pr\u00e9sence de particules contaminantes dans l\u2019air. Ce type d\u2019installation est indispensable dans des secteurs tels que la pharmacie, les dispositifs m\u00e9dicaux, la micro\u00e9lectronique ou les nanotechnologies.  \t\t\t\t\t\t\t\t<\/div>\n\t\t\t\t<\/div>\n\t\t\t\t<\/div>\n\t\t\t\t\t<\/div>\n\t\t\t\t<\/div>\n\t\t\t\t\t<\/div>\n\t\t\t\t<\/div>\n\t\t<div class=\"elementor-element elementor-element-6ee8ab4 e-flex e-con-boxed parallax_section_no qode_elementor_container_no e-con e-parent\" data-id=\"6ee8ab4\" data-element_type=\"container\" data-e-type=\"container\" data-settings=\"{&quot;background_background&quot;:&quot;classic&quot;}\">\n\t\t\t\t\t<div class=\"e-con-inner\">\n\t\t<div class=\"elementor-element elementor-element-6c4aa4f e-con-full e-flex parallax_section_no qode_elementor_container_no e-con e-child\" data-id=\"6c4aa4f\" data-element_type=\"container\" data-e-type=\"container\">\n\t\t\t\t<div class=\"elementor-element elementor-element-84f61bd elementor-widget elementor-widget-text-editor\" data-id=\"84f61bd\" data-element_type=\"widget\" data-e-type=\"widget\" data-widget_type=\"text-editor.default\">\n\t\t\t\t<div class=\"elementor-widget-container\">\n\t\t\t\t\t\t\t\t\t<p>La salle blanche de Benvitec est am\u00e9nag\u00e9e de fa\u00e7on \u00e0 emp\u00eacher toute forme de contamination, que ce soit via l\u2019air ou les mat\u00e9riaux.<\/p><h2>Une propret\u00e9 stricte, jusque dans les moindres d\u00e9tails<\/h2><p>Ce principe s\u2019applique aussi \u00e0 nos collaborateurs. Ils travaillent toujours avec les \u00e9quipements de protection adapt\u00e9s : charlotte, gants, blouse\u2026 afin d\u2019assurer un environnement de travail st\u00e9rile.  <\/p><p>Ce n\u2019est pas un luxe : dans notre cleanroom, nous fabriquons notamment des pi\u00e8ces pour des bior\u00e9acteurs destin\u00e9s \u00e0 la production de vaccins ou de th\u00e9rapies cellulaires et g\u00e9niques. Vous comprenez donc pourquoi l\u2019hygi\u00e8ne est ici cruciale. <\/p><h2>Une salle de pointe pour des secteurs de pointe<\/h2><p>Notre salle blanche de 140 m\u00b2 est certifi\u00e9e ISO classe 7 et \u00e9quip\u00e9e d\u2019un syst\u00e8me de filtration de l\u2019air qui renouvelle l\u2019air jusqu\u2019\u00e0 120 fois par heure. L\u2019espace est enti\u00e8rement climatis\u00e9, ce qui permet de travailler dans des conditions thermiques constantes. <\/p><p>Nous y nettoyons, assemblons, soudons et emballons des composants plastiques destin\u00e9s principalement au secteur m\u00e9dical et \u00e0 la biotechnologie, mais aussi aux sciences de la vie en g\u00e9n\u00e9ral.<\/p><h2>De l\u2019atelier \u00e0 la salle blanche<\/h2><p>Apr\u00e8s r\u00e9ception des sp\u00e9cifications techniques, les premi\u00e8res op\u00e9rations sont r\u00e9alis\u00e9es dans notre atelier. Ensuite, les pi\u00e8ces sont transf\u00e9r\u00e9es en salle blanche pour une finition st\u00e9rile, un nettoyage en profondeur et un double emballage.  <\/p>\t\t\t\t\t\t\t\t<\/div>\n\t\t\t\t<\/div>\n\t\t\t\t<\/div>\n\t\t\t\t\t<\/div>\n\t\t\t\t<\/div>\n\t\t<div style=\"background-image: url(https:\/\/benvitec.be\/wp-content\/uploads\/2024\/05\/parallax-cleanroom.jpg);\" class=\"parallax_section_holder elementor-element elementor-element-cfc0815 parallax_section_holder elementor-hidden-tablet_extra elementor-hidden-tablet elementor-hidden-mobile e-flex e-con-boxed qode_elementor_container_no e-con e-parent\" data-speed=\"0\" data-id=\"cfc0815\" data-element_type=\"container\" data-e-type=\"container\" data-settings=\"{&quot;qode_parallax_image&quot;:{&quot;url&quot;:&quot;https:\\\/\\\/benvitec.be\\\/wp-content\\\/uploads\\\/2024\\\/05\\\/parallax-cleanroom.jpg&quot;,&quot;id&quot;:2930,&quot;size&quot;:&quot;&quot;,&quot;alt&quot;:&quot;&quot;,&quot;source&quot;:&quot;library&quot;}}\">\n\t\t\t\t\t<div class=\"e-con-inner\">\n\t\t\t\t\t<\/div>\n\t\t\t\t<\/div>\n\t\t<div class=\"elementor-element elementor-element-d284ca4 elementor-hidden-desktop e-flex e-con-boxed parallax_section_no qode_elementor_container_no e-con e-parent\" data-id=\"d284ca4\" data-element_type=\"container\" data-e-type=\"container\" data-settings=\"{&quot;background_background&quot;:&quot;classic&quot;}\">\n\t\t\t\t\t<div class=\"e-con-inner\">\n\t\t\t\t\t<\/div>\n\t\t\t\t<\/div>\n\t\t<div class=\"elementor-element elementor-element-41c17630 e-flex e-con-boxed parallax_section_no qode_elementor_container_no e-con e-parent\" data-id=\"41c17630\" data-element_type=\"container\" data-e-type=\"container\" data-settings=\"{&quot;background_background&quot;:&quot;classic&quot;}\">\n\t\t\t\t\t<div class=\"e-con-inner\">\n\t\t<div class=\"elementor-element elementor-element-4987259d e-con-full e-flex parallax_section_no qode_elementor_container_no e-con e-child\" data-id=\"4987259d\" data-element_type=\"container\" data-e-type=\"container\">\n\t\t\t\t<div class=\"elementor-element elementor-element-2a75f4ad elementor-widget elementor-widget-heading\" data-id=\"2a75f4ad\" data-element_type=\"widget\" data-e-type=\"widget\" data-widget_type=\"heading.default\">\n\t\t\t\t<div class=\"elementor-widget-container\">\n\t\t\t\t\t<h2 class=\"elementor-heading-title elementor-size-default\"><span class=\"green\">Envie de savoir ce que notre salle blanche<\/span> <span class=\"white\">peut apporter \u00e0 votre projet ?<\/span><\/h2>\t\t\t\t<\/div>\n\t\t\t\t<\/div>\n\t\t\t\t<div class=\"elementor-element elementor-element-58bef1a2 elementor-widget elementor-widget-bridge_button\" data-id=\"58bef1a2\" data-element_type=\"widget\" data-e-type=\"widget\" data-widget_type=\"bridge_button.default\">\n\t\t\t\t<div class=\"elementor-widget-container\">\n\t\t\t\t\t<a  itemprop=\"url\" href=\"https:\/\/benvitec.be\/fr\/contactez-nous\/\" target=\"_self\"  class=\"qbutton  large default\" style=\"color: #FFFFFF; \">Contactez-nous<i class=\"qode_icon_font_awesome fa fa-angle-right qode_button_icon_element\"><\/i><\/a>\t\t\t\t<\/div>\n\t\t\t\t<\/div>\n\t\t\t\t<div class=\"elementor-element elementor-element-4f0de1e elementor-widget elementor-widget-heading\" data-id=\"4f0de1e\" data-element_type=\"widget\" data-e-type=\"widget\" data-widget_type=\"heading.default\">\n\t\t\t\t<div class=\"elementor-widget-container\">\n\t\t\t\t\t<p class=\"elementor-heading-title elementor-size-default\">Appelez-nous au +32 11 450 750\n<\/p>\t\t\t\t<\/div>\n\t\t\t\t<\/div>\n\t\t\t\t<\/div>\n\t\t<div class=\"elementor-element elementor-element-2dc36e3f e-con-full e-flex parallax_section_no qode_elementor_container_no e-con e-child\" data-id=\"2dc36e3f\" data-element_type=\"container\" data-e-type=\"container\" data-settings=\"{&quot;background_background&quot;:&quot;classic&quot;}\">\n\t\t\t\t<\/div>\n\t\t\t\t\t<\/div>\n\t\t\t\t<\/div>\n\t\t\t\t<\/div>\n\t\t","protected":false},"excerpt":{"rendered":"<p>La salle blanche de Benvitec Une salle blanche (ou cleanroom) est, comme son nom l\u2019indique, un espace ultra-propre. Il s\u2019agit d\u2019un environnement contr\u00f4l\u00e9 con\u00e7u pour minimiser la pr\u00e9sence de particules contaminantes dans l\u2019air. Ce type d\u2019installation est indispensable dans des secteurs tels que la pharmacie,&#8230;<\/p>\n","protected":false},"author":1,"featured_media":7039,"parent":7824,"menu_order":100,"comment_status":"closed","ping_status":"closed","template":"full_width.php","meta":{"content-type":"","footnotes":""},"class_list":["post-8159","page","type-page","status-publish","has-post-thumbnail","hentry"],"_links":{"self":[{"href":"https:\/\/benvitec.be\/fr\/wp-json\/wp\/v2\/pages\/8159","targetHints":{"allow":["GET"]}}],"collection":[{"href":"https:\/\/benvitec.be\/fr\/wp-json\/wp\/v2\/pages"}],"about":[{"href":"https:\/\/benvitec.be\/fr\/wp-json\/wp\/v2\/types\/page"}],"author":[{"embeddable":true,"href":"https:\/\/benvitec.be\/fr\/wp-json\/wp\/v2\/users\/1"}],"replies":[{"embeddable":true,"href":"https:\/\/benvitec.be\/fr\/wp-json\/wp\/v2\/comments?post=8159"}],"version-history":[{"count":4,"href":"https:\/\/benvitec.be\/fr\/wp-json\/wp\/v2\/pages\/8159\/revisions"}],"predecessor-version":[{"id":8376,"href":"https:\/\/benvitec.be\/fr\/wp-json\/wp\/v2\/pages\/8159\/revisions\/8376"}],"up":[{"embeddable":true,"href":"https:\/\/benvitec.be\/fr\/wp-json\/wp\/v2\/pages\/7824"}],"wp:featuredmedia":[{"embeddable":true,"href":"https:\/\/benvitec.be\/fr\/wp-json\/wp\/v2\/media\/7039"}],"wp:attachment":[{"href":"https:\/\/benvitec.be\/fr\/wp-json\/wp\/v2\/media?parent=8159"}],"curies":[{"name":"wp","href":"https:\/\/api.w.org\/{rel}","templated":true}]}}