{"id":8167,"date":"2024-05-24T09:41:58","date_gmt":"2024-05-24T07:41:58","guid":{"rendered":"https:\/\/benvitec.be\/plastiques\/usinage-des-plastiques\/notre-approche-des-plastiques\/"},"modified":"2025-04-23T16:01:04","modified_gmt":"2025-04-23T14:01:04","slug":"notre-approche-des-plastiques","status":"publish","type":"page","link":"https:\/\/benvitec.be\/fr\/plastiques\/usinage-des-plastiques\/notre-approche-des-plastiques\/","title":{"rendered":"Notre approche des plastiques"},"content":{"rendered":"\t\t<div data-elementor-type=\"wp-page\" data-elementor-id=\"8167\" class=\"elementor elementor-8167 elementor-2941\" data-elementor-post-type=\"page\">\n\t\t\t\t<div class=\"elementor-element elementor-element-77875110 e-flex e-con-boxed parallax_section_no qode_elementor_container_no e-con e-parent\" data-id=\"77875110\" data-element_type=\"container\" data-e-type=\"container\" data-settings=\"{&quot;background_background&quot;:&quot;classic&quot;}\">\n\t\t\t\t\t<div class=\"e-con-inner\">\n\t\t<div class=\"elementor-element elementor-element-50faab53 e-flex e-con-boxed parallax_section_no qode_elementor_container_no e-con e-child\" data-id=\"50faab53\" data-element_type=\"container\" data-e-type=\"container\" data-settings=\"{&quot;background_background&quot;:&quot;classic&quot;}\">\n\t\t\t\t\t<div class=\"e-con-inner\">\n\t\t<div class=\"elementor-element elementor-element-c673a67 e-con-full e-flex parallax_section_no qode_elementor_container_no e-con e-child\" data-id=\"c673a67\" data-element_type=\"container\" data-e-type=\"container\" data-settings=\"{&quot;background_background&quot;:&quot;classic&quot;}\">\n\t\t\t\t<div class=\"elementor-element elementor-element-7c627936 elementor-widget elementor-widget-heading\" data-id=\"7c627936\" data-element_type=\"widget\" data-e-type=\"widget\" data-widget_type=\"heading.default\">\n\t\t\t\t<div class=\"elementor-widget-container\">\n\t\t\t\t\t<h1 class=\"elementor-heading-title elementor-size-default\">Notre Approche<\/h1>\t\t\t\t<\/div>\n\t\t\t\t<\/div>\n\t\t\t\t<div class=\"elementor-element elementor-element-2a5e1f9b elementor-widget elementor-widget-text-editor\" data-id=\"2a5e1f9b\" data-element_type=\"widget\" data-e-type=\"widget\" data-widget_type=\"text-editor.default\">\n\t\t\t\t<div class=\"elementor-widget-container\">\n\t\t\t\t\t\t\t\t\t<p class=\"intro white\">L\u2019usinage des plastiques est un v\u00e9ritable m\u00e9tier. Il requiert un savoir-faire pointu, une longue exp\u00e9rience et une connaissance approfondie des mat\u00e9riaux. Contrairement au travail du m\u00e9tal, les plastiques r\u00e9agissent diff\u00e9remment aux variations de temp\u00e9rature et d\u2019humidit\u00e9.   <\/p>\nNos experts ma\u00eetrisent ces param\u00e8tres \u00e0 la perfection. Gr\u00e2ce \u00e0 leur pr\u00e9cision et leur souci du d\u00e9tail, nous garantissons une finition irr\u00e9prochable et un ajustement au millim\u00e8tre, m\u00eame pour les formes les plus complexes.  \n<p class=\"intro white\">Ce que vous pouvez attendre de nous<\/p>\t\t\t\t\t\t\t\t<\/div>\n\t\t\t\t<\/div>\n\t\t\t\t<\/div>\n\t\t\t\t\t<\/div>\n\t\t\t\t<\/div>\n\t\t\t\t\t<\/div>\n\t\t\t\t<\/div>\n\t\t<div class=\"elementor-element elementor-element-6ee8ab4 e-flex e-con-boxed parallax_section_no qode_elementor_container_no e-con e-parent\" data-id=\"6ee8ab4\" data-element_type=\"container\" data-e-type=\"container\" data-settings=\"{&quot;background_background&quot;:&quot;classic&quot;}\">\n\t\t\t\t\t<div class=\"e-con-inner\">\n\t\t<div class=\"elementor-element elementor-element-6c4aa4f e-con-full e-flex parallax_section_no qode_elementor_container_no e-con e-child\" data-id=\"6c4aa4f\" data-element_type=\"container\" data-e-type=\"container\">\n\t\t\t\t<div class=\"elementor-element elementor-element-1d51f01 elementor-widget elementor-widget-image\" data-id=\"1d51f01\" data-element_type=\"widget\" data-e-type=\"widget\" data-widget_type=\"image.default\">\n\t\t\t\t<div class=\"elementor-widget-container\">\n\t\t\t\t\t\t\t\t\t\t\t\t\t\t\t<img decoding=\"async\" src=\"https:\/\/benvitec.be\/wp-content\/uploads\/elementor\/thumbs\/1-qq6aa7mrqlhy3kqs374uwgmtrrmezavny3hk0zss1s.png\" title=\"1\" alt=\"1\" loading=\"lazy\" \/>\t\t\t\t\t\t\t\t\t\t\t\t\t\t\t<\/div>\n\t\t\t\t<\/div>\n\t\t\t\t<\/div>\n\t\t<div class=\"elementor-element elementor-element-674ffd7 e-con-full e-flex parallax_section_no qode_elementor_container_no e-con e-child\" data-id=\"674ffd7\" data-element_type=\"container\" data-e-type=\"container\">\n\t\t\t\t<div class=\"elementor-element elementor-element-85bc544 elementor-widget elementor-widget-heading\" data-id=\"85bc544\" data-element_type=\"widget\" data-e-type=\"widget\" data-widget_type=\"heading.default\">\n\t\t\t\t<div class=\"elementor-widget-container\">\n\t\t\t\t\t<h2 class=\"elementor-heading-title elementor-size-default\">Des solutions sur mesure<\/h2>\t\t\t\t<\/div>\n\t\t\t\t<\/div>\n\t\t\t\t<div class=\"elementor-element elementor-element-c2409c9 elementor-widget elementor-widget-heading\" data-id=\"c2409c9\" data-element_type=\"widget\" data-e-type=\"widget\" data-widget_type=\"heading.default\">\n\t\t\t\t<div class=\"elementor-widget-container\">\n\t\t\t\t\t<p class=\"elementor-heading-title elementor-size-default\">adapt\u00e9es \u00e0 votre application<\/p>\t\t\t\t<\/div>\n\t\t\t\t<\/div>\n\t\t\t\t<\/div>\n\t\t\t\t\t<\/div>\n\t\t\t\t<\/div>\n\t\t<div class=\"elementor-element elementor-element-dd6968c e-flex e-con-boxed parallax_section_no qode_elementor_container_no e-con e-parent\" data-id=\"dd6968c\" data-element_type=\"container\" data-e-type=\"container\" data-settings=\"{&quot;background_background&quot;:&quot;classic&quot;}\">\n\t\t\t\t\t<div class=\"e-con-inner\">\n\t\t<div class=\"elementor-element elementor-element-0334624 e-con-full e-flex parallax_section_no qode_elementor_container_no e-con e-child\" data-id=\"0334624\" data-element_type=\"container\" data-e-type=\"container\">\n\t\t\t\t<div class=\"elementor-element elementor-element-4a4d132 elementor-widget elementor-widget-image\" data-id=\"4a4d132\" data-element_type=\"widget\" data-e-type=\"widget\" data-widget_type=\"image.default\">\n\t\t\t\t<div class=\"elementor-widget-container\">\n\t\t\t\t\t\t\t\t\t\t\t\t\t\t\t<img decoding=\"async\" src=\"https:\/\/benvitec.be\/wp-content\/uploads\/elementor\/thumbs\/2-qq6aa8klxfj8f6pexpjhgyead5hs6zzea851i9rdvk.png\" title=\"2\" alt=\"2\" loading=\"lazy\" \/>\t\t\t\t\t\t\t\t\t\t\t\t\t\t\t<\/div>\n\t\t\t\t<\/div>\n\t\t\t\t<\/div>\n\t\t<div class=\"elementor-element elementor-element-be8917e e-con-full e-flex parallax_section_no qode_elementor_container_no e-con e-child\" data-id=\"be8917e\" data-element_type=\"container\" data-e-type=\"container\">\n\t\t\t\t<div class=\"elementor-element elementor-element-d1ae8a4 elementor-widget elementor-widget-heading\" data-id=\"d1ae8a4\" data-element_type=\"widget\" data-e-type=\"widget\" data-widget_type=\"heading.default\">\n\t\t\t\t<div class=\"elementor-widget-container\">\n\t\t\t\t\t<h2 class=\"elementor-heading-title elementor-size-default\">Des techniciens exp\u00e9riment\u00e9s\n<\/h2>\t\t\t\t<\/div>\n\t\t\t\t<\/div>\n\t\t\t\t<div class=\"elementor-element elementor-element-2a160c7 elementor-widget elementor-widget-heading\" data-id=\"2a160c7\" data-element_type=\"widget\" data-e-type=\"widget\" data-widget_type=\"heading.default\">\n\t\t\t\t<div class=\"elementor-widget-container\">\n\t\t\t\t\t<p class=\"elementor-heading-title elementor-size-default\">sp\u00e9cialis\u00e9s en usinage plastique<\/p>\t\t\t\t<\/div>\n\t\t\t\t<\/div>\n\t\t\t\t<\/div>\n\t\t\t\t\t<\/div>\n\t\t\t\t<\/div>\n\t\t<div class=\"elementor-element elementor-element-33b722f e-flex e-con-boxed parallax_section_no qode_elementor_container_no e-con e-parent\" data-id=\"33b722f\" data-element_type=\"container\" data-e-type=\"container\" data-settings=\"{&quot;background_background&quot;:&quot;classic&quot;,&quot;animation&quot;:&quot;none&quot;}\">\n\t\t\t\t\t<div class=\"e-con-inner\">\n\t\t<div class=\"elementor-element elementor-element-a272226 e-con-full e-flex parallax_section_no qode_elementor_container_no e-con e-child\" data-id=\"a272226\" data-element_type=\"container\" data-e-type=\"container\">\n\t\t\t\t<div class=\"elementor-element elementor-element-0997193 elementor-widget elementor-widget-image\" data-id=\"0997193\" data-element_type=\"widget\" data-e-type=\"widget\" data-widget_type=\"image.default\">\n\t\t\t\t<div class=\"elementor-widget-container\">\n\t\t\t\t\t\t\t\t\t\t\t\t\t\t\t<img decoding=\"async\" src=\"https:\/\/benvitec.be\/wp-content\/uploads\/elementor\/thumbs\/3-qq6aa8klxfj8f6pexpjhgyead5hs6zzea851i9rdvk.png\" title=\"3\" alt=\"3\" loading=\"lazy\" \/>\t\t\t\t\t\t\t\t\t\t\t\t\t\t\t<\/div>\n\t\t\t\t<\/div>\n\t\t\t\t<\/div>\n\t\t<div class=\"elementor-element elementor-element-9bdc7c6 e-con-full e-flex parallax_section_no qode_elementor_container_no e-con e-child\" data-id=\"9bdc7c6\" data-element_type=\"container\" data-e-type=\"container\">\n\t\t\t\t<div class=\"elementor-element elementor-element-dc4bb49 elementor-widget elementor-widget-heading\" data-id=\"dc4bb49\" data-element_type=\"widget\" data-e-type=\"widget\" data-widget_type=\"heading.default\">\n\t\t\t\t<div class=\"elementor-widget-container\">\n\t\t\t\t\t<h2 class=\"elementor-heading-title elementor-size-default\">Plus de 30 ans d\u2019exp\u00e9rience \n\n<\/h2>\t\t\t\t<\/div>\n\t\t\t\t<\/div>\n\t\t\t\t<div class=\"elementor-element elementor-element-2bab13f elementor-widget elementor-widget-heading\" data-id=\"2bab13f\" data-element_type=\"widget\" data-e-type=\"widget\" data-widget_type=\"heading.default\">\n\t\t\t\t<div class=\"elementor-widget-container\">\n\t\t\t\t\t<p class=\"elementor-heading-title elementor-size-default\">y compris sur des pi\u00e8ces complexes<\/p>\t\t\t\t<\/div>\n\t\t\t\t<\/div>\n\t\t\t\t<\/div>\n\t\t\t\t\t<\/div>\n\t\t\t\t<\/div>\n\t\t<div class=\"elementor-element elementor-element-36519bd e-flex e-con-boxed parallax_section_no qode_elementor_container_no e-con e-parent\" data-id=\"36519bd\" data-element_type=\"container\" data-e-type=\"container\" data-settings=\"{&quot;background_background&quot;:&quot;classic&quot;}\">\n\t\t\t\t\t<div class=\"e-con-inner\">\n\t\t<div class=\"elementor-element elementor-element-2ab84af e-con-full e-flex parallax_section_no qode_elementor_container_no e-con e-child\" data-id=\"2ab84af\" data-element_type=\"container\" data-e-type=\"container\">\n\t\t\t\t<div class=\"elementor-element elementor-element-60b14af elementor-widget elementor-widget-image\" data-id=\"60b14af\" data-element_type=\"widget\" data-e-type=\"widget\" data-widget_type=\"image.default\">\n\t\t\t\t<div class=\"elementor-widget-container\">\n\t\t\t\t\t\t\t\t\t\t\t\t\t\t\t<img decoding=\"async\" src=\"https:\/\/benvitec.be\/wp-content\/uploads\/elementor\/thumbs\/4-qq6aa8klxfj8f6pexpjhgyead5hs6zzea851i9rdvk.png\" title=\"4\" alt=\"4\" loading=\"lazy\" \/>\t\t\t\t\t\t\t\t\t\t\t\t\t\t\t<\/div>\n\t\t\t\t<\/div>\n\t\t\t\t<\/div>\n\t\t<div class=\"elementor-element elementor-element-6c7dca4 e-con-full e-flex parallax_section_no qode_elementor_container_no e-con e-child\" data-id=\"6c7dca4\" data-element_type=\"container\" data-e-type=\"container\">\n\t\t\t\t<div class=\"elementor-element elementor-element-92c0773 elementor-widget elementor-widget-heading\" data-id=\"92c0773\" data-element_type=\"widget\" data-e-type=\"widget\" data-widget_type=\"heading.default\">\n\t\t\t\t<div class=\"elementor-widget-container\">\n\t\t\t\t\t<h2 class=\"elementor-heading-title elementor-size-default\">Des conseils techniques<\/h2>\t\t\t\t<\/div>\n\t\t\t\t<\/div>\n\t\t\t\t<div class=\"elementor-element elementor-element-82c1753 elementor-widget elementor-widget-heading\" data-id=\"82c1753\" data-element_type=\"widget\" data-e-type=\"widget\" data-widget_type=\"heading.default\">\n\t\t\t\t<div class=\"elementor-widget-container\">\n\t\t\t\t\t<p class=\"elementor-heading-title elementor-size-default\">pour choisir le bon mat\u00e9riau et la bonne m\u00e9thodeBij de materiaalkeuze en bewerkingsmethode<\/p>\t\t\t\t<\/div>\n\t\t\t\t<\/div>\n\t\t\t\t<\/div>\n\t\t\t\t\t<\/div>\n\t\t\t\t<\/div>\n\t\t<div class=\"elementor-element elementor-element-bd530da e-flex e-con-boxed parallax_section_no qode_elementor_container_no e-con e-parent\" data-id=\"bd530da\" data-element_type=\"container\" data-e-type=\"container\" data-settings=\"{&quot;background_background&quot;:&quot;classic&quot;}\">\n\t\t\t\t\t<div class=\"e-con-inner\">\n\t\t<div class=\"elementor-element elementor-element-e437676 e-con-full e-flex parallax_section_no qode_elementor_container_no e-con e-child\" data-id=\"e437676\" data-element_type=\"container\" data-e-type=\"container\">\n\t\t\t\t<div class=\"elementor-element elementor-element-36cc84d elementor-widget elementor-widget-image\" data-id=\"36cc84d\" data-element_type=\"widget\" data-e-type=\"widget\" data-widget_type=\"image.default\">\n\t\t\t\t<div class=\"elementor-widget-container\">\n\t\t\t\t\t\t\t\t\t\t\t\t\t\t\t<img decoding=\"async\" src=\"https:\/\/benvitec.be\/wp-content\/uploads\/elementor\/thumbs\/5-qq6aa8klxfj8f6pexpjhgyead5hs6zzea851i9rdvk.png\" title=\"5\" alt=\"5\" loading=\"lazy\" \/>\t\t\t\t\t\t\t\t\t\t\t\t\t\t\t<\/div>\n\t\t\t\t<\/div>\n\t\t\t\t<\/div>\n\t\t<div class=\"elementor-element elementor-element-f9c4b05 e-con-full e-flex parallax_section_no qode_elementor_container_no e-con e-child\" data-id=\"f9c4b05\" data-element_type=\"container\" data-e-type=\"container\">\n\t\t\t\t<div class=\"elementor-element elementor-element-38ddb1e elementor-widget elementor-widget-heading\" data-id=\"38ddb1e\" data-element_type=\"widget\" data-e-type=\"widget\" data-widget_type=\"heading.default\">\n\t\t\t\t<div class=\"elementor-widget-container\">\n\t\t\t\t\t<h2 class=\"elementor-heading-title elementor-size-default\">Une grande capacit\u00e9 de production\n\n<\/h2>\t\t\t\t<\/div>\n\t\t\t\t<\/div>\n\t\t\t\t<div class=\"elementor-element elementor-element-f93ceb0 elementor-widget elementor-widget-heading\" data-id=\"f93ceb0\" data-element_type=\"widget\" data-e-type=\"widget\" data-widget_type=\"heading.default\">\n\t\t\t\t<div class=\"elementor-widget-container\">\n\t\t\t\t\t<p class=\"elementor-heading-title elementor-size-default\">aussi pour les projets urgents ou en s\u00e9rie<\/p>\t\t\t\t<\/div>\n\t\t\t\t<\/div>\n\t\t\t\t<\/div>\n\t\t\t\t\t<\/div>\n\t\t\t\t<\/div>\n\t\t<div style=\"background-image: url(https:\/\/benvitec.be\/wp-content\/uploads\/2024\/05\/parallax-vb-realisatie.jpg);\" class=\"parallax_section_holder elementor-element elementor-element-cfc0815 parallax_section_holder e-flex e-con-boxed qode_elementor_container_no e-con e-parent\" data-speed=\"0\" data-id=\"cfc0815\" data-element_type=\"container\" data-e-type=\"container\" data-settings=\"{&quot;qode_parallax_image&quot;:{&quot;url&quot;:&quot;https:\\\/\\\/benvitec.be\\\/wp-content\\\/uploads\\\/2024\\\/05\\\/parallax-vb-realisatie.jpg&quot;,&quot;id&quot;:2943,&quot;size&quot;:&quot;&quot;,&quot;alt&quot;:&quot;&quot;,&quot;source&quot;:&quot;library&quot;}}\">\n\t\t\t\t\t<div class=\"e-con-inner\">\n\t\t\t\t\t<\/div>\n\t\t\t\t<\/div>\n\t\t<div class=\"elementor-element elementor-element-10aab305 e-flex e-con-boxed parallax_section_no qode_elementor_container_no e-con e-parent\" data-id=\"10aab305\" data-element_type=\"container\" data-e-type=\"container\" data-settings=\"{&quot;background_background&quot;:&quot;classic&quot;}\">\n\t\t\t\t\t<div class=\"e-con-inner\">\n\t\t<div class=\"elementor-element elementor-element-26e5465b e-con-full e-flex parallax_section_no qode_elementor_container_no e-con e-child\" data-id=\"26e5465b\" data-element_type=\"container\" data-e-type=\"container\">\n\t\t\t\t<div class=\"elementor-element elementor-element-10bf3677 elementor-widget elementor-widget-heading\" data-id=\"10bf3677\" data-element_type=\"widget\" data-e-type=\"widget\" data-widget_type=\"heading.default\">\n\t\t\t\t<div class=\"elementor-widget-container\">\n\t\t\t\t\t<h2 class=\"elementor-heading-title elementor-size-default\"><span class=\"white\">Vous souhaitez savoir <\/span><span class=\"green\">comment nous pouvons vous aider ?<\/span><\/h2>\t\t\t\t<\/div>\n\t\t\t\t<\/div>\n\t\t\t\t<div class=\"elementor-element elementor-element-31c323c7 elementor-widget elementor-widget-bridge_button\" data-id=\"31c323c7\" data-element_type=\"widget\" data-e-type=\"widget\" data-widget_type=\"bridge_button.default\">\n\t\t\t\t<div class=\"elementor-widget-container\">\n\t\t\t\t\t<a  itemprop=\"url\" href=\"https:\/\/benvitec.be\/fr\/contactez-nous\/\" target=\"_self\"  class=\"qbutton  large default\" style=\"color: #FFFFFF; \">Contactez nos experts !<i class=\"qode_icon_font_awesome fa fa-angle-right qode_button_icon_element\"><\/i><\/a>\t\t\t\t<\/div>\n\t\t\t\t<\/div>\n\t\t\t\t<div class=\"elementor-element elementor-element-1275db76 elementor-widget elementor-widget-heading\" data-id=\"1275db76\" data-element_type=\"widget\" data-e-type=\"widget\" data-widget_type=\"heading.default\">\n\t\t\t\t<div class=\"elementor-widget-container\">\n\t\t\t\t\t<p class=\"elementor-heading-title elementor-size-default\">Appelez-nous au +32 11 450 750\n<\/p>\t\t\t\t<\/div>\n\t\t\t\t<\/div>\n\t\t\t\t<\/div>\n\t\t<div class=\"elementor-element elementor-element-d496358 e-con-full elementor-hidden-mobile e-flex parallax_section_no qode_elementor_container_no e-con e-child\" data-id=\"d496358\" data-element_type=\"container\" data-e-type=\"container\" data-settings=\"{&quot;background_background&quot;:&quot;classic&quot;}\">\n\t\t\t\t<\/div>\n\t\t\t\t\t<\/div>\n\t\t\t\t<\/div>\n\t\t\t\t<\/div>\n\t\t","protected":false},"excerpt":{"rendered":"<p>Notre Approche L\u2019usinage des plastiques est un v\u00e9ritable m\u00e9tier. Il requiert un savoir-faire pointu, une longue exp\u00e9rience et une connaissance approfondie des mat\u00e9riaux. Contrairement au travail du m\u00e9tal, les plastiques r\u00e9agissent diff\u00e9remment aux variations de temp\u00e9rature et d\u2019humidit\u00e9. Nos experts ma\u00eetrisent ces param\u00e8tres \u00e0 la&#8230;<\/p>\n","protected":false},"author":1,"featured_media":0,"parent":7824,"menu_order":150,"comment_status":"closed","ping_status":"closed","template":"full_width.php","meta":{"content-type":"","footnotes":""},"class_list":["post-8167","page","type-page","status-publish","hentry"],"_links":{"self":[{"href":"https:\/\/benvitec.be\/fr\/wp-json\/wp\/v2\/pages\/8167","targetHints":{"allow":["GET"]}}],"collection":[{"href":"https:\/\/benvitec.be\/fr\/wp-json\/wp\/v2\/pages"}],"about":[{"href":"https:\/\/benvitec.be\/fr\/wp-json\/wp\/v2\/types\/page"}],"author":[{"embeddable":true,"href":"https:\/\/benvitec.be\/fr\/wp-json\/wp\/v2\/users\/1"}],"replies":[{"embeddable":true,"href":"https:\/\/benvitec.be\/fr\/wp-json\/wp\/v2\/comments?post=8167"}],"version-history":[{"count":4,"href":"https:\/\/benvitec.be\/fr\/wp-json\/wp\/v2\/pages\/8167\/revisions"}],"predecessor-version":[{"id":8379,"href":"https:\/\/benvitec.be\/fr\/wp-json\/wp\/v2\/pages\/8167\/revisions\/8379"}],"up":[{"embeddable":true,"href":"https:\/\/benvitec.be\/fr\/wp-json\/wp\/v2\/pages\/7824"}],"wp:attachment":[{"href":"https:\/\/benvitec.be\/fr\/wp-json\/wp\/v2\/media?parent=8167"}],"curies":[{"name":"wp","href":"https:\/\/api.w.org\/{rel}","templated":true}]}}