{"id":8191,"date":"2024-06-10T08:06:03","date_gmt":"2024-06-10T06:06:03","guid":{"rendered":"https:\/\/benvitec.be\/plastiques\/solutions-plastiques\/"},"modified":"2025-04-25T12:57:10","modified_gmt":"2025-04-25T10:57:10","slug":"solutions-plastiques","status":"publish","type":"page","link":"https:\/\/benvitec.be\/fr\/plastiques\/solutions-plastiques\/","title":{"rendered":"Solutions plastiques"},"content":{"rendered":"\t\t<div data-elementor-type=\"wp-page\" data-elementor-id=\"8191\" class=\"elementor elementor-8191 elementor-4321\" data-elementor-post-type=\"page\">\n\t\t\t\t<div class=\"elementor-element elementor-element-77875110 e-flex e-con-boxed parallax_section_no qode_elementor_container_no e-con e-parent\" data-id=\"77875110\" data-element_type=\"container\" data-e-type=\"container\" data-settings=\"{&quot;background_background&quot;:&quot;classic&quot;}\">\n\t\t\t\t\t<div class=\"e-con-inner\">\n\t\t<div class=\"elementor-element elementor-element-50faab53 e-con-full e-flex parallax_section_no qode_elementor_container_no e-con e-child\" data-id=\"50faab53\" data-element_type=\"container\" data-e-type=\"container\" data-settings=\"{&quot;background_background&quot;:&quot;classic&quot;}\">\n\t\t<div class=\"elementor-element elementor-element-c673a67 e-con-full e-flex parallax_section_no qode_elementor_container_no e-con e-child\" data-id=\"c673a67\" data-element_type=\"container\" data-e-type=\"container\" data-settings=\"{&quot;background_background&quot;:&quot;classic&quot;}\">\n\t\t\t\t<div class=\"elementor-element elementor-element-7c627936 elementor-widget elementor-widget-heading\" data-id=\"7c627936\" data-element_type=\"widget\" data-e-type=\"widget\" data-widget_type=\"heading.default\">\n\t\t\t\t<div class=\"elementor-widget-container\">\n\t\t\t\t\t<h1 class=\"elementor-heading-title elementor-size-default\"><span class=\"green\">Solutions<\/span> plastiques<\/h1>\t\t\t\t<\/div>\n\t\t\t\t<\/div>\n\t\t\t\t<div class=\"elementor-element elementor-element-b6389b3 elementor-widget-divider--view-line elementor-widget elementor-widget-divider\" data-id=\"b6389b3\" data-element_type=\"widget\" data-e-type=\"widget\" data-widget_type=\"divider.default\">\n\t\t\t\t<div class=\"elementor-widget-container\">\n\t\t\t\t\t\t\t<div class=\"elementor-divider\">\n\t\t\t<span class=\"elementor-divider-separator\">\n\t\t\t\t\t\t<\/span>\n\t\t<\/div>\n\t\t\t\t\t\t<\/div>\n\t\t\t\t<\/div>\n\t\t\t\t<div class=\"elementor-element elementor-element-2a5e1f9b elementor-widget elementor-widget-text-editor\" data-id=\"2a5e1f9b\" data-element_type=\"widget\" data-e-type=\"widget\" data-widget_type=\"text-editor.default\">\n\t\t\t\t<div class=\"elementor-widget-container\">\n\t\t\t\t\t\t\t\t\t<p><span class=\"white intro\"> Rev\u00eatements, protection du b\u00e9ton, tuyauteries&#8230; Les solutions plastiques de Benvitec jouent un r\u00f4le cl\u00e9 dans la protection de l\u2019environnement et des infrastructures industrielles. Depuis plus de 30 ans, nous sommes la r\u00e9f\u00e9rence en mati\u00e8re d\u2019applications plastiques durables pour de nombreux secteurs. <br><\/span><\/p>\t\t\t\t\t\t\t\t<\/div>\n\t\t\t\t<\/div>\n\t\t\t\t<div class=\"elementor-element elementor-element-ff2538c elementor-widget-divider--view-line elementor-widget elementor-widget-divider\" data-id=\"ff2538c\" data-element_type=\"widget\" data-e-type=\"widget\" data-widget_type=\"divider.default\">\n\t\t\t\t<div class=\"elementor-widget-container\">\n\t\t\t\t\t\t\t<div class=\"elementor-divider\">\n\t\t\t<span class=\"elementor-divider-separator\">\n\t\t\t\t\t\t<\/span>\n\t\t<\/div>\n\t\t\t\t\t\t<\/div>\n\t\t\t\t<\/div>\n\t\t\t\t<\/div>\n\t\t\t\t<\/div>\n\t\t\t\t\t<\/div>\n\t\t\t\t<\/div>\n\t\t<div class=\"elementor-element elementor-element-7574529 e-flex e-con-boxed parallax_section_no qode_elementor_container_no e-con e-parent\" data-id=\"7574529\" data-element_type=\"container\" data-e-type=\"container\" data-settings=\"{&quot;background_background&quot;:&quot;classic&quot;}\">\n\t\t\t\t\t<div class=\"e-con-inner\">\n\t\t<div class=\"elementor-element elementor-element-ceb6b83 e-con-full e-flex parallax_section_no qode_elementor_container_no e-con e-child\" data-id=\"ceb6b83\" data-element_type=\"container\" data-e-type=\"container\">\n\t\t\t\t<div class=\"elementor-element elementor-element-34f4db1 elementor-widget elementor-widget-heading\" data-id=\"34f4db1\" data-element_type=\"widget\" data-e-type=\"widget\" data-widget_type=\"heading.default\">\n\t\t\t\t<div class=\"elementor-widget-container\">\n\t\t\t\t\t<h2 class=\"elementor-heading-title elementor-size-default\">Nos solutions<\/h2>\t\t\t\t<\/div>\n\t\t\t\t<\/div>\n\t\t\t\t<\/div>\n\t\t<div class=\"elementor-element elementor-element-b428d59 e-flex e-con-boxed parallax_section_no qode_elementor_container_no e-con e-child\" data-id=\"b428d59\" data-element_type=\"container\" data-e-type=\"container\" data-settings=\"{&quot;background_background&quot;:&quot;classic&quot;}\">\n\t\t\t\t\t<div class=\"e-con-inner\">\n\t\t<div class=\"elementor-element elementor-element-eae9eab e-con-full e-flex parallax_section_no qode_elementor_container_no e-con e-child\" data-id=\"eae9eab\" data-element_type=\"container\" data-e-type=\"container\" data-settings=\"{&quot;background_background&quot;:&quot;classic&quot;}\">\n\t\t\t\t<div class=\"elementor-element elementor-element-dc548d4 elementor-widget elementor-widget-heading\" data-id=\"dc548d4\" data-element_type=\"widget\" data-e-type=\"widget\" data-widget_type=\"heading.default\">\n\t\t\t\t<div class=\"elementor-widget-container\">\n\t\t\t\t\t<h3 class=\"elementor-heading-title elementor-size-default\"><a href=\"https:\/\/benvitec.be\/kunststof\/kunststof-oplossingen\/lining\/\">Rev\u00eatement (Lining)<\/a><\/h3>\t\t\t\t<\/div>\n\t\t\t\t<\/div>\n\t\t\t\t<div class=\"elementor-element elementor-element-3bd1439 elementor-widget elementor-widget-text-editor\" data-id=\"3bd1439\" data-element_type=\"widget\" data-e-type=\"widget\" data-widget_type=\"text-editor.default\">\n\t\t\t\t<div class=\"elementor-widget-container\">\n\t\t\t\t\t\t\t\t\t<p>Nous prot\u00e9geons les cuves de stockage industrielles et autres structures contre les produits chimiques et la contamination, \u00e0 l\u2019aide de rev\u00eatements plastiques sur mesure.<\/p>\t\t\t\t\t\t\t\t<\/div>\n\t\t\t\t<\/div>\n\t\t\t\t<div class=\"elementor-element elementor-element-aa509b3 elementor-widget elementor-widget-image\" data-id=\"aa509b3\" data-element_type=\"widget\" data-e-type=\"widget\" data-widget_type=\"image.default\">\n\t\t\t\t<div class=\"elementor-widget-container\">\n\t\t\t\t\t\t\t\t\t\t\t\t\t\t\t\t<a href=\"https:\/\/benvitec.be\/kunststof\/kunststof-oplossingen\/lining\/\">\n\t\t\t\t\t\t\t<img fetchpriority=\"high\" decoding=\"async\" width=\"300\" height=\"300\" src=\"https:\/\/benvitec.be\/wp-content\/uploads\/2024\/06\/lining-300-x300.jpg\" class=\"elementor-animation-grow attachment-medium size-medium wp-image-7313\" alt=\"\" srcset=\"https:\/\/benvitec.be\/wp-content\/uploads\/2024\/06\/lining-300-x300.jpg 300w, https:\/\/benvitec.be\/wp-content\/uploads\/2024\/06\/lining-300-x300-150x150.jpg 150w\" sizes=\"(max-width: 300px) 100vw, 300px\">\t\t\t\t\t\t\t\t<\/a>\n\t\t\t\t\t\t\t\t\t\t\t\t\t\t\t<\/div>\n\t\t\t\t<\/div>\n\t\t\t\t<\/div>\n\t\t<div class=\"elementor-element elementor-element-7780140 e-con-full e-flex parallax_section_no qode_elementor_container_no e-con e-child\" data-id=\"7780140\" data-element_type=\"container\" data-e-type=\"container\" data-settings=\"{&quot;background_background&quot;:&quot;classic&quot;}\">\n\t\t\t\t<div class=\"elementor-element elementor-element-e9f28e6 elementor-widget elementor-widget-heading\" data-id=\"e9f28e6\" data-element_type=\"widget\" data-e-type=\"widget\" data-widget_type=\"heading.default\">\n\t\t\t\t<div class=\"elementor-widget-container\">\n\t\t\t\t\t<h3 class=\"elementor-heading-title elementor-size-default\"><a href=\"https:\/\/benvitec.be\/fr\/plastiques\/solutions-plastiques\/protection-du-beton\/\">Protection du b\u00e9ton<\/a><\/h3>\t\t\t\t<\/div>\n\t\t\t\t<\/div>\n\t\t\t\t<div class=\"elementor-element elementor-element-2758bce elementor-widget elementor-widget-text-editor\" data-id=\"2758bce\" data-element_type=\"widget\" data-e-type=\"widget\" data-widget_type=\"text-editor.default\">\n\t\t\t\t<div class=\"elementor-widget-container\">\n\t\t\t\t\t\t\t\t\t<p class=\"p1\">Nous prolongeons la dur\u00e9e de vie des structures en b\u00e9ton gr\u00e2ce \u00e0 des films plastiques r\u00e9sistants aux liquides, produits chimiques et \u00e0 l\u2019\u00e9rosion.<\/p>\t\t\t\t\t\t\t\t<\/div>\n\t\t\t\t<\/div>\n\t\t\t\t<div class=\"elementor-element elementor-element-bc82c84 elementor-widget elementor-widget-image\" data-id=\"bc82c84\" data-element_type=\"widget\" data-e-type=\"widget\" data-widget_type=\"image.default\">\n\t\t\t\t<div class=\"elementor-widget-container\">\n\t\t\t\t\t\t\t\t\t\t\t\t\t\t\t\t<a href=\"https:\/\/benvitec.be\/kunststof\/kunststof-oplossingen\/betonbescherming\/\">\n\t\t\t\t\t\t\t<img decoding=\"async\" width=\"300\" height=\"300\" src=\"https:\/\/benvitec.be\/wp-content\/uploads\/2024\/06\/betonbescherming-300-x300.jpg\" class=\"elementor-animation-grow attachment-large size-large wp-image-7311\" alt=\"\" srcset=\"https:\/\/benvitec.be\/wp-content\/uploads\/2024\/06\/betonbescherming-300-x300.jpg 300w, https:\/\/benvitec.be\/wp-content\/uploads\/2024\/06\/betonbescherming-300-x300-150x150.jpg 150w\" sizes=\"(max-width: 300px) 100vw, 300px\">\t\t\t\t\t\t\t\t<\/a>\n\t\t\t\t\t\t\t\t\t\t\t\t\t\t\t<\/div>\n\t\t\t\t<\/div>\n\t\t\t\t<\/div>\n\t\t<div class=\"elementor-element elementor-element-9f68a99 e-con-full e-flex parallax_section_no qode_elementor_container_no e-con e-child\" data-id=\"9f68a99\" data-element_type=\"container\" data-e-type=\"container\" data-settings=\"{&quot;background_background&quot;:&quot;classic&quot;}\">\n\t\t\t\t<div class=\"elementor-element elementor-element-dcdf7df elementor-widget elementor-widget-heading\" data-id=\"dcdf7df\" data-element_type=\"widget\" data-e-type=\"widget\" data-widget_type=\"heading.default\">\n\t\t\t\t<div class=\"elementor-widget-container\">\n\t\t\t\t\t<h3 class=\"elementor-heading-title elementor-size-default\"><a href=\"https:\/\/benvitec.be\/kunststof\/kunststof-constructies\/oplossingen\/\">Tuyauterie (Piping)<\/a><\/h3>\t\t\t\t<\/div>\n\t\t\t\t<\/div>\n\t\t\t\t<div class=\"elementor-element elementor-element-9e9296d elementor-widget elementor-widget-text-editor\" data-id=\"9e9296d\" data-element_type=\"widget\" data-e-type=\"widget\" data-widget_type=\"text-editor.default\">\n\t\t\t\t<div class=\"elementor-widget-container\">\n\t\t\t\t\t\t\t\t\t<p class=\"p1\">Nous concevons, fabriquons et installons des r\u00e9seaux de tuyauterie sur mesure, adapt\u00e9s \u00e0 une large gamme d\u2019applications industrielles, y compris le transport d\u2019eau et de produits chimiques.<\/p>\t\t\t\t\t\t\t\t<\/div>\n\t\t\t\t<\/div>\n\t\t\t\t<div class=\"elementor-element elementor-element-e426b34 elementor-widget elementor-widget-image\" data-id=\"e426b34\" data-element_type=\"widget\" data-e-type=\"widget\" data-widget_type=\"image.default\">\n\t\t\t\t<div class=\"elementor-widget-container\">\n\t\t\t\t\t\t\t\t\t\t\t\t\t\t\t\t<a href=\"https:\/\/benvitec.be\/kunststof\/kunststof-oplossingen\/piping\/\">\n\t\t\t\t\t\t\t<img decoding=\"async\" width=\"300\" height=\"300\" src=\"https:\/\/benvitec.be\/wp-content\/uploads\/2024\/06\/piping300-x300.jpg\" class=\"elementor-animation-grow attachment-large size-large wp-image-7315\" alt=\"\" srcset=\"https:\/\/benvitec.be\/wp-content\/uploads\/2024\/06\/piping300-x300.jpg 300w, https:\/\/benvitec.be\/wp-content\/uploads\/2024\/06\/piping300-x300-150x150.jpg 150w\" sizes=\"(max-width: 300px) 100vw, 300px\">\t\t\t\t\t\t\t\t<\/a>\n\t\t\t\t\t\t\t\t\t\t\t\t\t\t\t<\/div>\n\t\t\t\t<\/div>\n\t\t\t\t<\/div>\n\t\t\t\t\t<\/div>\n\t\t\t\t<\/div>\n\t\t\t\t\t<\/div>\n\t\t\t\t<\/div>\n\t\t<div style=\"background-image: url(https:\/\/benvitec.be\/wp-content\/uploads\/2024\/06\/parallax-constructies.jpg);\" class=\"parallax_section_holder elementor-element elementor-element-cfc0815 parallax_section_holder e-flex e-con-boxed qode_elementor_container_no e-con e-parent\" data-speed=\"0\" data-id=\"cfc0815\" data-element_type=\"container\" data-e-type=\"container\" data-settings=\"{&quot;qode_parallax_image&quot;:{&quot;url&quot;:&quot;https:\\\/\\\/benvitec.be\\\/wp-content\\\/uploads\\\/2024\\\/06\\\/parallax-constructies.jpg&quot;,&quot;id&quot;:4337,&quot;size&quot;:&quot;&quot;,&quot;alt&quot;:&quot;&quot;,&quot;source&quot;:&quot;library&quot;}}\">\n\t\t\t\t\t<div class=\"e-con-inner\">\n\t\t\t\t\t<\/div>\n\t\t\t\t<\/div>\n\t\t<div class=\"elementor-element elementor-element-a992264 e-flex e-con-boxed parallax_section_no qode_elementor_container_no e-con e-parent\" data-id=\"a992264\" data-element_type=\"container\" data-e-type=\"container\" data-settings=\"{&quot;background_background&quot;:&quot;classic&quot;}\">\n\t\t\t\t\t<div class=\"e-con-inner\">\n\t\t<div class=\"elementor-element elementor-element-d47b64e e-con-full e-flex parallax_section_no qode_elementor_container_no e-con e-child\" data-id=\"d47b64e\" data-element_type=\"container\" data-e-type=\"container\">\n\t\t\t\t<div class=\"elementor-element elementor-element-87ddee3 elementor-widget elementor-widget-heading\" data-id=\"87ddee3\" data-element_type=\"widget\" data-e-type=\"widget\" data-widget_type=\"heading.default\">\n\t\t\t\t<div class=\"elementor-widget-container\">\n\t\t\t\t\t<h2 class=\"elementor-heading-title elementor-size-default\">Pourquoi choisir <span class=\"green\">Benvitec?<\/span><\/h2>\t\t\t\t<\/div>\n\t\t\t\t<\/div>\n\t\t\t\t<\/div>\n\t\t<div class=\"elementor-element elementor-element-afc2fd4 e-con-full e-flex parallax_section_no qode_elementor_container_no e-con e-child\" data-id=\"afc2fd4\" data-element_type=\"container\" data-e-type=\"container\">\n\t\t\t\t<div class=\"elementor-element elementor-element-bdab114 elementor-widget elementor-widget-bridge_accordion\" data-id=\"bdab114\" data-element_type=\"widget\" data-e-type=\"widget\" data-widget_type=\"bridge_accordion.default\">\n\t\t\t\t<div class=\"elementor-widget-container\">\n\t\t\t\t\t\n        <div class=\"qode-accordion-holder clearfix qode-accordion qode-initial \">\n            <h4 class=\"clearfix qode-title-holder\">\n<span class=\"qode-tab-title\">\n\t\t\t<span class=\"qode-tab-title-icon\">\n\t\t\t<i class=\"qode_icon_font_awesome_5 fa5  \" ><\/i>\t\t<\/span>\n\t    <span class=\"qode-tab-title-inner\">\n        RUIME ERVARING    <\/span>\n<\/span>\n<span class=\"qode-accordion-mark\">\n    <span class=\"qode-accordion-mark-icon\">\n        <span class=\"icon_plus\"><\/span>\n        <span class=\"icon_minus-06\"><\/span>\n    <\/span>\n<\/span>\n<\/h4>\n<div  class=\"qode-accordion-content \" style=\"background-image: url()\">\n    <div class=\"qode-accordion-content-inner\">\n        <p class=\"p1\">Meer dan 30 jaar actief in kunststofconstructie en -toepassingen.<\/p>    <\/div>\n<\/div><h4 class=\"clearfix qode-title-holder\">\n<span class=\"qode-tab-title\">\n\t\t\t<span class=\"qode-tab-title-icon\">\n\t\t\t\t\t<\/span>\n\t    <span class=\"qode-tab-title-inner\">\n        DESKUNDIG TEAM    <\/span>\n<\/span>\n<span class=\"qode-accordion-mark\">\n    <span class=\"qode-accordion-mark-icon\">\n        <span class=\"icon_plus\"><\/span>\n        <span class=\"icon_minus-06\"><\/span>\n    <\/span>\n<\/span>\n<\/h4>\n<div  class=\"qode-accordion-content \" style=\"background-image: url()\">\n    <div class=\"qode-accordion-content-inner\">\n        <p class=\"p1\">Gedreven ingenieurs en vakmensen met een passie voor techniek.<\/p>    <\/div>\n<\/div><h4 class=\"clearfix qode-title-holder\">\n<span class=\"qode-tab-title\">\n\t\t\t<span class=\"qode-tab-title-icon\">\n\t\t\t\t\t<\/span>\n\t    <span class=\"qode-tab-title-inner\">\n        MAATWERKOPLOSSINGEN    <\/span>\n<\/span>\n<span class=\"qode-accordion-mark\">\n    <span class=\"qode-accordion-mark-icon\">\n        <span class=\"icon_plus\"><\/span>\n        <span class=\"icon_minus-06\"><\/span>\n    <\/span>\n<\/span>\n<\/h4>\n<div  class=\"qode-accordion-content \" style=\"background-image: url()\">\n    <div class=\"qode-accordion-content-inner\">\n        <p class=\"p1\">Geen standaardproducten, maar oplossingen afgestemd op jouw situatie.<\/p>    <\/div>\n<\/div><h4 class=\"clearfix qode-title-holder\">\n<span class=\"qode-tab-title\">\n\t\t\t<span class=\"qode-tab-title-icon\">\n\t\t\t\t\t<\/span>\n\t    <span class=\"qode-tab-title-inner\">\n        HOOGWAARDIGE MATERIALEN    <\/span>\n<\/span>\n<span class=\"qode-accordion-mark\">\n    <span class=\"qode-accordion-mark-icon\">\n        <span class=\"icon_plus\"><\/span>\n        <span class=\"icon_minus-06\"><\/span>\n    <\/span>\n<\/span>\n<\/h4>\n<div  class=\"qode-accordion-content \" style=\"background-image: url()\">\n    <div class=\"qode-accordion-content-inner\">\n        <p class=\"p1\">We werken uitsluitend met kwaliteitskunststoffen van gerenommeerde merken.<\/p>    <\/div>\n<\/div><h4 class=\"clearfix qode-title-holder\">\n<span class=\"qode-tab-title\">\n\t\t\t<span class=\"qode-tab-title-icon\">\n\t\t\t\t\t<\/span>\n\t    <span class=\"qode-tab-title-inner\">\n        KWALITEITSGARANTIE    <\/span>\n<\/span>\n<span class=\"qode-accordion-mark\">\n    <span class=\"qode-accordion-mark-icon\">\n        <span class=\"icon_plus\"><\/span>\n        <span class=\"icon_minus-06\"><\/span>\n    <\/span>\n<\/span>\n<\/h4>\n<div  class=\"qode-accordion-content \" style=\"background-image: url()\">\n    <div class=\"qode-accordion-content-inner\">\n        <p class=\"p1\">Onze producten en diensten voldoen aan de strengste normen.<\/p>    <\/div>\n<\/div>        <\/div>\n\n        \t\t\t\t<\/div>\n\t\t\t\t<\/div>\n\t\t\t\t<\/div>\n\t\t\t\t\t<\/div>\n\t\t\t\t<\/div>\n\t\t<div class=\"elementor-element elementor-element-03b1791 e-flex e-con-boxed parallax_section_no qode_elementor_container_no e-con e-parent\" data-id=\"03b1791\" data-element_type=\"container\" data-e-type=\"container\">\n\t\t\t\t\t<div class=\"e-con-inner\">\n\t\t\t\t<div class=\"elementor-element elementor-element-ec6ac4d elementor-widget elementor-widget-heading\" data-id=\"ec6ac4d\" data-element_type=\"widget\" data-e-type=\"widget\" data-widget_type=\"heading.default\">\n\t\t\t\t<div class=\"elementor-widget-container\">\n\t\t\t\t\t<h2 class=\"elementor-heading-title elementor-size-default\">Blog <span class=\"green\"><\/span><\/h2>\t\t\t\t<\/div>\n\t\t\t\t<\/div>\n\t\t\t\t<div class=\"elementor-element elementor-element-d1b0417 elementor-widget elementor-widget-bridge_layout1\" data-id=\"d1b0417\" data-element_type=\"widget\" data-e-type=\"widget\" data-widget_type=\"bridge_layout1.default\">\n\t\t\t\t<div class=\"elementor-widget-container\">\n\t\t\t\t\t<div class=\"qode-news-holder qode-layout1 qode-left-alignment qode-news-columns-3 qode-nl-normal-space qode-center-alignment\"  data-post-status=publish data-category-name=kunststof-oplossingen data-ignore-sticky-posts=1 data-posts-per-page=3 data-paged=1 data-max-num-pages=0 data-next-page=2 data-title-tag=h3 data-image-size=custom data-custom-image-width=776 data-custom-image-height=460 data-display-categories=no data-display-excerpt=yes data-excerpt-length=35 data-display-date=no data-display-author=no data-display-share=no data-display-hot-trending-icons=no data-layout=qode_layout1>Sorry, no posts matched your criteria.<\/div>\t\t\t\t<\/div>\n\t\t\t\t<\/div>\n\t\t\t\t<div class=\"elementor-element elementor-element-3667eea elementor-widget elementor-widget-bridge_button\" data-id=\"3667eea\" data-element_type=\"widget\" data-e-type=\"widget\" data-widget_type=\"bridge_button.default\">\n\t\t\t\t<div class=\"elementor-widget-container\">\n\t\t\t\t\t<a  itemprop=\"url\" href=\"https:\/\/benvitec.be\/nieuws\/\" target=\"_self\" data-hover-background-color=\"#000000\" data-hover-border-color=\"#000000\" class=\"qbutton  large default\" style=\"color: #FFFFFF; border-color: #9ABEAA; background-color:#9ABEAA;\">Alle artikels<i class=\"qode_icon_font_awesome fa fa-angle-right qode_button_icon_element\"><\/i><\/a>\t\t\t\t<\/div>\n\t\t\t\t<\/div>\n\t\t\t\t\t<\/div>\n\t\t\t\t<\/div>\n\t\t<div class=\"elementor-element elementor-element-f881469 e-flex e-con-boxed parallax_section_no qode_elementor_container_no e-con e-parent\" data-id=\"f881469\" data-element_type=\"container\" data-e-type=\"container\" data-settings=\"{&quot;background_background&quot;:&quot;classic&quot;}\">\n\t\t\t\t\t<div class=\"e-con-inner\">\n\t\t<div class=\"elementor-element elementor-element-65ac59d e-con-full e-flex parallax_section_no qode_elementor_container_no e-con e-child\" data-id=\"65ac59d\" data-element_type=\"container\" data-e-type=\"container\">\n\t\t\t\t<div class=\"elementor-element elementor-element-08029b2 elementor-widget elementor-widget-heading\" data-id=\"08029b2\" data-element_type=\"widget\" data-e-type=\"widget\" data-widget_type=\"heading.default\">\n\t\t\t\t<div class=\"elementor-widget-container\">\n\t\t\t\t\t<h2 class=\"elementor-heading-title elementor-size-default\"><span class=\"green\">Int\u00e9ress\u00e9<\/span> <span class=\"white\">par nos solutions ?<\/span><\/h2>\t\t\t\t<\/div>\n\t\t\t\t<\/div>\n\t\t\t\t<div class=\"elementor-element elementor-element-251a869 elementor-widget elementor-widget-text-editor\" data-id=\"251a869\" data-element_type=\"widget\" data-e-type=\"widget\" data-widget_type=\"text-editor.default\">\n\t\t\t\t<div class=\"elementor-widget-container\">\n\t\t\t\t\t\t\t\t\t<span class=\"white\"> Contactez-nous pour un entretien sans engagement <\/span>\t\t\t\t\t\t\t\t<\/div>\n\t\t\t\t<\/div>\n\t\t\t\t<div class=\"elementor-element elementor-element-392aec2 elementor-widget elementor-widget-bridge_button\" data-id=\"392aec2\" data-element_type=\"widget\" data-e-type=\"widget\" data-widget_type=\"bridge_button.default\">\n\t\t\t\t<div class=\"elementor-widget-container\">\n\t\t\t\t\t<a  itemprop=\"url\" href=\"https:\/\/benvitec.be\/contact\/\" target=\"_self\"  class=\"qbutton  large default\" style=\"color: #FFFFFF; \">Contactez nos sp\u00e9cialistes !<i class=\"qode_icon_font_awesome fa fa-angle-right qode_button_icon_element\"><\/i><\/a>\t\t\t\t<\/div>\n\t\t\t\t<\/div>\n\t\t\t\t<div class=\"elementor-element elementor-element-b360c75 elementor-widget elementor-widget-heading\" data-id=\"b360c75\" data-element_type=\"widget\" data-e-type=\"widget\" data-widget_type=\"heading.default\">\n\t\t\t\t<div class=\"elementor-widget-container\">\n\t\t\t\t\t<p class=\"elementor-heading-title elementor-size-default\">Appelez-nous au +32 11 450 750\n<\/p>\t\t\t\t<\/div>\n\t\t\t\t<\/div>\n\t\t\t\t<\/div>\n\t\t<div class=\"elementor-element elementor-element-56a7edb e-con-full elementor-hidden-mobile e-flex parallax_section_no qode_elementor_container_no e-con e-child\" data-id=\"56a7edb\" data-element_type=\"container\" data-e-type=\"container\" data-settings=\"{&quot;background_background&quot;:&quot;classic&quot;}\">\n\t\t\t\t<\/div>\n\t\t\t\t\t<\/div>\n\t\t\t\t<\/div>\n\t\t\t\t<\/div>\n\t\t","protected":false},"excerpt":{"rendered":"<p>Solutions plastiques Rev\u00eatements, protection du b\u00e9ton, tuyauteries&#8230; Les solutions plastiques de Benvitec jouent un r\u00f4le cl\u00e9 dans la protection de l\u2019environnement et des infrastructures industrielles. Depuis plus de 30 ans, nous sommes la r\u00e9f\u00e9rence en mati\u00e8re d\u2019applications plastiques durables pour de nombreux secteurs. Nos solutions&#8230;<\/p>\n","protected":false},"author":1,"featured_media":7343,"parent":7805,"menu_order":10,"comment_status":"closed","ping_status":"closed","template":"full_width.php","meta":{"content-type":"","footnotes":""},"class_list":["post-8191","page","type-page","status-publish","has-post-thumbnail","hentry"],"_links":{"self":[{"href":"https:\/\/benvitec.be\/fr\/wp-json\/wp\/v2\/pages\/8191","targetHints":{"allow":["GET"]}}],"collection":[{"href":"https:\/\/benvitec.be\/fr\/wp-json\/wp\/v2\/pages"}],"about":[{"href":"https:\/\/benvitec.be\/fr\/wp-json\/wp\/v2\/types\/page"}],"author":[{"embeddable":true,"href":"https:\/\/benvitec.be\/fr\/wp-json\/wp\/v2\/users\/1"}],"replies":[{"embeddable":true,"href":"https:\/\/benvitec.be\/fr\/wp-json\/wp\/v2\/comments?post=8191"}],"version-history":[{"count":18,"href":"https:\/\/benvitec.be\/fr\/wp-json\/wp\/v2\/pages\/8191\/revisions"}],"predecessor-version":[{"id":8588,"href":"https:\/\/benvitec.be\/fr\/wp-json\/wp\/v2\/pages\/8191\/revisions\/8588"}],"up":[{"embeddable":true,"href":"https:\/\/benvitec.be\/fr\/wp-json\/wp\/v2\/pages\/7805"}],"wp:featuredmedia":[{"embeddable":true,"href":"https:\/\/benvitec.be\/fr\/wp-json\/wp\/v2\/media\/7343"}],"wp:attachment":[{"href":"https:\/\/benvitec.be\/fr\/wp-json\/wp\/v2\/media?parent=8191"}],"curies":[{"name":"wp","href":"https:\/\/api.w.org\/{rel}","templated":true}]}}