{"id":8257,"date":"2021-06-23T10:20:44","date_gmt":"2021-06-23T08:20:44","guid":{"rendered":"https:\/\/benvitec.be\/benvitec-home\/"},"modified":"2025-08-01T11:09:23","modified_gmt":"2025-08-01T09:09:23","slug":"benvitec-home","status":"publish","type":"page","link":"https:\/\/benvitec.be\/fr\/","title":{"rendered":"Benvitec &#8211; Home"},"content":{"rendered":"\t\t<div data-elementor-type=\"wp-page\" data-elementor-id=\"8257\" class=\"elementor elementor-8257 elementor-1897\" data-elementor-post-type=\"page\">\n\t\t\t\t<div class=\"elementor-element elementor-element-a7adf50 e-flex e-con-boxed parallax_section_no qode_elementor_container_no e-con e-parent\" data-id=\"a7adf50\" data-element_type=\"container\" data-e-type=\"container\" data-settings=\"{&quot;background_background&quot;:&quot;classic&quot;}\">\n\t\t\t\t\t<div class=\"e-con-inner\">\n\t\t<div class=\"elementor-element elementor-element-269f6b5 e-con-full e-flex parallax_section_no qode_elementor_container_no e-con e-child\" data-id=\"269f6b5\" data-element_type=\"container\" data-e-type=\"container\" data-settings=\"{&quot;background_background&quot;:&quot;slideshow&quot;,&quot;background_slideshow_ken_burns&quot;:&quot;yes&quot;,&quot;background_slideshow_gallery&quot;:[],&quot;background_slideshow_loop&quot;:&quot;yes&quot;,&quot;background_slideshow_slide_duration&quot;:5000,&quot;background_slideshow_slide_transition&quot;:&quot;fade&quot;,&quot;background_slideshow_transition_duration&quot;:500,&quot;background_slideshow_ken_burns_zoom_direction&quot;:&quot;in&quot;}\">\n\t\t<div class=\"elementor-element elementor-element-e40a7f0 e-con-full e-flex parallax_section_no qode_elementor_container_no e-con e-child\" data-id=\"e40a7f0\" data-element_type=\"container\" data-e-type=\"container\" data-settings=\"{&quot;background_background&quot;:&quot;classic&quot;}\">\n\t\t\t\t<div class=\"elementor-element elementor-element-7b15d2d elementor-widget elementor-widget-heading\" data-id=\"7b15d2d\" data-element_type=\"widget\" data-e-type=\"widget\" data-widget_type=\"heading.default\">\n\t\t\t\t<div class=\"elementor-widget-container\">\n\t\t\t\t\t<h1 class=\"elementor-heading-title elementor-size-default\">Bienvenue chez\n<span class=\"green\">Benvitec<\/span><\/h1>\t\t\t\t<\/div>\n\t\t\t\t<\/div>\n\t\t\t\t<div class=\"elementor-element elementor-element-ddbd2e3 elementor-widget elementor-widget-heading\" data-id=\"ddbd2e3\" data-element_type=\"widget\" data-e-type=\"widget\" data-widget_type=\"heading.default\">\n\t\t\t\t<div class=\"elementor-widget-container\">\n\t\t\t\t\t<h2 class=\"elementor-heading-title elementor-size-default\">trois entit\u00e9s sp\u00e9cialis\u00e9es <span class=\"green\">sous un m\u00eame toit<\/span><\/h2>\t\t\t\t<\/div>\n\t\t\t\t<\/div>\n\t\t\t\t<div class=\"elementor-element elementor-element-3f181b4 elementor-widget-divider--view-line elementor-widget elementor-widget-divider\" data-id=\"3f181b4\" data-element_type=\"widget\" data-e-type=\"widget\" data-widget_type=\"divider.default\">\n\t\t\t\t<div class=\"elementor-widget-container\">\n\t\t\t\t\t\t\t<div class=\"elementor-divider\">\n\t\t\t<span class=\"elementor-divider-separator\">\n\t\t\t\t\t\t<\/span>\n\t\t<\/div>\n\t\t\t\t\t\t<\/div>\n\t\t\t\t<\/div>\n\t\t\t\t<div class=\"elementor-element elementor-element-9808f3b elementor-widget elementor-widget-text-editor\" data-id=\"9808f3b\" data-element_type=\"widget\" data-e-type=\"widget\" data-widget_type=\"text-editor.default\">\n\t\t\t\t<div class=\"elementor-widget-container\">\n\t\t\t\t\t\t\t\t\t<p><span class=\"white intro\">Chez Benvitec, nous r\u00e9unissons trois entit\u00e9s sp\u00e9cialis\u00e9es sous un m\u00eame toit. Chacune dispose de sa propre expertise, de son approche et de son focus technologique \u2013 mais toutes partagent le m\u00eame objectif : construire des solutions techniques durables et r\u00e9fl\u00e9chies, avec un impact positif durable sur l\u2019homme et l\u2019environnement. <\/span><\/p>\t\t\t\t\t\t\t\t<\/div>\n\t\t\t\t<\/div>\n\t\t\t\t<div class=\"elementor-element elementor-element-6c30d19 elementor-widget-divider--view-line elementor-widget elementor-widget-divider\" data-id=\"6c30d19\" data-element_type=\"widget\" data-e-type=\"widget\" data-widget_type=\"divider.default\">\n\t\t\t\t<div class=\"elementor-widget-container\">\n\t\t\t\t\t\t\t<div class=\"elementor-divider\">\n\t\t\t<span class=\"elementor-divider-separator\">\n\t\t\t\t\t\t<\/span>\n\t\t<\/div>\n\t\t\t\t\t\t<\/div>\n\t\t\t\t<\/div>\n\t\t\t\t<\/div>\n\t\t\t\t<\/div>\n\t\t\t\t\t<\/div>\n\t\t\t\t<\/div>\n\t\t<div class=\"elementor-element elementor-element-9006e97 e-flex e-con-boxed parallax_section_no qode_elementor_container_no e-con e-parent\" data-id=\"9006e97\" data-element_type=\"container\" data-e-type=\"container\" data-settings=\"{&quot;background_background&quot;:&quot;classic&quot;}\">\n\t\t\t\t\t<div class=\"e-con-inner\">\n\t\t<div class=\"elementor-element elementor-element-8e91eba e-con-full rand e-flex parallax_section_no qode_elementor_container_no e-con e-child\" data-id=\"8e91eba\" data-element_type=\"container\" data-e-type=\"container\" data-settings=\"{&quot;background_background&quot;:&quot;classic&quot;}\">\n\t\t<div class=\"elementor-element elementor-element-8e23e92 e-con-full e-flex parallax_section_no qode_elementor_container_no e-con e-child\" data-id=\"8e23e92\" data-element_type=\"container\" data-e-type=\"container\">\n\t\t\t\t<div class=\"elementor-element elementor-element-2e2ad85 elementor-widget elementor-widget-heading\" data-id=\"2e2ad85\" data-element_type=\"widget\" data-e-type=\"widget\" data-widget_type=\"heading.default\">\n\t\t\t\t<div class=\"elementor-widget-container\">\n\t\t\t\t\t<h2 class=\"elementor-heading-title elementor-size-default\">Benvitec<br><span class=\"green\">Solutions<\/span><\/h2>\t\t\t\t<\/div>\n\t\t\t\t<\/div>\n\t\t\t\t<\/div>\n\t\t\t\t<div class=\"elementor-element elementor-element-ea80189 elementor-widget elementor-widget-text-editor\" data-id=\"ea80189\" data-element_type=\"widget\" data-e-type=\"widget\" data-widget_type=\"text-editor.default\">\n\t\t\t\t<div class=\"elementor-widget-container\">\n\t\t\t\t\t\t\t\t\t<p style=\"text-align: center;\"><span style=\"color: #000000;\"><a style=\"color: #000000;\" href=\"https:\/\/benvitec.be\/fr\/protection-incendie\/\">Protection incendie<\/a><\/span><br \/><span style=\"color: #000000;\"><a style=\"color: #000000;\" href=\"https:\/\/benvitec.be\/fr\/traitement-de-lair\/\/\">Traitement de l&rsquo;air<\/a><\/span><br \/><span style=\"color: #000000;\"><a style=\"color: #000000;\" href=\"https:\/\/benvitec.be\/fr\/plastiques\/solutions-plastiques\/protection-du-beton\/\">Protection du b\u00e9ton<\/a><\/span><br \/><span style=\"color: #000000;\"><a style=\"color: #000000;\" href=\"https:\/\/benvitec.be\/kunststof\/kunststof-oplossingen\/piping\/\">Tuyauterie industrielle<\/a><\/span><br \/><span style=\"color: #000000;\"><a style=\"color: #000000;\" href=\"https:\/\/benvitec.be\/kunststof\/kunststof-oplossingen\/lining\/\">Linings<\/a><\/span><\/p>\t\t\t\t\t\t\t\t<\/div>\n\t\t\t\t<\/div>\n\t\t\t\t<\/div>\n\t\t<div class=\"elementor-element elementor-element-40686b0 e-con-full rand e-flex parallax_section_no qode_elementor_container_no e-con e-child\" data-id=\"40686b0\" data-element_type=\"container\" data-e-type=\"container\" data-settings=\"{&quot;background_background&quot;:&quot;classic&quot;}\">\n\t\t<div class=\"elementor-element elementor-element-51ec25f e-con-full e-flex parallax_section_no qode_elementor_container_no e-con e-child\" data-id=\"51ec25f\" data-element_type=\"container\" data-e-type=\"container\">\n\t\t\t\t<div class=\"elementor-element elementor-element-30dfc24 elementor-widget elementor-widget-heading\" data-id=\"30dfc24\" data-element_type=\"widget\" data-e-type=\"widget\" data-widget_type=\"heading.default\">\n\t\t\t\t<div class=\"elementor-widget-container\">\n\t\t\t\t\t<h2 class=\"elementor-heading-title elementor-size-default\">Benvitec<br><span class=\"green\">manufacturing<\/span><\/h2>\t\t\t\t<\/div>\n\t\t\t\t<\/div>\n\t\t\t\t<\/div>\n\t\t\t\t<div class=\"elementor-element elementor-element-4b3ea05 elementor-widget elementor-widget-text-editor\" data-id=\"4b3ea05\" data-element_type=\"widget\" data-e-type=\"widget\" data-widget_type=\"text-editor.default\">\n\t\t\t\t<div class=\"elementor-widget-container\">\n\t\t\t\t\t\t\t\t\t<p style=\"text-align: center;\"><span style=\"color: #000000;\"><a style=\"color: #000000;\" href=\"https:\/\/benvitec.be\/fr\/plastiques\/usinage-des-plastiques\/\">Usinage des plastiques<\/a><\/span><br \/><span style=\"color: #000000;\"><a style=\"color: #000000;\" href=\"https:\/\/benvitec.be\/fr\/plastiques\/construction-de-reservoirs\/\">Constructions plastiques<\/a><\/span><\/p>\t\t\t\t\t\t\t\t<\/div>\n\t\t\t\t<\/div>\n\t\t\t\t<\/div>\n\t\t<div class=\"elementor-element elementor-element-927d05d e-con-full rand e-flex parallax_section_no qode_elementor_container_no e-con e-child\" data-id=\"927d05d\" data-element_type=\"container\" data-e-type=\"container\" data-settings=\"{&quot;background_background&quot;:&quot;classic&quot;}\">\n\t\t<div class=\"elementor-element elementor-element-e729847 e-con-full e-flex parallax_section_no qode_elementor_container_no e-con e-child\" data-id=\"e729847\" data-element_type=\"container\" data-e-type=\"container\">\n\t\t\t\t<div class=\"elementor-element elementor-element-8f6213f elementor-widget elementor-widget-heading\" data-id=\"8f6213f\" data-element_type=\"widget\" data-e-type=\"widget\" data-widget_type=\"heading.default\">\n\t\t\t\t<div class=\"elementor-widget-container\">\n\t\t\t\t\t<h2 class=\"elementor-heading-title elementor-size-default\">Benvitec<br><span class=\"green\">Bluefil<\/span><\/h2>\t\t\t\t<\/div>\n\t\t\t\t<\/div>\n\t\t\t\t<\/div>\n\t\t\t\t<div class=\"elementor-element elementor-element-9d09e7e elementor-widget elementor-widget-text-editor\" data-id=\"9d09e7e\" data-element_type=\"widget\" data-e-type=\"widget\" data-widget_type=\"text-editor.default\">\n\t\t\t\t<div class=\"elementor-widget-container\">\n\t\t\t\t\t\t\t\t\t<span style=\"color: #000000;\"><a style=\"color: #000000;\" href=\"https:\/\/www.bluefil.com\" target=\"_blank\" rel=\"noopener\">BlueFil\u00ae<\/a><\/span> <i class=\"menu_icon fa-external-link fa\"><\/i>\t\t\t\t\t\t\t\t<\/div>\n\t\t\t\t<\/div>\n\t\t\t\t<\/div>\n\t\t\t\t\t<\/div>\n\t\t\t\t<\/div>\n\t\t<div class=\"elementor-element elementor-element-a3fd462 e-flex e-con-boxed parallax_section_no qode_elementor_container_no e-con e-parent\" data-id=\"a3fd462\" data-element_type=\"container\" data-e-type=\"container\" data-settings=\"{&quot;background_background&quot;:&quot;classic&quot;}\">\n\t\t\t\t\t<div class=\"e-con-inner\">\n\t\t\t\t<div class=\"elementor-element elementor-element-1caef94 elementor-widget elementor-widget-heading\" data-id=\"1caef94\" data-element_type=\"widget\" data-e-type=\"widget\" data-widget_type=\"heading.default\">\n\t\t\t\t<div class=\"elementor-widget-container\">\n\t\t\t\t\t<h2 class=\"elementor-heading-title elementor-size-default\">R\u00e9alisations<\/h2>\t\t\t\t<\/div>\n\t\t\t\t<\/div>\n\t\t\t\t<div class=\"elementor-element elementor-element-1697558 elementor-widget elementor-widget-image-carousel\" data-id=\"1697558\" data-element_type=\"widget\" data-e-type=\"widget\" data-settings=\"{&quot;slides_to_show&quot;:&quot;4&quot;,&quot;navigation&quot;:&quot;none&quot;,&quot;autoplay&quot;:&quot;yes&quot;,&quot;pause_on_hover&quot;:&quot;yes&quot;,&quot;pause_on_interaction&quot;:&quot;yes&quot;,&quot;autoplay_speed&quot;:5000,&quot;infinite&quot;:&quot;yes&quot;,&quot;speed&quot;:500,&quot;image_spacing_custom&quot;:{&quot;unit&quot;:&quot;px&quot;,&quot;size&quot;:20,&quot;sizes&quot;:[]},&quot;image_spacing_custom_tablet_extra&quot;:{&quot;unit&quot;:&quot;px&quot;,&quot;size&quot;:&quot;&quot;,&quot;sizes&quot;:[]},&quot;image_spacing_custom_tablet&quot;:{&quot;unit&quot;:&quot;px&quot;,&quot;size&quot;:&quot;&quot;,&quot;sizes&quot;:[]},&quot;image_spacing_custom_mobile&quot;:{&quot;unit&quot;:&quot;px&quot;,&quot;size&quot;:&quot;&quot;,&quot;sizes&quot;:[]}}\" data-widget_type=\"image-carousel.default\">\n\t\t\t\t<div class=\"elementor-widget-container\">\n\t\t\t\t\t\t\t<div class=\"elementor-image-carousel-wrapper swiper\" role=\"region\" aria-roledescription=\"carousel\" aria-label=\"Afbeelding carrousel\" dir=\"ltr\">\n\t\t\t<div class=\"elementor-image-carousel swiper-wrapper\" aria-live=\"off\">\n\t\t\t\t\t\t\t\t<div class=\"swiper-slide\" role=\"group\" aria-roledescription=\"slide\" aria-label=\"1 sur 8\"><a data-elementor-open-lightbox=\"yes\" data-elementor-lightbox-slideshow=\"1697558\" data-elementor-lightbox-title=\"Horizontal vs vertical\" data-e-action-hash=\"#elementor-action%3Aaction%3Dlightbox%26settings%3DeyJpZCI6NjkzNywidXJsIjoiaHR0cHM6XC9cL2JlbnZpdGVjLmJlXC93cC1jb250ZW50XC91cGxvYWRzXC8yMDI0XC8wNVwvSFotVlMtVlQuanBnIiwic2xpZGVzaG93IjoiMTY5NzU1OCJ9\" href=\"https:\/\/benvitec.be\/wp-content\/uploads\/2024\/05\/HZ-VS-VT.jpg\"><figure class=\"swiper-slide-inner\"><img decoding=\"async\" class=\"swiper-slide-image\" src=\"https:\/\/benvitec.be\/wp-content\/uploads\/2024\/05\/HZ-VS-VT-570x570.jpg\" alt=\"Horizontal vs vertical\" \/><\/figure><\/a><\/div><div class=\"swiper-slide\" role=\"group\" aria-roledescription=\"slide\" aria-label=\"2 sur 8\"><a data-elementor-open-lightbox=\"yes\" data-elementor-lightbox-slideshow=\"1697558\" data-elementor-lightbox-title=\"slider sprinkler\" data-e-action-hash=\"#elementor-action%3Aaction%3Dlightbox%26settings%3DeyJpZCI6NzI4MSwidXJsIjoiaHR0cHM6XC9cL2JlbnZpdGVjLmJlXC93cC1jb250ZW50XC91cGxvYWRzXC8yMDI0XC8wNlwvc2xpZGVyLXNwcmlua2xlci5qcGciLCJzbGlkZXNob3ciOiIxNjk3NTU4In0%3D\" href=\"https:\/\/benvitec.be\/wp-content\/uploads\/2024\/06\/slider-sprinkler.jpg\"><figure class=\"swiper-slide-inner\"><img decoding=\"async\" class=\"swiper-slide-image\" src=\"https:\/\/benvitec.be\/wp-content\/uploads\/2024\/06\/slider-sprinkler-570x570.jpg\" alt=\"slider sprinkler\" \/><\/figure><\/a><\/div><div class=\"swiper-slide\" role=\"group\" aria-roledescription=\"slide\" aria-label=\"3 sur 8\"><a data-elementor-open-lightbox=\"yes\" data-elementor-lightbox-slideshow=\"1697558\" data-elementor-lightbox-title=\"Piping - hero\" data-elementor-lightbox-description=\"Piping, ook wel leidingwerk genoemd, vormt de cruciale infrastructuur voor het transporteren van vloeistoffen en gassen in diverse sectoren.\" data-e-action-hash=\"#elementor-action%3Aaction%3Dlightbox%26settings%3DeyJpZCI6NzMwMywidXJsIjoiaHR0cHM6XC9cL2JlbnZpdGVjLmJlXC93cC1jb250ZW50XC91cGxvYWRzXC8yMDI0XC8wNlwvaGVyby1waXBpbmcuanBnIiwic2xpZGVzaG93IjoiMTY5NzU1OCJ9\" href=\"https:\/\/benvitec.be\/wp-content\/uploads\/2024\/06\/hero-piping.jpg\"><figure class=\"swiper-slide-inner\"><img decoding=\"async\" class=\"swiper-slide-image\" src=\"https:\/\/benvitec.be\/wp-content\/uploads\/2024\/06\/hero-piping-570x570.jpg\" alt=\"Piping, ook wel leidingwerk genoemd, vormt de cruciale infrastructuur voor het transporteren van vloeistoffen en gassen in diverse sectoren.\" \/><\/figure><\/a><\/div><div class=\"swiper-slide\" role=\"group\" aria-roledescription=\"slide\" aria-label=\"4 sur 8\"><a data-elementor-open-lightbox=\"yes\" data-elementor-lightbox-slideshow=\"1697558\" data-elementor-lightbox-title=\"S\u00e9parateurs de Gouttelettes\" data-e-action-hash=\"#elementor-action%3Aaction%3Dlightbox%26settings%3DeyJpZCI6NzIzMywidXJsIjoiaHR0cHM6XC9cL2JlbnZpdGVjLmJlXC93cC1jb250ZW50XC91cGxvYWRzXC8yMDI0XC8wNlwvZGVtaXN0ZXItMi5qcGciLCJzbGlkZXNob3ciOiIxNjk3NTU4In0%3D\" href=\"https:\/\/benvitec.be\/wp-content\/uploads\/2024\/06\/demister-2.jpg\"><figure class=\"swiper-slide-inner\"><img decoding=\"async\" class=\"swiper-slide-image\" src=\"https:\/\/benvitec.be\/wp-content\/uploads\/2024\/06\/demister-2-570x570.jpg\" alt=\"S\u00e9parateurs de Gouttelettes\" \/><\/figure><\/a><\/div><div class=\"swiper-slide\" role=\"group\" aria-roledescription=\"slide\" aria-label=\"5 sur 8\"><a data-elementor-open-lightbox=\"yes\" data-elementor-lightbox-slideshow=\"1697558\" data-elementor-lightbox-title=\"Laveurs de gaz horizontaux\" data-e-action-hash=\"#elementor-action%3Aaction%3Dlightbox%26settings%3DeyJpZCI6NzIwNywidXJsIjoiaHR0cHM6XC9cL2JlbnZpdGVjLmJlXC93cC1jb250ZW50XC91cGxvYWRzXC8yMDI0XC8wNlwvaC1nYXN3YXNzZXItNS5qcGciLCJzbGlkZXNob3ciOiIxNjk3NTU4In0%3D\" href=\"https:\/\/benvitec.be\/wp-content\/uploads\/2024\/06\/h-gaswasser-5.jpg\"><figure class=\"swiper-slide-inner\"><img decoding=\"async\" class=\"swiper-slide-image\" src=\"https:\/\/benvitec.be\/wp-content\/uploads\/2024\/06\/h-gaswasser-5-570x570.jpg\" alt=\"Laveurs de gaz horizontaux\" \/><\/figure><\/a><\/div><div class=\"swiper-slide\" role=\"group\" aria-roledescription=\"slide\" aria-label=\"6 sur 8\"><a data-elementor-open-lightbox=\"yes\" data-elementor-lightbox-slideshow=\"1697558\" data-elementor-lightbox-title=\"plastiques\" data-e-action-hash=\"#elementor-action%3Aaction%3Dlightbox%26settings%3DeyJpZCI6NzI3MSwidXJsIjoiaHR0cHM6XC9cL2JlbnZpdGVjLmJlXC93cC1jb250ZW50XC91cGxvYWRzXC8yMDI0XC8wNlwva3Vuc3RzdG9mLTYuanBnIiwic2xpZGVzaG93IjoiMTY5NzU1OCJ9\" href=\"https:\/\/benvitec.be\/wp-content\/uploads\/2024\/06\/kunststof-6.jpg\"><figure class=\"swiper-slide-inner\"><img decoding=\"async\" class=\"swiper-slide-image\" src=\"https:\/\/benvitec.be\/wp-content\/uploads\/2024\/06\/kunststof-6-570x570.jpg\" alt=\"plastiques\" \/><\/figure><\/a><\/div><div class=\"swiper-slide\" role=\"group\" aria-roledescription=\"slide\" aria-label=\"7 sur 8\"><a data-elementor-open-lightbox=\"yes\" data-elementor-lightbox-slideshow=\"1697558\" data-elementor-lightbox-title=\"laveur de gaz vertical 5\" data-e-action-hash=\"#elementor-action%3Aaction%3Dlightbox%26settings%3DeyJpZCI6NzE4NywidXJsIjoiaHR0cHM6XC9cL2JlbnZpdGVjLmJlXC93cC1jb250ZW50XC91cGxvYWRzXC8yMDI0XC8wNlwvdi13YXNzZXItNS5qcGciLCJzbGlkZXNob3ciOiIxNjk3NTU4In0%3D\" href=\"https:\/\/benvitec.be\/wp-content\/uploads\/2024\/06\/v-wasser-5.jpg\"><figure class=\"swiper-slide-inner\"><img decoding=\"async\" class=\"swiper-slide-image\" src=\"https:\/\/benvitec.be\/wp-content\/uploads\/2024\/06\/v-wasser-5-570x570.jpg\" alt=\"laveur de gaz vertical 5\" \/><\/figure><\/a><\/div><div class=\"swiper-slide\" role=\"group\" aria-roledescription=\"slide\" aria-label=\"8 sur 8\"><a data-elementor-open-lightbox=\"yes\" data-elementor-lightbox-slideshow=\"1697558\" data-elementor-lightbox-title=\"v wasser 8\" data-e-action-hash=\"#elementor-action%3Aaction%3Dlightbox%26settings%3DeyJpZCI6NzE5MywidXJsIjoiaHR0cHM6XC9cL2JlbnZpdGVjLmJlXC93cC1jb250ZW50XC91cGxvYWRzXC8yMDI0XC8wNlwvdi13YXNzZXItOC5qcGciLCJzbGlkZXNob3ciOiIxNjk3NTU4In0%3D\" href=\"https:\/\/benvitec.be\/wp-content\/uploads\/2024\/06\/v-wasser-8.jpg\"><figure class=\"swiper-slide-inner\"><img decoding=\"async\" class=\"swiper-slide-image\" src=\"https:\/\/benvitec.be\/wp-content\/uploads\/2024\/06\/v-wasser-8-570x570.jpg\" alt=\"v wasser 8\" \/><\/figure><\/a><\/div>\t\t\t<\/div>\n\t\t\t\t\t\t\t\n\t\t\t\t\t\t\t\t\t<\/div>\n\t\t\t\t\t\t<\/div>\n\t\t\t\t<\/div>\n\t\t\t\t\t<\/div>\n\t\t\t\t<\/div>\n\t\t<div data-q_id=\"#mining\" class=\"elementor-element elementor-element-37d00bb e-flex e-con-boxed parallax_section_no qode_elementor_container_no e-con e-parent\" data-id=\"37d00bb\" data-element_type=\"container\" data-e-type=\"container\" data-settings=\"{&quot;background_background&quot;:&quot;classic&quot;}\">\n\t\t\t\t\t<div class=\"e-con-inner\">\n\t\t\t\t<div class=\"elementor-element elementor-element-5968e33 elementor-widget elementor-widget-heading\" data-id=\"5968e33\" data-element_type=\"widget\" data-e-type=\"widget\" data-widget_type=\"heading.default\">\n\t\t\t\t<div class=\"elementor-widget-container\">\n\t\t\t\t\t<h1 class=\"elementor-heading-title elementor-size-default\">Mining for <span class=\"white\">solutions<\/span><\/h1>\t\t\t\t<\/div>\n\t\t\t\t<\/div>\n\t\t\t\t<div class=\"elementor-element elementor-element-ddcc711 elementor-widget elementor-widget-text-editor\" data-id=\"ddcc711\" data-element_type=\"widget\" data-e-type=\"widget\" data-widget_type=\"text-editor.default\">\n\t\t\t\t<div class=\"elementor-widget-container\">\n\t\t\t\t\t\t\t\t\t<p>Benvitec, abr\u00e9viation de Belgian Environmental Technology, puise ses racines dans l\u2019industrie mini\u00e8re, il y a plus de 30 ans. Au fond des galeries, nous travaillions c\u00f4te \u00e0 c\u00f4te, unis par des valeurs fortes. Ces m\u00eames valeurs sont aujourd\u2019hui encore le fondement de notre entreprise.   <\/p>\t\t\t\t\t\t\t\t<\/div>\n\t\t\t\t<\/div>\n\t\t\t\t<div class=\"elementor-element elementor-element-43de99a elementor-widget elementor-widget-bridge_button\" data-id=\"43de99a\" data-element_type=\"widget\" data-e-type=\"widget\" data-widget_type=\"bridge_button.default\">\n\t\t\t\t<div class=\"elementor-widget-container\">\n\t\t\t\t\t<a itemprop=\"url\" href=\"https:\/\/benvitec.be\/fr\/a-propos-de-benvitec\/nos-valeurs\/\" target=\"_self\" data-hover-background-color=\"#000000\" data-hover-color=\"#FFFFFF\" class=\"qbutton  medium default\" style=\"color: #000000; border-color: #000000; \">Nos valeurs<i class=\"qode_icon_font_awesome fa fa-angle-right qode_button_icon_element\" style=\"color: #000000\"><\/i><\/a>\t\t\t\t<\/div>\n\t\t\t\t<\/div>\n\t\t\t\t\t<\/div>\n\t\t\t\t<\/div>\n\t\t<div class=\"elementor-element elementor-element-eb57876 e-flex e-con-boxed parallax_section_no qode_elementor_container_no e-con e-parent\" data-id=\"eb57876\" data-element_type=\"container\" data-e-type=\"container\" data-settings=\"{&quot;background_background&quot;:&quot;classic&quot;}\">\n\t\t\t\t\t<div class=\"e-con-inner\">\n\t\t<div class=\"elementor-element elementor-element-40d9f6a e-con-full e-flex parallax_section_no qode_elementor_container_no e-con e-child\" data-id=\"40d9f6a\" data-element_type=\"container\" data-e-type=\"container\">\n\t\t\t\t<div class=\"elementor-element elementor-element-0068c35 elementor-widget elementor-widget-heading\" data-id=\"0068c35\" data-element_type=\"widget\" data-e-type=\"widget\" data-widget_type=\"heading.default\">\n\t\t\t\t<div class=\"elementor-widget-container\">\n\t\t\t\t\t<h2 class=\"elementor-heading-title elementor-size-default\"><span class=\"green\">Plus<\/span> <\/br><span class=\"white\">d\u2019informations?<\/span><\/h2>\t\t\t\t<\/div>\n\t\t\t\t<\/div>\n\t\t\t\t<div class=\"elementor-element elementor-element-9d993db elementor-widget elementor-widget-text-editor\" data-id=\"9d993db\" data-element_type=\"widget\" data-e-type=\"widget\" data-widget_type=\"text-editor.default\">\n\t\t\t\t<div class=\"elementor-widget-container\">\n\t\t\t\t\t\t\t\t\t<p><span class=\"white intro\">Vous souhaitez en savoir plus sur nos services ? Vous avez une question pr\u00e9cise ? Appelez-nous au +32 11 450 750. Remplissez notre formulaire de contact.   <\/span><\/p><p><span style=\"color: white; font-size: 20px; letter-spacing: -0.8px;\">Ou t\u00e9l\u00e9chargez nos ebooks pour en savoir plus <\/span><\/p>\t\t\t\t\t\t\t\t<\/div>\n\t\t\t\t<\/div>\n\t\t\t\t<div class=\"elementor-element elementor-element-582a154 elementor-widget elementor-widget-bridge_button\" data-id=\"582a154\" data-element_type=\"widget\" data-e-type=\"widget\" data-widget_type=\"bridge_button.default\">\n\t\t\t\t<div class=\"elementor-widget-container\">\n\t\t\t\t\t<a itemprop=\"url\" href=\"https:\/\/benvitec.be\/ebooks\/\" target=\"_self\" data-hover-background-color=\"#000000\" data-hover-color=\"#FFFFFF\" class=\"qbutton  medium default\" style=\"color: #FFFFFF; border-color: #FFFFFF; \">t\u00e9l\u00e9chargez nos ebooks<i class=\"qode_icon_font_awesome fa fa-angle-right qode_button_icon_element\" style=\"color: #FFFFFF\"><\/i><\/a>\t\t\t\t<\/div>\n\t\t\t\t<\/div>\n\t\t\t\t<\/div>\n\t\t<div class=\"elementor-element elementor-element-9bc5138 e-con-full e-flex parallax_section_no qode_elementor_container_no e-con e-child\" data-id=\"9bc5138\" data-element_type=\"container\" data-e-type=\"container\" data-settings=\"{&quot;background_background&quot;:&quot;classic&quot;}\">\n\t\t\t\t<div class=\"elementor-element elementor-element-c17cca5 elementor-widget elementor-widget-hubspot-form\" data-id=\"c17cca5\" data-element_type=\"widget\" data-e-type=\"widget\" data-widget_type=\"hubspot-form.default\">\n\t\t\t\t<div class=\"elementor-widget-container\">\n\t\t\t\t\t\n\t\t\t\t\t\t<script>\n\t\t\t\t\t\t\twindow.hsFormsOnReady = window.hsFormsOnReady || [];\n\t\t\t\t\t\t\twindow.hsFormsOnReady.push(()=>{\n\t\t\t\t\t\t\t\thbspt.forms.create({\n\t\t\t\t\t\t\t\t\tportalId: 143975594,\n\t\t\t\t\t\t\t\t\tformId: \"28fb2383-0728-4cd8-b884-cb7bf94bf4ac\",\n\t\t\t\t\t\t\t\t\ttarget: \"#hbspt-form-1776330575000-7249125721\",\n\t\t\t\t\t\t\t\t\tregion: \"eu1\",\n\t\t\t\t\t\t\t\t\t\n\t\t\t\t\t\t\t})});\n\t\t\t\t\t\t<\/script>\n\t\t\t\t\t\t<div class=\"hbspt-form\" id=\"hbspt-form-1776330575000-7249125721\"><\/div>\t\t\t\t<\/div>\n\t\t\t\t<\/div>\n\t\t\t\t<\/div>\n\t\t\t\t\t<\/div>\n\t\t\t\t<\/div>\n\t\t\t\t<\/div>\n\t\t","protected":false},"excerpt":{"rendered":"<p>Bienvenue chez Benvitec trois entit\u00e9s sp\u00e9cialis\u00e9es sous un m\u00eame toit Chez Benvitec, nous r\u00e9unissons trois entit\u00e9s sp\u00e9cialis\u00e9es sous un m\u00eame toit. Chacune dispose de sa propre expertise, de son approche et de son focus technologique \u2013 mais toutes partagent le m\u00eame objectif : construire des&#8230;<\/p>\n","protected":false},"author":1,"featured_media":7131,"parent":0,"menu_order":0,"comment_status":"closed","ping_status":"closed","template":"full_width.php","meta":{"content-type":"","footnotes":""},"class_list":["post-8257","page","type-page","status-publish","has-post-thumbnail","hentry"],"_links":{"self":[{"href":"https:\/\/benvitec.be\/fr\/wp-json\/wp\/v2\/pages\/8257","targetHints":{"allow":["GET"]}}],"collection":[{"href":"https:\/\/benvitec.be\/fr\/wp-json\/wp\/v2\/pages"}],"about":[{"href":"https:\/\/benvitec.be\/fr\/wp-json\/wp\/v2\/types\/page"}],"author":[{"embeddable":true,"href":"https:\/\/benvitec.be\/fr\/wp-json\/wp\/v2\/users\/1"}],"replies":[{"embeddable":true,"href":"https:\/\/benvitec.be\/fr\/wp-json\/wp\/v2\/comments?post=8257"}],"version-history":[{"count":24,"href":"https:\/\/benvitec.be\/fr\/wp-json\/wp\/v2\/pages\/8257\/revisions"}],"predecessor-version":[{"id":8844,"href":"https:\/\/benvitec.be\/fr\/wp-json\/wp\/v2\/pages\/8257\/revisions\/8844"}],"wp:featuredmedia":[{"embeddable":true,"href":"https:\/\/benvitec.be\/fr\/wp-json\/wp\/v2\/media\/7131"}],"wp:attachment":[{"href":"https:\/\/benvitec.be\/fr\/wp-json\/wp\/v2\/media?parent=8257"}],"curies":[{"name":"wp","href":"https:\/\/api.w.org\/{rel}","templated":true}]}}