{"id":8308,"date":"2024-06-07T11:53:46","date_gmt":"2024-06-07T09:53:46","guid":{"rendered":"https:\/\/benvitec.be\/protection-incendie\/systemes-sprinkler\/"},"modified":"2025-04-24T13:53:56","modified_gmt":"2025-04-24T11:53:56","slug":"systemes-sprinkler","status":"publish","type":"page","link":"https:\/\/benvitec.be\/fr\/protection-incendie\/systemes-sprinkler\/","title":{"rendered":"Syst\u00e8mes sprinkler"},"content":{"rendered":"\t\t<div data-elementor-type=\"wp-page\" data-elementor-id=\"8308\" class=\"elementor elementor-8308 elementor-4293\" data-elementor-post-type=\"page\">\n\t\t\t\t<div class=\"elementor-element elementor-element-77875110 e-flex e-con-boxed parallax_section_no qode_elementor_container_no e-con e-parent\" data-id=\"77875110\" data-element_type=\"container\" data-e-type=\"container\" data-settings=\"{&quot;background_background&quot;:&quot;classic&quot;}\">\n\t\t\t\t\t<div class=\"e-con-inner\">\n\t\t<div class=\"elementor-element elementor-element-50faab53 e-con-full e-flex parallax_section_no qode_elementor_container_no e-con e-child\" data-id=\"50faab53\" data-element_type=\"container\" data-e-type=\"container\" data-settings=\"{&quot;background_background&quot;:&quot;classic&quot;}\">\n\t\t<div class=\"elementor-element elementor-element-c673a67 e-con-full e-flex parallax_section_no qode_elementor_container_no e-con e-child\" data-id=\"c673a67\" data-element_type=\"container\" data-e-type=\"container\" data-settings=\"{&quot;background_background&quot;:&quot;classic&quot;}\">\n\t\t\t\t<div class=\"elementor-element elementor-element-7c627936 elementor-widget elementor-widget-heading\" data-id=\"7c627936\" data-element_type=\"widget\" data-e-type=\"widget\" data-widget_type=\"heading.default\">\n\t\t\t\t<div class=\"elementor-widget-container\">\n\t\t\t\t\t<h1 class=\"elementor-heading-title elementor-size-default\">Syst\u00e8mes <span class=\"green\">sprinkler<\/span><\/h1>\t\t\t\t<\/div>\n\t\t\t\t<\/div>\n\t\t\t\t<\/div>\n\t\t\t\t<\/div>\n\t\t\t\t\t<\/div>\n\t\t\t\t<\/div>\n\t\t<div class=\"elementor-element elementor-element-a8e5d98 e-flex e-con-boxed parallax_section_no qode_elementor_container_no e-con e-parent\" data-id=\"a8e5d98\" data-element_type=\"container\" data-e-type=\"container\" data-settings=\"{&quot;background_background&quot;:&quot;classic&quot;}\">\n\t\t\t\t\t<div class=\"e-con-inner\">\n\t\t<div class=\"elementor-element elementor-element-ed6ec4c e-con-full e-flex parallax_section_no qode_elementor_container_no e-con e-child\" data-id=\"ed6ec4c\" data-element_type=\"container\" data-e-type=\"container\">\n\t\t\t\t<div class=\"elementor-element elementor-element-d962f1b elementor-widget elementor-widget-heading\" data-id=\"d962f1b\" data-element_type=\"widget\" data-e-type=\"widget\" data-widget_type=\"heading.default\">\n\t\t\t\t<div class=\"elementor-widget-container\">\n\t\t\t\t\t<h2 class=\"elementor-heading-title elementor-size-default\">Votre premi\u00e8re ligne de d\u00e9fense contre l\u2019incendie<\/h2>\t\t\t\t<\/div>\n\t\t\t\t<\/div>\n\t\t\t\t<div class=\"elementor-element elementor-element-9b81b6e elementor-widget elementor-widget-text-editor\" data-id=\"9b81b6e\" data-element_type=\"widget\" data-e-type=\"widget\" data-widget_type=\"text-editor.default\">\n\t\t\t\t<div class=\"elementor-widget-container\">\n\t\t\t\t\t\t\t\t\tLes syst\u00e8mes sprinkler sont l\u2019un des moyens les plus fiables pour lutter contre les incendies. Ils d\u00e9tectent le feu d\u00e8s son apparition et l\u2019\u00e9teignent efficacement dans la plupart des cas. \t\t\t\t\t\t\t\t<\/div>\n\t\t\t\t<\/div>\n\t\t\t\t<\/div>\n\t\t<div class=\"elementor-element elementor-element-3f6ee68 e-con-full e-flex parallax_section_no qode_elementor_container_no e-con e-child\" data-id=\"3f6ee68\" data-element_type=\"container\" data-e-type=\"container\">\n\t\t\t\t<div class=\"elementor-element elementor-element-1705933 elementor-widget elementor-widget-heading\" data-id=\"1705933\" data-element_type=\"widget\" data-e-type=\"widget\" data-widget_type=\"heading.default\">\n\t\t\t\t<div class=\"elementor-widget-container\">\n\t\t\t\t\t<h3 class=\"elementor-heading-title elementor-size-default\">Comment fonctionne un syst\u00e8me sprinkler ?<\/h3>\t\t\t\t<\/div>\n\t\t\t\t<\/div>\n\t\t\t\t<div class=\"elementor-element elementor-element-376edf3 elementor-widget elementor-widget-text-editor\" data-id=\"376edf3\" data-element_type=\"widget\" data-e-type=\"widget\" data-widget_type=\"text-editor.default\">\n\t\t\t\t<div class=\"elementor-widget-container\">\n\t\t\t\t\t\t\t\t\t<p>Un syst\u00e8me sprinkler est un r\u00e9seau de canalisations fixes, \u00e9quip\u00e9 de t\u00eates d\u2019arrosage (sprinklers) install\u00e9es sous le plafond ou la toiture du b\u00e2timent.<\/p><p>Chaque t\u00eate sprinkler contient un fusible thermique (en verre ou en alliage soud\u00e9) avec un code couleur indiquant la temp\u00e9rature de d\u00e9clenchement. Lorsque la chaleur devient trop intense \u00e0 cause d\u2019un incendie, le fusible \u00e9clate, lib\u00e9rant l\u2019eau. <\/p><p>L\u2019eau est projet\u00e9e sur une plaque de diffusion qui la r\u00e9partit sur toute la zone concern\u00e9e \u2013 l\u00e0 o\u00f9 les gaz chauds et les fum\u00e9es s\u2019accumulent. Le feu est ainsi ma\u00eetris\u00e9, et la chaleur est r\u00e9duite. <\/p><p>Une alarme est d\u00e9clench\u00e9e via un d\u00e9tecteur de d\u00e9bit ou une vanne d\u2019alarme. Celle-ci active une cloche m\u00e9canique ou envoie un signal \u00e0 la centrale de d\u00e9tection incendie (SprinklerMeldCentrale). Cette centrale alerte les occupants, lance l\u2019\u00e9vacuation et communique avec un centre d\u2019alarme priv\u00e9 (PAC) et, dans la plupart des cas, le centre r\u00e9gional des pompiers (RBAC).  <\/p><p>Important : les sprinklers s\u2019activent localement. Seules les t\u00eates situ\u00e9es dans la zone d\u2019incendie se d\u00e9clenchent, ce qui limite les d\u00e9g\u00e2ts li\u00e9s \u00e0 l\u2019eau.  <\/p>\t\t\t\t\t\t\t\t<\/div>\n\t\t\t\t<\/div>\n\t\t\t\t<\/div>\n\t\t\t\t\t<\/div>\n\t\t\t\t<\/div>\n\t\t<div class=\"elementor-element elementor-element-6d3f3b3 e-flex e-con-boxed parallax_section_no qode_elementor_container_no e-con e-parent\" data-id=\"6d3f3b3\" data-element_type=\"container\" data-e-type=\"container\" data-settings=\"{&quot;background_background&quot;:&quot;classic&quot;}\">\n\t\t\t\t\t<div class=\"e-con-inner\">\n\t\t\t\t<div class=\"elementor-element elementor-element-7a27184 elementor-widget elementor-widget-heading\" data-id=\"7a27184\" data-element_type=\"widget\" data-e-type=\"widget\" data-widget_type=\"heading.default\">\n\t\t\t\t<div class=\"elementor-widget-container\">\n\t\t\t\t\t<h2 class=\"elementor-heading-title elementor-size-default\"><span class=\"white\">Avantages<\/span> des syst\u00e8mes sprinkler<\/h2>\t\t\t\t<\/div>\n\t\t\t\t<\/div>\n\t\t\t\t\t<\/div>\n\t\t\t\t<\/div>\n\t\t<div class=\"elementor-element elementor-element-a41f651 20 e-flex e-con-boxed parallax_section_no qode_elementor_container_no e-con e-parent\" data-id=\"a41f651\" data-element_type=\"container\" data-e-type=\"container\" data-settings=\"{&quot;background_background&quot;:&quot;classic&quot;}\">\n\t\t\t\t\t<div class=\"e-con-inner\">\n\t\t<div class=\"elementor-element elementor-element-00dd579 e-con-full kader e-flex parallax_section_no qode_elementor_container_no e-con e-child\" data-id=\"00dd579\" data-element_type=\"container\" data-e-type=\"container\" data-settings=\"{&quot;background_background&quot;:&quot;classic&quot;}\">\n\t\t\t\t<div class=\"elementor-element elementor-element-a34dba8 elementor-widget elementor-widget-heading\" data-id=\"a34dba8\" data-element_type=\"widget\" data-e-type=\"widget\" data-widget_type=\"heading.default\">\n\t\t\t\t<div class=\"elementor-widget-container\">\n\t\t\t\t\t<h3 class=\"elementor-heading-title elementor-size-default\">D\u00e9tection pr\u00e9coce<\/h3>\t\t\t\t<\/div>\n\t\t\t\t<\/div>\n\t\t\t\t<div class=\"elementor-element elementor-element-06ece9c elementor-widget elementor-widget-text-editor\" data-id=\"06ece9c\" data-element_type=\"widget\" data-e-type=\"widget\" data-widget_type=\"text-editor.default\">\n\t\t\t\t<div class=\"elementor-widget-container\">\n\t\t\t\t\t\t\t\t\t<p class=\"p1\">Le feu est d\u00e9tect\u00e9 rapidement, ce qui limite les dommages.<\/p>\t\t\t\t\t\t\t\t<\/div>\n\t\t\t\t<\/div>\n\t\t\t\t<\/div>\n\t\t<div class=\"elementor-element elementor-element-eb34a7a e-con-full kader e-flex parallax_section_no qode_elementor_container_no e-con e-child\" data-id=\"eb34a7a\" data-element_type=\"container\" data-e-type=\"container\" data-settings=\"{&quot;background_background&quot;:&quot;classic&quot;}\">\n\t\t\t\t<div class=\"elementor-element elementor-element-1d6ea85 elementor-widget elementor-widget-heading\" data-id=\"1d6ea85\" data-element_type=\"widget\" data-e-type=\"widget\" data-widget_type=\"heading.default\">\n\t\t\t\t<div class=\"elementor-widget-container\">\n\t\t\t\t\t<h3 class=\"elementor-heading-title elementor-size-default\">Extinction efficace<\/h3>\t\t\t\t<\/div>\n\t\t\t\t<\/div>\n\t\t\t\t<div class=\"elementor-element elementor-element-3bd1439 elementor-widget elementor-widget-text-editor\" data-id=\"3bd1439\" data-element_type=\"widget\" data-e-type=\"widget\" data-widget_type=\"text-editor.default\">\n\t\t\t\t<div class=\"elementor-widget-container\">\n\t\t\t\t\t\t\t\t\t<p>La plupart des incendies sont ma\u00eetris\u00e9s imm\u00e9diatement et automatiquement.<\/p>\t\t\t\t\t\t\t\t<\/div>\n\t\t\t\t<\/div>\n\t\t\t\t<\/div>\n\t\t<div class=\"elementor-element elementor-element-8d497d8 e-con-full kader e-flex parallax_section_no qode_elementor_container_no e-con e-child\" data-id=\"8d497d8\" data-element_type=\"container\" data-e-type=\"container\" data-settings=\"{&quot;background_background&quot;:&quot;classic&quot;}\">\n\t\t\t\t<div class=\"elementor-element elementor-element-df1f6c4 elementor-widget elementor-widget-heading\" data-id=\"df1f6c4\" data-element_type=\"widget\" data-e-type=\"widget\" data-widget_type=\"heading.default\">\n\t\t\t\t<div class=\"elementor-widget-container\">\n\t\t\t\t\t<h3 class=\"elementor-heading-title elementor-size-default\">D\u00e9g\u00e2ts d\u2019eau limit\u00e9s<\/h3>\t\t\t\t<\/div>\n\t\t\t\t<\/div>\n\t\t\t\t<div class=\"elementor-element elementor-element-037f14a elementor-widget elementor-widget-text-editor\" data-id=\"037f14a\" data-element_type=\"widget\" data-e-type=\"widget\" data-widget_type=\"text-editor.default\">\n\t\t\t\t<div class=\"elementor-widget-container\">\n\t\t\t\t\t\t\t\t\t<p>Seuls les sprinklers n\u00e9cessaires s\u2019activent, pas l\u2019ensemble du r\u00e9seau.<\/p><p> <\/p>\t\t\t\t\t\t\t\t<\/div>\n\t\t\t\t<\/div>\n\t\t\t\t<\/div>\n\t\t<div class=\"elementor-element elementor-element-9fd6c7b e-con-full kader e-flex parallax_section_no qode_elementor_container_no e-con e-child\" data-id=\"9fd6c7b\" data-element_type=\"container\" data-e-type=\"container\" data-settings=\"{&quot;background_background&quot;:&quot;classic&quot;}\">\n\t\t\t\t<div class=\"elementor-element elementor-element-dbf6caa elementor-widget elementor-widget-heading\" data-id=\"dbf6caa\" data-element_type=\"widget\" data-e-type=\"widget\" data-widget_type=\"heading.default\">\n\t\t\t\t<div class=\"elementor-widget-container\">\n\t\t\t\t\t<h3 class=\"elementor-heading-title elementor-size-default\">R\u00e9duction des primes d\u2019assurance<\/h3>\t\t\t\t<\/div>\n\t\t\t\t<\/div>\n\t\t\t\t<div class=\"elementor-element elementor-element-0065848 elementor-widget elementor-widget-text-editor\" data-id=\"0065848\" data-element_type=\"widget\" data-e-type=\"widget\" data-widget_type=\"text-editor.default\">\n\t\t\t\t<div class=\"elementor-widget-container\">\n\t\t\t\t\t\t\t\t\t<p>De nombreuses compagnies offrent des r\u00e9ductions pour les b\u00e2timents prot\u00e9g\u00e9s par sprinklers.<\/p>\t\t\t\t\t\t\t\t<\/div>\n\t\t\t\t<\/div>\n\t\t\t\t<\/div>\n\t\t\t\t\t<\/div>\n\t\t\t\t<\/div>\n\t\t<div class=\"elementor-element elementor-element-a992264 e-flex e-con-boxed parallax_section_no qode_elementor_container_no e-con e-parent\" data-id=\"a992264\" data-element_type=\"container\" data-e-type=\"container\" data-settings=\"{&quot;background_background&quot;:&quot;classic&quot;}\">\n\t\t\t\t\t<div class=\"e-con-inner\">\n\t\t<div class=\"elementor-element elementor-element-d47b64e e-con-full e-flex parallax_section_no qode_elementor_container_no e-con e-child\" data-id=\"d47b64e\" data-element_type=\"container\" data-e-type=\"container\">\n\t\t\t\t<div class=\"elementor-element elementor-element-87ddee3 elementor-widget elementor-widget-heading\" data-id=\"87ddee3\" data-element_type=\"widget\" data-e-type=\"widget\" data-widget_type=\"heading.default\">\n\t\t\t\t<div class=\"elementor-widget-container\">\n\t\t\t\t\t<h2 class=\"elementor-heading-title elementor-size-default\">Be<span class=\"green\">n<\/span>vitec : sp\u00e9cialiste des sprinklers depuis plus de 20 ans<\/h2>\t\t\t\t<\/div>\n\t\t\t\t<\/div>\n\t\t\t\t<\/div>\n\t\t<div class=\"elementor-element elementor-element-afc2fd4 e-con-full e-flex parallax_section_no qode_elementor_container_no e-con e-child\" data-id=\"afc2fd4\" data-element_type=\"container\" data-e-type=\"container\">\n\t\t\t\t<div class=\"elementor-element elementor-element-073c8fc elementor-widget elementor-widget-text-editor\" data-id=\"073c8fc\" data-element_type=\"widget\" data-e-type=\"widget\" data-widget_type=\"text-editor.default\">\n\t\t\t\t<div class=\"elementor-widget-container\">\n\t\t\t\t\t\t\t\t\t<p>Nous concevons, installons et entretenons des syst\u00e8mes sprinkler dans des environnements vari\u00e9s :<\/p><ul><li>Entrep\u00f4ts<\/li><li>Halls de production<\/li><li><span style=\"text-align: var(--text-align); color: var( --e-global-color-text );\">Bureaux<\/span><\/li><li>\u00c9coles<\/li><li>Ziekenhuizen<\/li><li>Centres commerciaux<\/li><li>&#8230;<\/li><\/ul><p><br>Nous vous accompagnons de A \u00e0 Z, de l\u2019\u00e9tude au service apr\u00e8s-vente.<\/p><p> <\/p>\t\t\t\t\t\t\t\t<\/div>\n\t\t\t\t<\/div>\n\t\t\t\t<\/div>\n\t\t\t\t\t<\/div>\n\t\t\t\t<\/div>\n\t\t<div class=\"elementor-element elementor-element-d623d57 e-con-full e-flex parallax_section_no qode_elementor_container_no e-con e-parent\" data-id=\"d623d57\" data-element_type=\"container\" data-e-type=\"container\" data-settings=\"{&quot;background_background&quot;:&quot;classic&quot;}\">\n\t\t\t\t<div class=\"elementor-element elementor-element-cad101b elementor-widget elementor-widget-heading\" data-id=\"cad101b\" data-element_type=\"widget\" data-e-type=\"widget\" data-widget_type=\"heading.default\">\n\t\t\t\t<div class=\"elementor-widget-container\">\n\t\t\t\t\t<h2 class=\"elementor-heading-title elementor-size-default\">R\u00e9alisations<\/h2>\t\t\t\t<\/div>\n\t\t\t\t<\/div>\n\t\t\t\t<div class=\"elementor-element elementor-element-7291b6d elementor-widget elementor-widget-image-carousel\" data-id=\"7291b6d\" data-element_type=\"widget\" data-e-type=\"widget\" data-settings=\"{&quot;slides_to_show&quot;:&quot;4&quot;,&quot;navigation&quot;:&quot;none&quot;,&quot;autoplay&quot;:&quot;yes&quot;,&quot;pause_on_hover&quot;:&quot;yes&quot;,&quot;pause_on_interaction&quot;:&quot;yes&quot;,&quot;autoplay_speed&quot;:5000,&quot;infinite&quot;:&quot;yes&quot;,&quot;speed&quot;:500,&quot;image_spacing_custom&quot;:{&quot;unit&quot;:&quot;px&quot;,&quot;size&quot;:20,&quot;sizes&quot;:[]},&quot;image_spacing_custom_tablet_extra&quot;:{&quot;unit&quot;:&quot;px&quot;,&quot;size&quot;:&quot;&quot;,&quot;sizes&quot;:[]},&quot;image_spacing_custom_tablet&quot;:{&quot;unit&quot;:&quot;px&quot;,&quot;size&quot;:&quot;&quot;,&quot;sizes&quot;:[]},&quot;image_spacing_custom_mobile&quot;:{&quot;unit&quot;:&quot;px&quot;,&quot;size&quot;:&quot;&quot;,&quot;sizes&quot;:[]}}\" data-widget_type=\"image-carousel.default\">\n\t\t\t\t<div class=\"elementor-widget-container\">\n\t\t\t\t\t\t\t<div class=\"elementor-image-carousel-wrapper swiper\" role=\"region\" aria-roledescription=\"carousel\" aria-label=\"Afbeelding carrousel\" dir=\"ltr\">\n\t\t\t<div class=\"elementor-image-carousel swiper-wrapper\" aria-live=\"off\">\n\t\t\t\t\t\t\t\t<div class=\"swiper-slide\" role=\"group\" aria-roledescription=\"slide\" aria-label=\"1 sur 7\"><a data-elementor-open-lightbox=\"yes\" data-elementor-lightbox-slideshow=\"7291b6d\" data-elementor-lightbox-title=\"sprinkler bureau\" data-e-action-hash=\"#elementor-action%3Aaction%3Dlightbox%26settings%3DeyJpZCI6NzM0NywidXJsIjoiaHR0cHM6XC9cL2JlbnZpdGVjLmJlXC93cC1jb250ZW50XC91cGxvYWRzXC8yMDI0XC8wNlwvc3ByaW5rbGVyLWJ1cmVhdS5qcGciLCJzbGlkZXNob3ciOiI3MjkxYjZkIn0%3D\" href=\"https:\/\/benvitec.be\/wp-content\/uploads\/2024\/06\/sprinkler-bureau.jpg\"><figure class=\"swiper-slide-inner\"><img decoding=\"async\" class=\"swiper-slide-image\" src=\"https:\/\/benvitec.be\/wp-content\/uploads\/2024\/06\/sprinkler-bureau-570x562.jpg\" alt=\"sprinkler bureau\" \/><\/figure><\/a><\/div><div class=\"swiper-slide\" role=\"group\" aria-roledescription=\"slide\" aria-label=\"2 sur 7\"><a data-elementor-open-lightbox=\"yes\" data-elementor-lightbox-slideshow=\"7291b6d\" data-elementor-lightbox-title=\"Blue Oceans 3\" data-e-action-hash=\"#elementor-action%3Aaction%3Dlightbox%26settings%3DeyJpZCI6NzM2NywidXJsIjoiaHR0cHM6XC9cL2JlbnZpdGVjLmJlXC93cC1jb250ZW50XC91cGxvYWRzXC8yMDI0XC8wNlwvQmx1ZS1PY2VhbnMtMy5qcGciLCJzbGlkZXNob3ciOiI3MjkxYjZkIn0%3D\" href=\"https:\/\/benvitec.be\/wp-content\/uploads\/2024\/06\/Blue-Oceans-3.jpg\"><figure class=\"swiper-slide-inner\"><img decoding=\"async\" class=\"swiper-slide-image\" src=\"https:\/\/benvitec.be\/wp-content\/uploads\/2024\/06\/Blue-Oceans-3-570x562.jpg\" alt=\"Blue Oceans 3\" \/><\/figure><\/a><\/div><div class=\"swiper-slide\" role=\"group\" aria-roledescription=\"slide\" aria-label=\"3 sur 7\"><a data-elementor-open-lightbox=\"yes\" data-elementor-lightbox-slideshow=\"7291b6d\" data-elementor-lightbox-title=\"magazijn-sprinkler-1\" data-e-action-hash=\"#elementor-action%3Aaction%3Dlightbox%26settings%3DeyJpZCI6NzM2OSwidXJsIjoiaHR0cHM6XC9cL2JlbnZpdGVjLmJlXC93cC1jb250ZW50XC91cGxvYWRzXC8yMDI0XC8wNlwvbWFnYXppam4tc3ByaW5rbGVyLTEuanBnIiwic2xpZGVzaG93IjoiNzI5MWI2ZCJ9\" href=\"https:\/\/benvitec.be\/wp-content\/uploads\/2024\/06\/magazijn-sprinkler-1.jpg\"><figure class=\"swiper-slide-inner\"><img decoding=\"async\" class=\"swiper-slide-image\" src=\"https:\/\/benvitec.be\/wp-content\/uploads\/2024\/06\/magazijn-sprinkler-1-570x562.jpg\" alt=\"magazijn-sprinkler-1\" \/><\/figure><\/a><\/div><div class=\"swiper-slide\" role=\"group\" aria-roledescription=\"slide\" aria-label=\"4 sur 7\"><a data-elementor-open-lightbox=\"yes\" data-elementor-lightbox-slideshow=\"7291b6d\" data-elementor-lightbox-title=\"sprinkler onzichtbaar\" data-e-action-hash=\"#elementor-action%3Aaction%3Dlightbox%26settings%3DeyJpZCI6NzM0OSwidXJsIjoiaHR0cHM6XC9cL2JlbnZpdGVjLmJlXC93cC1jb250ZW50XC91cGxvYWRzXC8yMDI0XC8wNlwvc3ByaW5rbGVyLW9uemljaHRiYWFyLmpwZyIsInNsaWRlc2hvdyI6IjcyOTFiNmQifQ%3D%3D\" href=\"https:\/\/benvitec.be\/wp-content\/uploads\/2024\/06\/sprinkler-onzichtbaar.jpg\"><figure class=\"swiper-slide-inner\"><img decoding=\"async\" class=\"swiper-slide-image\" src=\"https:\/\/benvitec.be\/wp-content\/uploads\/2024\/06\/sprinkler-onzichtbaar-570x562.jpg\" alt=\"sprinkler onzichtbaar\" \/><\/figure><\/a><\/div><div class=\"swiper-slide\" role=\"group\" aria-roledescription=\"slide\" aria-label=\"5 sur 7\"><a data-elementor-open-lightbox=\"yes\" data-elementor-lightbox-slideshow=\"7291b6d\" data-elementor-lightbox-title=\"sprinkler design 2\" data-e-action-hash=\"#elementor-action%3Aaction%3Dlightbox%26settings%3DeyJpZCI6NzM1NSwidXJsIjoiaHR0cHM6XC9cL2JlbnZpdGVjLmJlXC93cC1jb250ZW50XC91cGxvYWRzXC8yMDI0XC8wNlwvc3ByaW5rbGVyLWRlc2lnbi0yLmpwZyIsInNsaWRlc2hvdyI6IjcyOTFiNmQifQ%3D%3D\" href=\"https:\/\/benvitec.be\/wp-content\/uploads\/2024\/06\/sprinkler-design-2.jpg\"><figure class=\"swiper-slide-inner\"><img decoding=\"async\" class=\"swiper-slide-image\" src=\"https:\/\/benvitec.be\/wp-content\/uploads\/2024\/06\/sprinkler-design-2-562x570.jpg\" alt=\"sprinkler design 2\" \/><\/figure><\/a><\/div><div class=\"swiper-slide\" role=\"group\" aria-roledescription=\"slide\" aria-label=\"6 sur 7\"><a data-elementor-open-lightbox=\"yes\" data-elementor-lightbox-slideshow=\"7291b6d\" data-elementor-lightbox-title=\"sprinkler design 1\" data-e-action-hash=\"#elementor-action%3Aaction%3Dlightbox%26settings%3DeyJpZCI6NzM1NywidXJsIjoiaHR0cHM6XC9cL2JlbnZpdGVjLmJlXC93cC1jb250ZW50XC91cGxvYWRzXC8yMDI0XC8wNlwvc3ByaW5rbGVyLWRlc2lnbi0xLmpwZyIsInNsaWRlc2hvdyI6IjcyOTFiNmQifQ%3D%3D\" href=\"https:\/\/benvitec.be\/wp-content\/uploads\/2024\/06\/sprinkler-design-1.jpg\"><figure class=\"swiper-slide-inner\"><img decoding=\"async\" class=\"swiper-slide-image\" src=\"https:\/\/benvitec.be\/wp-content\/uploads\/2024\/06\/sprinkler-design-1-570x562.jpg\" alt=\"sprinkler design 1\" \/><\/figure><\/a><\/div><div class=\"swiper-slide\" role=\"group\" aria-roledescription=\"slide\" aria-label=\"7 sur 7\"><a data-elementor-open-lightbox=\"yes\" data-elementor-lightbox-slideshow=\"7291b6d\" data-elementor-lightbox-title=\"sprinkler bureau\" data-e-action-hash=\"#elementor-action%3Aaction%3Dlightbox%26settings%3DeyJpZCI6NzM0NywidXJsIjoiaHR0cHM6XC9cL2JlbnZpdGVjLmJlXC93cC1jb250ZW50XC91cGxvYWRzXC8yMDI0XC8wNlwvc3ByaW5rbGVyLWJ1cmVhdS5qcGciLCJzbGlkZXNob3ciOiI3MjkxYjZkIn0%3D\" href=\"https:\/\/benvitec.be\/wp-content\/uploads\/2024\/06\/sprinkler-bureau.jpg\"><figure class=\"swiper-slide-inner\"><img decoding=\"async\" class=\"swiper-slide-image\" src=\"https:\/\/benvitec.be\/wp-content\/uploads\/2024\/06\/sprinkler-bureau-570x562.jpg\" alt=\"sprinkler bureau\" \/><\/figure><\/a><\/div>\t\t\t<\/div>\n\t\t\t\t\t\t\t\n\t\t\t\t\t\t\t\t\t<\/div>\n\t\t\t\t\t\t<\/div>\n\t\t\t\t<\/div>\n\t\t\t\t<\/div>\n\t\t<div class=\"elementor-element elementor-element-28efa91e e-flex e-con-boxed parallax_section_no qode_elementor_container_no e-con e-parent\" data-id=\"28efa91e\" data-element_type=\"container\" data-e-type=\"container\" data-settings=\"{&quot;background_background&quot;:&quot;classic&quot;}\">\n\t\t\t\t\t<div class=\"e-con-inner\">\n\t\t<div class=\"elementor-element elementor-element-15cced7 e-con-full e-flex parallax_section_no qode_elementor_container_no e-con e-child\" data-id=\"15cced7\" data-element_type=\"container\" data-e-type=\"container\">\n\t\t\t\t<div class=\"elementor-element elementor-element-3300d43d elementor-widget elementor-widget-heading\" data-id=\"3300d43d\" data-element_type=\"widget\" data-e-type=\"widget\" data-widget_type=\"heading.default\">\n\t\t\t\t<div class=\"elementor-widget-container\">\n\t\t\t\t\t<h2 class=\"elementor-heading-title elementor-size-default\"><span class=\"green\">Int\u00e9ress\u00e9 par une<\/span><span class=\"white\"> installation sprinkler ?<\/span><\/h2>\t\t\t\t<\/div>\n\t\t\t\t<\/div>\n\t\t\t\t<div class=\"elementor-element elementor-element-587a92f8 elementor-widget elementor-widget-text-editor\" data-id=\"587a92f8\" data-element_type=\"widget\" data-e-type=\"widget\" data-widget_type=\"text-editor.default\">\n\t\t\t\t<div class=\"elementor-widget-container\">\n\t\t\t\t\t\t\t\t\t<span class=\"white intro\"> Contactez-nous d\u00e8s aujourd\u2019hui pour un conseil personnalis\u00e9. <\/span>\t\t\t\t\t\t\t\t<\/div>\n\t\t\t\t<\/div>\n\t\t\t\t<div class=\"elementor-element elementor-element-7d3b9793 elementor-widget elementor-widget-bridge_button\" data-id=\"7d3b9793\" data-element_type=\"widget\" data-e-type=\"widget\" data-widget_type=\"bridge_button.default\">\n\t\t\t\t<div class=\"elementor-widget-container\">\n\t\t\t\t\t<a  itemprop=\"url\" href=\"https:\/\/benvitec.be\/fr\/contactez-nous\/\" target=\"_self\"  class=\"qbutton  large default\" style=\"color: #FFFFFF; \">contact<i class=\"qode_icon_font_awesome fa fa-angle-right qode_button_icon_element\"><\/i><\/a>\t\t\t\t<\/div>\n\t\t\t\t<\/div>\n\t\t\t\t<div class=\"elementor-element elementor-element-6e771f2c elementor-widget elementor-widget-heading\" data-id=\"6e771f2c\" data-element_type=\"widget\" data-e-type=\"widget\" data-widget_type=\"heading.default\">\n\t\t\t\t<div class=\"elementor-widget-container\">\n\t\t\t\t\t<p class=\"elementor-heading-title elementor-size-default\">Appelez-nous au +32 11 450 750\n<\/p>\t\t\t\t<\/div>\n\t\t\t\t<\/div>\n\t\t\t\t<\/div>\n\t\t<div class=\"elementor-element elementor-element-4b4b6212 e-con-full elementor-hidden-mobile e-flex parallax_section_no qode_elementor_container_no e-con e-child\" data-id=\"4b4b6212\" data-element_type=\"container\" data-e-type=\"container\" data-settings=\"{&quot;background_background&quot;:&quot;classic&quot;}\">\n\t\t\t\t<\/div>\n\t\t\t\t\t<\/div>\n\t\t\t\t<\/div>\n\t\t\t\t<\/div>\n\t\t","protected":false},"excerpt":{"rendered":"<p>Syst\u00e8mes sprinkler Votre premi\u00e8re ligne de d\u00e9fense contre l\u2019incendie Les syst\u00e8mes sprinkler sont l\u2019un des moyens les plus fiables pour lutter contre les incendies. Ils d\u00e9tectent le feu d\u00e8s son apparition et l\u2019\u00e9teignent efficacement dans la plupart des cas. Comment fonctionne un syst\u00e8me sprinkler ?&#8230;<\/p>\n","protected":false},"author":1,"featured_media":7309,"parent":8262,"menu_order":10,"comment_status":"closed","ping_status":"closed","template":"full_width.php","meta":{"content-type":"","footnotes":""},"class_list":["post-8308","page","type-page","status-publish","has-post-thumbnail","hentry"],"_links":{"self":[{"href":"https:\/\/benvitec.be\/fr\/wp-json\/wp\/v2\/pages\/8308","targetHints":{"allow":["GET"]}}],"collection":[{"href":"https:\/\/benvitec.be\/fr\/wp-json\/wp\/v2\/pages"}],"about":[{"href":"https:\/\/benvitec.be\/fr\/wp-json\/wp\/v2\/types\/page"}],"author":[{"embeddable":true,"href":"https:\/\/benvitec.be\/fr\/wp-json\/wp\/v2\/users\/1"}],"replies":[{"embeddable":true,"href":"https:\/\/benvitec.be\/fr\/wp-json\/wp\/v2\/comments?post=8308"}],"version-history":[{"count":4,"href":"https:\/\/benvitec.be\/fr\/wp-json\/wp\/v2\/pages\/8308\/revisions"}],"predecessor-version":[{"id":8484,"href":"https:\/\/benvitec.be\/fr\/wp-json\/wp\/v2\/pages\/8308\/revisions\/8484"}],"up":[{"embeddable":true,"href":"https:\/\/benvitec.be\/fr\/wp-json\/wp\/v2\/pages\/8262"}],"wp:featuredmedia":[{"embeddable":true,"href":"https:\/\/benvitec.be\/fr\/wp-json\/wp\/v2\/media\/7309"}],"wp:attachment":[{"href":"https:\/\/benvitec.be\/fr\/wp-json\/wp\/v2\/media?parent=8308"}],"curies":[{"name":"wp","href":"https:\/\/api.w.org\/{rel}","templated":true}]}}