{"id":8315,"date":"2024-06-07T11:34:45","date_gmt":"2024-06-07T09:34:45","guid":{"rendered":"https:\/\/benvitec.be\/protection-incendie\/systemes-dextinction-a-mousse\/"},"modified":"2025-04-24T13:58:30","modified_gmt":"2025-04-24T11:58:30","slug":"systemes-dextinction-a-mousse","status":"publish","type":"page","link":"https:\/\/benvitec.be\/fr\/protection-incendie\/systemes-dextinction-a-mousse\/","title":{"rendered":"Syst\u00e8mes d\u2019extinction \u00e0 mousse"},"content":{"rendered":"\t\t<div data-elementor-type=\"wp-page\" data-elementor-id=\"8315\" class=\"elementor elementor-8315 elementor-4286\" data-elementor-post-type=\"page\">\n\t\t\t\t<div class=\"elementor-element elementor-element-77875110 e-flex e-con-boxed parallax_section_no qode_elementor_container_no e-con e-parent\" data-id=\"77875110\" data-element_type=\"container\" data-e-type=\"container\" data-settings=\"{&quot;background_background&quot;:&quot;classic&quot;}\">\n\t\t\t\t\t<div class=\"e-con-inner\">\n\t\t<div class=\"elementor-element elementor-element-50faab53 e-con-full e-flex parallax_section_no qode_elementor_container_no e-con e-child\" data-id=\"50faab53\" data-element_type=\"container\" data-e-type=\"container\" data-settings=\"{&quot;background_background&quot;:&quot;classic&quot;}\">\n\t\t<div class=\"elementor-element elementor-element-c673a67 e-con-full e-flex parallax_section_no qode_elementor_container_no e-con e-child\" data-id=\"c673a67\" data-element_type=\"container\" data-e-type=\"container\" data-settings=\"{&quot;background_background&quot;:&quot;classic&quot;}\">\n\t\t\t\t<div class=\"elementor-element elementor-element-7c627936 elementor-widget elementor-widget-heading\" data-id=\"7c627936\" data-element_type=\"widget\" data-e-type=\"widget\" data-widget_type=\"heading.default\">\n\t\t\t\t<div class=\"elementor-widget-container\">\n\t\t\t\t\t<h1 class=\"elementor-heading-title elementor-size-default\"><span class=\"green\">Syst\u00e8mes<\/span> d\u2019extinction \u00e0 mousse<\/h1>\t\t\t\t<\/div>\n\t\t\t\t<\/div>\n\t\t\t\t<div class=\"elementor-element elementor-element-b6389b3 elementor-widget-divider--view-line elementor-widget elementor-widget-divider\" data-id=\"b6389b3\" data-element_type=\"widget\" data-e-type=\"widget\" data-widget_type=\"divider.default\">\n\t\t\t\t<div class=\"elementor-widget-container\">\n\t\t\t\t\t\t\t<div class=\"elementor-divider\">\n\t\t\t<span class=\"elementor-divider-separator\">\n\t\t\t\t\t\t<\/span>\n\t\t<\/div>\n\t\t\t\t\t\t<\/div>\n\t\t\t\t<\/div>\n\t\t\t\t<div class=\"elementor-element elementor-element-b603ef5 elementor-widget elementor-widget-heading\" data-id=\"b603ef5\" data-element_type=\"widget\" data-e-type=\"widget\" data-widget_type=\"heading.default\">\n\t\t\t\t<div class=\"elementor-widget-container\">\n\t\t\t\t\t<h2 class=\"elementor-heading-title elementor-size-default\">Une extinction efficace avec un minimum de d\u00e9g\u00e2ts<\/h2>\t\t\t\t<\/div>\n\t\t\t\t<\/div>\n\t\t\t\t<div class=\"elementor-element elementor-element-2a5e1f9b elementor-widget elementor-widget-text-editor\" data-id=\"2a5e1f9b\" data-element_type=\"widget\" data-e-type=\"widget\" data-widget_type=\"text-editor.default\">\n\t\t\t\t<div class=\"elementor-widget-container\">\n\t\t\t\t\t\t\t\t\t<p style=\"text-align: left;\"><span class=\"white intro\"> Un syst\u00e8me d\u2019extinction \u00e0 mousse est un \u00e9l\u00e9ment essentiel d\u2019un plan de s\u00e9curit\u00e9 incendie \u2013 en particulier dans les espaces hauts ou clos. Il utilise un m\u00e9lange de mousse, d\u2019eau et d\u2019air pour \u00e9teindre rapidement et efficacement les incendies. <\/span><\/p>\t\t\t\t\t\t\t\t<\/div>\n\t\t\t\t<\/div>\n\t\t\t\t<div class=\"elementor-element elementor-element-ff2538c elementor-widget-divider--view-line elementor-widget elementor-widget-divider\" data-id=\"ff2538c\" data-element_type=\"widget\" data-e-type=\"widget\" data-widget_type=\"divider.default\">\n\t\t\t\t<div class=\"elementor-widget-container\">\n\t\t\t\t\t\t\t<div class=\"elementor-divider\">\n\t\t\t<span class=\"elementor-divider-separator\">\n\t\t\t\t\t\t<\/span>\n\t\t<\/div>\n\t\t\t\t\t\t<\/div>\n\t\t\t\t<\/div>\n\t\t\t\t<\/div>\n\t\t\t\t<\/div>\n\t\t\t\t\t<\/div>\n\t\t\t\t<\/div>\n\t\t<div class=\"elementor-element elementor-element-6d3f3b3 e-flex e-con-boxed parallax_section_no qode_elementor_container_no e-con e-parent\" data-id=\"6d3f3b3\" data-element_type=\"container\" data-e-type=\"container\" data-settings=\"{&quot;background_background&quot;:&quot;classic&quot;}\">\n\t\t\t\t\t<div class=\"e-con-inner\">\n\t\t\t\t<div class=\"elementor-element elementor-element-7a27184 elementor-widget elementor-widget-heading\" data-id=\"7a27184\" data-element_type=\"widget\" data-e-type=\"widget\" data-widget_type=\"heading.default\">\n\t\t\t\t<div class=\"elementor-widget-container\">\n\t\t\t\t\t<h2 class=\"elementor-heading-title elementor-size-default\"><span class=\"white\">Avantages<\/span> des syst\u00e8mes \u00e0 mousse<\/h2>\t\t\t\t<\/div>\n\t\t\t\t<\/div>\n\t\t\t\t\t<\/div>\n\t\t\t\t<\/div>\n\t\t<div class=\"elementor-element elementor-element-a41f651 20 e-flex e-con-boxed parallax_section_no qode_elementor_container_no e-con e-parent\" data-id=\"a41f651\" data-element_type=\"container\" data-e-type=\"container\" data-settings=\"{&quot;background_background&quot;:&quot;classic&quot;}\">\n\t\t\t\t\t<div class=\"e-con-inner\">\n\t\t<div class=\"elementor-element elementor-element-00dd579 e-con-full kader e-flex parallax_section_no qode_elementor_container_no e-con e-child\" data-id=\"00dd579\" data-element_type=\"container\" data-e-type=\"container\" data-settings=\"{&quot;background_background&quot;:&quot;classic&quot;}\">\n\t\t\t\t<div class=\"elementor-element elementor-element-a34dba8 elementor-widget elementor-widget-heading\" data-id=\"a34dba8\" data-element_type=\"widget\" data-e-type=\"widget\" data-widget_type=\"heading.default\">\n\t\t\t\t<div class=\"elementor-widget-container\">\n\t\t\t\t\t<h3 class=\"elementor-heading-title elementor-size-default\">D\u00e9ploiement rapide de la mousse<\/h3>\t\t\t\t<\/div>\n\t\t\t\t<\/div>\n\t\t\t\t<div class=\"elementor-element elementor-element-06ece9c elementor-widget elementor-widget-text-editor\" data-id=\"06ece9c\" data-element_type=\"widget\" data-e-type=\"widget\" data-widget_type=\"text-editor.default\">\n\t\t\t\t<div class=\"elementor-widget-container\">\n\t\t\t\t\t\t\t\t\tLa mousse se propage rapidement, \u00e9touffe le feu et emp\u00eache sa propagation.D\u00e9ploiement rapide de la mousse\t\t\t\t\t\t\t\t<\/div>\n\t\t\t\t<\/div>\n\t\t\t\t<\/div>\n\t\t<div class=\"elementor-element elementor-element-eb34a7a e-con-full kader e-flex parallax_section_no qode_elementor_container_no e-con e-child\" data-id=\"eb34a7a\" data-element_type=\"container\" data-e-type=\"container\" data-settings=\"{&quot;background_background&quot;:&quot;classic&quot;}\">\n\t\t\t\t<div class=\"elementor-element elementor-element-1d6ea85 elementor-widget elementor-widget-heading\" data-id=\"1d6ea85\" data-element_type=\"widget\" data-e-type=\"widget\" data-widget_type=\"heading.default\">\n\t\t\t\t<div class=\"elementor-widget-container\">\n\t\t\t\t\t<h3 class=\"elementor-heading-title elementor-size-default\">D\u00e9g\u00e2ts d\u2019eau limit\u00e9s<\/h3>\t\t\t\t<\/div>\n\t\t\t\t<\/div>\n\t\t\t\t<div class=\"elementor-element elementor-element-3bd1439 elementor-widget elementor-widget-text-editor\" data-id=\"3bd1439\" data-element_type=\"widget\" data-e-type=\"widget\" data-widget_type=\"text-editor.default\">\n\t\t\t\t<div class=\"elementor-widget-container\">\n\t\t\t\t\t\t\t\t\tGr\u00e2ce \u00e0 une faible teneur en eau, les dommages mat\u00e9riels sont r\u00e9duits au strict minimum.\t\t\t\t\t\t\t\t<\/div>\n\t\t\t\t<\/div>\n\t\t\t\t<\/div>\n\t\t<div class=\"elementor-element elementor-element-8d497d8 e-con-full kader e-flex parallax_section_no qode_elementor_container_no e-con e-child\" data-id=\"8d497d8\" data-element_type=\"container\" data-e-type=\"container\" data-settings=\"{&quot;background_background&quot;:&quot;classic&quot;}\">\n\t\t\t\t<div class=\"elementor-element elementor-element-df1f6c4 elementor-widget elementor-widget-heading\" data-id=\"df1f6c4\" data-element_type=\"widget\" data-e-type=\"widget\" data-widget_type=\"heading.default\">\n\t\t\t\t<div class=\"elementor-widget-container\">\n\t\t\t\t\t<h3 class=\"elementor-heading-title elementor-size-default\">Effet de refroidissement<\/h3>\t\t\t\t<\/div>\n\t\t\t\t<\/div>\n\t\t\t\t<div class=\"elementor-element elementor-element-037f14a elementor-widget elementor-widget-text-editor\" data-id=\"037f14a\" data-element_type=\"widget\" data-e-type=\"widget\" data-widget_type=\"text-editor.default\">\n\t\t\t\t<div class=\"elementor-widget-container\">\n\t\t\t\t\t\t\t\t\tLa mousse abaisse la temp\u00e9rature, r\u00e9duisant ainsi le risque de r\u00e9inflammation ou de flashover.\n\n\t\t\t\t\t\t\t\t<\/div>\n\t\t\t\t<\/div>\n\t\t\t\t<\/div>\n\t\t<div class=\"elementor-element elementor-element-9fd6c7b e-con-full kader e-flex parallax_section_no qode_elementor_container_no e-con e-child\" data-id=\"9fd6c7b\" data-element_type=\"container\" data-e-type=\"container\" data-settings=\"{&quot;background_background&quot;:&quot;classic&quot;}\">\n\t\t\t\t<div class=\"elementor-element elementor-element-dbf6caa elementor-widget elementor-widget-heading\" data-id=\"dbf6caa\" data-element_type=\"widget\" data-e-type=\"widget\" data-widget_type=\"heading.default\">\n\t\t\t\t<div class=\"elementor-widget-container\">\n\t\t\t\t\t<h3 class=\"elementor-heading-title elementor-size-default\">S\u00fbr pour les personnes et les \u00e9quipements<\/h3>\t\t\t\t<\/div>\n\t\t\t\t<\/div>\n\t\t\t\t<div class=\"elementor-element elementor-element-0065848 elementor-widget elementor-widget-text-editor\" data-id=\"0065848\" data-element_type=\"widget\" data-e-type=\"widget\" data-widget_type=\"text-editor.default\">\n\t\t\t\t<div class=\"elementor-widget-container\">\n\t\t\t\t\t\t\t\t\tNous utilisons des mousses sans PFAS et non toxiques, sans danger pour le personnel et les installations.\t\t\t\t\t\t\t\t<\/div>\n\t\t\t\t<\/div>\n\t\t\t\t<\/div>\n\t\t\t\t\t<\/div>\n\t\t\t\t<\/div>\n\t\t<div class=\"elementor-element elementor-element-a992264 e-flex e-con-boxed parallax_section_no qode_elementor_container_no e-con e-parent\" data-id=\"a992264\" data-element_type=\"container\" data-e-type=\"container\" data-settings=\"{&quot;background_background&quot;:&quot;classic&quot;}\">\n\t\t\t\t\t<div class=\"e-con-inner\">\n\t\t<div class=\"elementor-element elementor-element-d47b64e e-con-full e-flex parallax_section_no qode_elementor_container_no e-con e-child\" data-id=\"d47b64e\" data-element_type=\"container\" data-e-type=\"container\">\n\t\t\t\t<div class=\"elementor-element elementor-element-87ddee3 elementor-widget elementor-widget-heading\" data-id=\"87ddee3\" data-element_type=\"widget\" data-e-type=\"widget\" data-widget_type=\"heading.default\">\n\t\t\t\t<div class=\"elementor-widget-container\">\n\t\t\t\t\t<h2 class=\"elementor-heading-title elementor-size-default\"><span class=\"green\">Benvitec<\/span> : votre partenaire en extinction \u00e0 mousse<\/h2>\t\t\t\t<\/div>\n\t\t\t\t<\/div>\n\t\t\t\t<\/div>\n\t\t<div class=\"elementor-element elementor-element-afc2fd4 e-con-full e-flex parallax_section_no qode_elementor_container_no e-con e-child\" data-id=\"afc2fd4\" data-element_type=\"container\" data-e-type=\"container\">\n\t\t\t\t<div class=\"elementor-element elementor-element-073c8fc elementor-widget elementor-widget-text-editor\" data-id=\"073c8fc\" data-element_type=\"widget\" data-e-type=\"widget\" data-widget_type=\"text-editor.default\">\n\t\t\t\t<div class=\"elementor-widget-container\">\n\t\t\t\t\t\t\t\t\t<p>Nous concevons, installons et entretenons des syst\u00e8mes \u00e0 mousse adapt\u00e9s \u00e0 diff\u00e9rents types de b\u00e2timents et d\u2019environnements :<\/p><ul><li>Sites industriels<\/li><li>Espaces de stockage et logistique<\/li><li>Parkings (souterrains et a\u00e9riens)<\/li><li>Centres de donn\u00e9es<\/li><li>&#8230;<\/li><\/ul><p>Nos installations respectent les normes de s\u00e9curit\u00e9 les plus strictes et sont parfaitement adapt\u00e9es \u00e0 votre analyse de risques.<\/p>\t\t\t\t\t\t\t\t<\/div>\n\t\t\t\t<\/div>\n\t\t\t\t<\/div>\n\t\t\t\t\t<\/div>\n\t\t\t\t<\/div>\n\t\t<div class=\"elementor-element elementor-element-28efa91e e-flex e-con-boxed parallax_section_no qode_elementor_container_no e-con e-parent\" data-id=\"28efa91e\" data-element_type=\"container\" data-e-type=\"container\" data-settings=\"{&quot;background_background&quot;:&quot;classic&quot;}\">\n\t\t\t\t\t<div class=\"e-con-inner\">\n\t\t<div class=\"elementor-element elementor-element-15cced7 e-con-full e-flex parallax_section_no qode_elementor_container_no e-con e-child\" data-id=\"15cced7\" data-element_type=\"container\" data-e-type=\"container\">\n\t\t\t\t<div class=\"elementor-element elementor-element-3300d43d elementor-widget elementor-widget-heading\" data-id=\"3300d43d\" data-element_type=\"widget\" data-e-type=\"widget\" data-widget_type=\"heading.default\">\n\t\t\t\t<div class=\"elementor-widget-container\">\n\t\t\t\t\t<h2 class=\"elementor-heading-title elementor-size-default\"><span class=\"green\">Envie d\u2019en savoir plus<\/span> <span class=\"white\">sur les syst\u00e8mes \u00e0 mousse ?<\/span><\/h2>\t\t\t\t<\/div>\n\t\t\t\t<\/div>\n\t\t\t\t<div class=\"elementor-element elementor-element-587a92f8 elementor-widget elementor-widget-text-editor\" data-id=\"587a92f8\" data-element_type=\"widget\" data-e-type=\"widget\" data-widget_type=\"text-editor.default\">\n\t\t\t\t<div class=\"elementor-widget-container\">\n\t\t\t\t\t\t\t\t\t<span class=\"white intro\"> Nos sp\u00e9cialistes vous conseillent volontiers sur la solution la mieux adapt\u00e9e \u00e0 votre b\u00e2timent. <\/span>\t\t\t\t\t\t\t\t<\/div>\n\t\t\t\t<\/div>\n\t\t\t\t<div class=\"elementor-element elementor-element-7d3b9793 elementor-widget elementor-widget-bridge_button\" data-id=\"7d3b9793\" data-element_type=\"widget\" data-e-type=\"widget\" data-widget_type=\"bridge_button.default\">\n\t\t\t\t<div class=\"elementor-widget-container\">\n\t\t\t\t\t<a  itemprop=\"url\" href=\"https:\/\/benvitec.be\/fr\/contactez-nous\/\" target=\"_self\"  class=\"qbutton  large default\" style=\"color: #FFFFFF; \">Contactez-nous<i class=\"qode_icon_font_awesome fa fa-angle-right qode_button_icon_element\"><\/i><\/a>\t\t\t\t<\/div>\n\t\t\t\t<\/div>\n\t\t\t\t<div class=\"elementor-element elementor-element-6e771f2c elementor-widget elementor-widget-heading\" data-id=\"6e771f2c\" data-element_type=\"widget\" data-e-type=\"widget\" data-widget_type=\"heading.default\">\n\t\t\t\t<div class=\"elementor-widget-container\">\n\t\t\t\t\t<p class=\"elementor-heading-title elementor-size-default\">Appelez-nous au +32 11 450 750\n<\/p>\t\t\t\t<\/div>\n\t\t\t\t<\/div>\n\t\t\t\t<\/div>\n\t\t<div class=\"elementor-element elementor-element-4b4b6212 e-con-full elementor-hidden-mobile e-flex parallax_section_no qode_elementor_container_no e-con e-child\" data-id=\"4b4b6212\" data-element_type=\"container\" data-e-type=\"container\" data-settings=\"{&quot;background_background&quot;:&quot;classic&quot;}\">\n\t\t\t\t<\/div>\n\t\t\t\t\t<\/div>\n\t\t\t\t<\/div>\n\t\t\t\t<\/div>\n\t\t","protected":false},"excerpt":{"rendered":"<p>Syst\u00e8mes d\u2019extinction \u00e0 mousse Une extinction efficace avec un minimum de d\u00e9g\u00e2ts Un syst\u00e8me d\u2019extinction \u00e0 mousse est un \u00e9l\u00e9ment essentiel d\u2019un plan de s\u00e9curit\u00e9 incendie \u2013 en particulier dans les espaces hauts ou clos. Il utilise un m\u00e9lange de mousse, d\u2019eau et d\u2019air pour&#8230;<\/p>\n","protected":false},"author":1,"featured_media":7289,"parent":8262,"menu_order":10,"comment_status":"closed","ping_status":"closed","template":"full_width.php","meta":{"content-type":"","footnotes":""},"class_list":["post-8315","page","type-page","status-publish","has-post-thumbnail","hentry"],"_links":{"self":[{"href":"https:\/\/benvitec.be\/fr\/wp-json\/wp\/v2\/pages\/8315","targetHints":{"allow":["GET"]}}],"collection":[{"href":"https:\/\/benvitec.be\/fr\/wp-json\/wp\/v2\/pages"}],"about":[{"href":"https:\/\/benvitec.be\/fr\/wp-json\/wp\/v2\/types\/page"}],"author":[{"embeddable":true,"href":"https:\/\/benvitec.be\/fr\/wp-json\/wp\/v2\/users\/1"}],"replies":[{"embeddable":true,"href":"https:\/\/benvitec.be\/fr\/wp-json\/wp\/v2\/comments?post=8315"}],"version-history":[{"count":12,"href":"https:\/\/benvitec.be\/fr\/wp-json\/wp\/v2\/pages\/8315\/revisions"}],"predecessor-version":[{"id":8495,"href":"https:\/\/benvitec.be\/fr\/wp-json\/wp\/v2\/pages\/8315\/revisions\/8495"}],"up":[{"embeddable":true,"href":"https:\/\/benvitec.be\/fr\/wp-json\/wp\/v2\/pages\/8262"}],"wp:featuredmedia":[{"embeddable":true,"href":"https:\/\/benvitec.be\/fr\/wp-json\/wp\/v2\/media\/7289"}],"wp:attachment":[{"href":"https:\/\/benvitec.be\/fr\/wp-json\/wp\/v2\/media?parent=8315"}],"curies":[{"name":"wp","href":"https:\/\/api.w.org\/{rel}","templated":true}]}}