{"id":8323,"date":"2024-06-07T12:16:12","date_gmt":"2024-06-07T10:16:12","guid":{"rendered":"https:\/\/benvitec.be\/protection-incendie\/enrouleurs-et-bornes-incendie\/"},"modified":"2025-04-23T13:50:29","modified_gmt":"2025-04-23T11:50:29","slug":"enrouleurs-et-bornes-incendie","status":"publish","type":"page","link":"https:\/\/benvitec.be\/fr\/protection-incendie\/enrouleurs-et-bornes-incendie\/","title":{"rendered":"Enrouleurs et bornes incendie"},"content":{"rendered":"\t\t<div data-elementor-type=\"wp-page\" data-elementor-id=\"8323\" class=\"elementor elementor-8323 elementor-4301\" data-elementor-post-type=\"page\">\n\t\t\t\t<div class=\"elementor-element elementor-element-77875110 e-flex e-con-boxed parallax_section_no qode_elementor_container_no e-con e-parent\" data-id=\"77875110\" data-element_type=\"container\" data-e-type=\"container\" data-settings=\"{&quot;background_background&quot;:&quot;classic&quot;}\">\n\t\t\t\t\t<div class=\"e-con-inner\">\n\t\t<div class=\"elementor-element elementor-element-50faab53 e-con-full e-flex parallax_section_no qode_elementor_container_no e-con e-child\" data-id=\"50faab53\" data-element_type=\"container\" data-e-type=\"container\" data-settings=\"{&quot;background_background&quot;:&quot;classic&quot;}\">\n\t\t<div class=\"elementor-element elementor-element-c673a67 e-con-full e-flex parallax_section_no qode_elementor_container_no e-con e-child\" data-id=\"c673a67\" data-element_type=\"container\" data-e-type=\"container\" data-settings=\"{&quot;background_background&quot;:&quot;classic&quot;}\">\n\t\t\t\t<div class=\"elementor-element elementor-element-7c627936 elementor-widget elementor-widget-heading\" data-id=\"7c627936\" data-element_type=\"widget\" data-e-type=\"widget\" data-widget_type=\"heading.default\">\n\t\t\t\t<div class=\"elementor-widget-container\">\n\t\t\t\t\t<h1 class=\"elementor-heading-title elementor-size-default\">Enrouleurs et <span class=\"green\">bornes incendie<\/span><\/h1>\t\t\t\t<\/div>\n\t\t\t\t<\/div>\n\t\t\t\t<div class=\"elementor-element elementor-element-b6389b3 elementor-widget-divider--view-line elementor-widget elementor-widget-divider\" data-id=\"b6389b3\" data-element_type=\"widget\" data-e-type=\"widget\" data-widget_type=\"divider.default\">\n\t\t\t\t<div class=\"elementor-widget-container\">\n\t\t\t\t\t\t\t<div class=\"elementor-divider\">\n\t\t\t<span class=\"elementor-divider-separator\">\n\t\t\t\t\t\t<\/span>\n\t\t<\/div>\n\t\t\t\t\t\t<\/div>\n\t\t\t\t<\/div>\n\t\t\t\t<div class=\"elementor-element elementor-element-2a5e1f9b elementor-widget elementor-widget-text-editor\" data-id=\"2a5e1f9b\" data-element_type=\"widget\" data-e-type=\"widget\" data-widget_type=\"text-editor.default\">\n\t\t\t\t<div class=\"elementor-widget-container\">\n\t\t\t\t\t\t\t\t\t<span class=\"white intro\">Les enrouleurs et bornes incendie sont essentiels pour ma\u00eetriser rapidement un d\u00e9but d\u2019incendie. Les enrouleurs permettent \u00e0 toute personne pr\u00e9sente d\u2019agir imm\u00e9diatement, tandis que les bornes fournissent \u00e0 la brigade les ressources en eau n\u00e9cessaires. <\/span>\t\t\t\t\t\t\t\t<\/div>\n\t\t\t\t<\/div>\n\t\t\t\t<div class=\"elementor-element elementor-element-ff2538c elementor-widget-divider--view-line elementor-widget elementor-widget-divider\" data-id=\"ff2538c\" data-element_type=\"widget\" data-e-type=\"widget\" data-widget_type=\"divider.default\">\n\t\t\t\t<div class=\"elementor-widget-container\">\n\t\t\t\t\t\t\t<div class=\"elementor-divider\">\n\t\t\t<span class=\"elementor-divider-separator\">\n\t\t\t\t\t\t<\/span>\n\t\t<\/div>\n\t\t\t\t\t\t<\/div>\n\t\t\t\t<\/div>\n\t\t\t\t<\/div>\n\t\t\t\t<\/div>\n\t\t\t\t\t<\/div>\n\t\t\t\t<\/div>\n\t\t<div class=\"elementor-element elementor-element-a8e5d98 e-flex e-con-boxed parallax_section_no qode_elementor_container_no e-con e-parent\" data-id=\"a8e5d98\" data-element_type=\"container\" data-e-type=\"container\" data-settings=\"{&quot;background_background&quot;:&quot;classic&quot;}\">\n\t\t\t\t\t<div class=\"e-con-inner\">\n\t\t\t\t<div class=\"elementor-element elementor-element-9b81b6e elementor-widget elementor-widget-text-editor\" data-id=\"9b81b6e\" data-element_type=\"widget\" data-e-type=\"widget\" data-widget_type=\"text-editor.default\">\n\t\t\t\t<div class=\"elementor-widget-container\">\n\t\t\t\t\t\t\t\t\t<h2>Enrouleurs<\/h2>\nLes enrouleurs sont des dispositifs fixes, install\u00e9s \u00e0 des emplacements strat\u00e9giques. Chaque enrouleur comprend un tuyau, une lance et un raccordement permanent \u00e0 l\u2019eau. Faciles \u00e0 utiliser, ils ne n\u00e9cessitent aucune formation pr\u00e9alable.  \t\t\t\t\t\t\t\t<\/div>\n\t\t\t\t<\/div>\n\t\t\t\t<div class=\"elementor-element elementor-element-376edf3 elementor-widget elementor-widget-text-editor\" data-id=\"376edf3\" data-element_type=\"widget\" data-e-type=\"widget\" data-widget_type=\"text-editor.default\">\n\t\t\t\t<div class=\"elementor-widget-container\">\n\t\t\t\t\t\t\t\t\t<h2>Bornes incendie<\/h2><p>Les bornes incendie sont reli\u00e9es au r\u00e9seau public d\u2019eau potable. Elles permettent aux pompiers de raccorder leurs v\u00e9hicules et d\u2019acc\u00e9der \u00e0 un d\u00e9bit d\u2019eau suffisant. On en trouve dans la plupart des rues et zones industrielles. <\/p>\t\t\t\t\t\t\t\t<\/div>\n\t\t\t\t<\/div>\n\t\t\t\t<div class=\"elementor-element elementor-element-adcf116 elementor-widget elementor-widget-text-editor\" data-id=\"adcf116\" data-element_type=\"widget\" data-e-type=\"widget\" data-widget_type=\"text-editor.default\">\n\t\t\t\t<div class=\"elementor-widget-container\">\n\t\t\t\t\t\t\t\t\t<h2>R\u00e9seau de conduites souterraines<\/h2>\nNous concevons et entretenons le r\u00e9seau de conduites souterraines qui garantit un d\u00e9bit et une pression d\u2019eau optimaux pour vos bornes et sprinklers.\t\t\t\t\t\t\t\t<\/div>\n\t\t\t\t<\/div>\n\t\t\t\t\t<\/div>\n\t\t\t\t<\/div>\n\t\t<div class=\"elementor-element elementor-element-a992264 e-flex e-con-boxed parallax_section_no qode_elementor_container_no e-con e-parent\" data-id=\"a992264\" data-element_type=\"container\" data-e-type=\"container\" data-settings=\"{&quot;background_background&quot;:&quot;classic&quot;}\">\n\t\t\t\t\t<div class=\"e-con-inner\">\n\t\t\t\t<div class=\"elementor-element elementor-element-87ddee3 elementor-widget elementor-widget-heading\" data-id=\"87ddee3\" data-element_type=\"widget\" data-e-type=\"widget\" data-widget_type=\"heading.default\">\n\t\t\t\t<div class=\"elementor-widget-container\">\n\t\t\t\t\t<h2 class=\"elementor-heading-title elementor-size-default\"><span class=\"green\">Benvitec,<\/span>\nvotre partenaire pour enrouleurs et bornes incendie<\/h2>\t\t\t\t<\/div>\n\t\t\t\t<\/div>\n\t\t\t\t<div class=\"elementor-element elementor-element-073c8fc elementor-widget elementor-widget-text-editor\" data-id=\"073c8fc\" data-element_type=\"widget\" data-e-type=\"widget\" data-widget_type=\"text-editor.default\">\n\t\t\t\t<div class=\"elementor-widget-container\">\n\t\t\t\t\t\t\t\t\tBenvitec fournit, installe et entretient des enrouleurs et des bornes pour tous types de b\u00e2timents et de sites. Gr\u00e2ce \u00e0 notre expertise, vous b\u00e9n\u00e9ficiez d\u2019un syst\u00e8me fiable, conforme aux normes et toujours op\u00e9rationnel. \t\t\t\t\t\t\t\t<\/div>\n\t\t\t\t<\/div>\n\t\t\t\t\t<\/div>\n\t\t\t\t<\/div>\n\t\t<div class=\"elementor-element elementor-element-28efa91e e-flex e-con-boxed parallax_section_no qode_elementor_container_no e-con e-parent\" data-id=\"28efa91e\" data-element_type=\"container\" data-e-type=\"container\" data-settings=\"{&quot;background_background&quot;:&quot;classic&quot;}\">\n\t\t\t\t\t<div class=\"e-con-inner\">\n\t\t<div class=\"elementor-element elementor-element-15cced7 e-con-full e-flex parallax_section_no qode_elementor_container_no e-con e-child\" data-id=\"15cced7\" data-element_type=\"container\" data-e-type=\"container\">\n\t\t\t\t<div class=\"elementor-element elementor-element-3300d43d elementor-widget elementor-widget-heading\" data-id=\"3300d43d\" data-element_type=\"widget\" data-e-type=\"widget\" data-widget_type=\"heading.default\">\n\t\t\t\t<div class=\"elementor-widget-container\">\n\t\t\t\t\t<h2 class=\"elementor-heading-title elementor-size-default\"><span class=\"green\">Besoin<\/span> <span class=\"white\">de conseils ?<\/span><\/h2>\t\t\t\t<\/div>\n\t\t\t\t<\/div>\n\t\t\t\t<div class=\"elementor-element elementor-element-587a92f8 elementor-widget elementor-widget-text-editor\" data-id=\"587a92f8\" data-element_type=\"widget\" data-e-type=\"widget\" data-widget_type=\"text-editor.default\">\n\t\t\t\t<div class=\"elementor-widget-container\">\n\t\t\t\t\t\t\t\t\t<span class=\"white intro\"> Nos sp\u00e9cialistes vous aident \u00e0 choisir les bons \u00e9quipements pour votre b\u00e2timent.<\/span>\t\t\t\t\t\t\t\t<\/div>\n\t\t\t\t<\/div>\n\t\t\t\t<div class=\"elementor-element elementor-element-7d3b9793 elementor-widget elementor-widget-bridge_button\" data-id=\"7d3b9793\" data-element_type=\"widget\" data-e-type=\"widget\" data-widget_type=\"bridge_button.default\">\n\t\t\t\t<div class=\"elementor-widget-container\">\n\t\t\t\t\t<a  itemprop=\"url\" href=\"https:\/\/benvitec.be\/contact\/\" target=\"_self\"  class=\"qbutton  large default\" style=\"color: #FFFFFF; \">contactez-nous<i class=\"qode_icon_font_awesome fa fa-angle-right qode_button_icon_element\"><\/i><\/a>\t\t\t\t<\/div>\n\t\t\t\t<\/div>\n\t\t\t\t<div class=\"elementor-element elementor-element-6e771f2c elementor-widget elementor-widget-heading\" data-id=\"6e771f2c\" data-element_type=\"widget\" data-e-type=\"widget\" data-widget_type=\"heading.default\">\n\t\t\t\t<div class=\"elementor-widget-container\">\n\t\t\t\t\t<p class=\"elementor-heading-title elementor-size-default\">Appelez-nous au +32 11 450 750\n<\/p>\t\t\t\t<\/div>\n\t\t\t\t<\/div>\n\t\t\t\t<\/div>\n\t\t<div class=\"elementor-element elementor-element-4b4b6212 e-con-full elementor-hidden-mobile e-flex parallax_section_no qode_elementor_container_no e-con e-child\" data-id=\"4b4b6212\" data-element_type=\"container\" data-e-type=\"container\" data-settings=\"{&quot;background_background&quot;:&quot;classic&quot;}\">\n\t\t\t\t<\/div>\n\t\t\t\t\t<\/div>\n\t\t\t\t<\/div>\n\t\t\t\t<\/div>\n\t\t","protected":false},"excerpt":{"rendered":"<p>Enrouleurs et bornes incendie Les enrouleurs et bornes incendie sont essentiels pour ma\u00eetriser rapidement un d\u00e9but d\u2019incendie. Les enrouleurs permettent \u00e0 toute personne pr\u00e9sente d\u2019agir imm\u00e9diatement, tandis que les bornes fournissent \u00e0 la brigade les ressources en eau n\u00e9cessaires. Enrouleurs Les enrouleurs sont des dispositifs&#8230;<\/p>\n","protected":false},"author":1,"featured_media":7291,"parent":8262,"menu_order":10,"comment_status":"closed","ping_status":"closed","template":"full_width.php","meta":{"content-type":"","footnotes":""},"class_list":["post-8323","page","type-page","status-publish","has-post-thumbnail","hentry"],"_links":{"self":[{"href":"https:\/\/benvitec.be\/fr\/wp-json\/wp\/v2\/pages\/8323","targetHints":{"allow":["GET"]}}],"collection":[{"href":"https:\/\/benvitec.be\/fr\/wp-json\/wp\/v2\/pages"}],"about":[{"href":"https:\/\/benvitec.be\/fr\/wp-json\/wp\/v2\/types\/page"}],"author":[{"embeddable":true,"href":"https:\/\/benvitec.be\/fr\/wp-json\/wp\/v2\/users\/1"}],"replies":[{"embeddable":true,"href":"https:\/\/benvitec.be\/fr\/wp-json\/wp\/v2\/comments?post=8323"}],"version-history":[{"count":1,"href":"https:\/\/benvitec.be\/fr\/wp-json\/wp\/v2\/pages\/8323\/revisions"}],"predecessor-version":[{"id":8324,"href":"https:\/\/benvitec.be\/fr\/wp-json\/wp\/v2\/pages\/8323\/revisions\/8324"}],"up":[{"embeddable":true,"href":"https:\/\/benvitec.be\/fr\/wp-json\/wp\/v2\/pages\/8262"}],"wp:featuredmedia":[{"embeddable":true,"href":"https:\/\/benvitec.be\/fr\/wp-json\/wp\/v2\/media\/7291"}],"wp:attachment":[{"href":"https:\/\/benvitec.be\/fr\/wp-json\/wp\/v2\/media?parent=8323"}],"curies":[{"name":"wp","href":"https:\/\/api.w.org\/{rel}","templated":true}]}}