{"id":9627,"date":"2026-04-10T09:45:01","date_gmt":"2026-04-10T07:45:01","guid":{"rendered":"https:\/\/benvitec.be\/?page_id=9627"},"modified":"2026-04-10T09:45:02","modified_gmt":"2026-04-10T07:45:02","slug":"contactez-nous-2","status":"publish","type":"page","link":"https:\/\/benvitec.be\/fr\/contactez-nous-2\/","title":{"rendered":"contactez-nous"},"content":{"rendered":"\t\t<div data-elementor-type=\"wp-page\" data-elementor-id=\"9627\" class=\"elementor elementor-9627 elementor-9625\" data-elementor-post-type=\"page\">\n\t\t\t\t<div class=\"elementor-element elementor-element-4dc2092 e-flex e-con-boxed parallax_section_no qode_elementor_container_no e-con e-parent\" data-id=\"4dc2092\" data-element_type=\"container\" data-e-type=\"container\" data-settings=\"{&quot;background_background&quot;:&quot;classic&quot;}\">\n\t\t\t\t\t<div class=\"e-con-inner\">\n\t\t<div class=\"elementor-element elementor-element-ec30155 e-flex e-con-boxed parallax_section_no qode_elementor_container_no e-con e-child\" data-id=\"ec30155\" data-element_type=\"container\" data-e-type=\"container\" data-settings=\"{&quot;background_background&quot;:&quot;classic&quot;}\">\n\t\t\t\t\t<div class=\"e-con-inner\">\n\t\t<div class=\"elementor-element elementor-element-4c5991d e-flex e-con-boxed parallax_section_no qode_elementor_container_no e-con e-child\" data-id=\"4c5991d\" data-element_type=\"container\" data-e-type=\"container\" data-settings=\"{&quot;background_background&quot;:&quot;classic&quot;}\">\n\t\t\t\t\t<div class=\"e-con-inner\">\n\t\t\t\t<div class=\"elementor-element elementor-element-dfd1b2f elementor-widget elementor-widget-heading\" data-id=\"dfd1b2f\" data-element_type=\"widget\" data-e-type=\"widget\" data-widget_type=\"heading.default\">\n\t\t\t\t<div class=\"elementor-widget-container\">\n\t\t\t\t\t<h1 class=\"elementor-heading-title elementor-size-default\">contactez-nous<\/h1>\t\t\t\t<\/div>\n\t\t\t\t<\/div>\n\t\t\t\t\t<\/div>\n\t\t\t\t<\/div>\n\t\t\t\t\t<\/div>\n\t\t\t\t<\/div>\n\t\t<div class=\"elementor-element elementor-element-4ca2364 e-con-full e-flex parallax_section_no qode_elementor_container_no e-con e-child\" data-id=\"4ca2364\" data-element_type=\"container\" data-e-type=\"container\" data-settings=\"{&quot;background_background&quot;:&quot;classic&quot;}\">\n\t\t\t\t<\/div>\n\t\t\t\t\t<\/div>\n\t\t\t\t<\/div>\n\t\t<div class=\"elementor-element elementor-element-e2c50cc e-flex e-con-boxed parallax_section_no qode_elementor_container_no e-con e-parent\" data-id=\"e2c50cc\" data-element_type=\"container\" data-e-type=\"container\">\n\t\t\t\t\t<div class=\"e-con-inner\">\n\t\t<div class=\"elementor-element elementor-element-426bc27 e-con-full e-flex parallax_section_no qode_elementor_container_no e-con e-child\" data-id=\"426bc27\" data-element_type=\"container\" data-e-type=\"container\" data-settings=\"{&quot;background_background&quot;:&quot;classic&quot;}\">\n\t\t\t\t<div class=\"elementor-element elementor-element-d662a77 elementor-widget elementor-widget-hubspot-form\" data-id=\"d662a77\" data-element_type=\"widget\" data-e-type=\"widget\" data-widget_type=\"hubspot-form.default\">\n\t\t\t\t<div class=\"elementor-widget-container\">\n\t\t\t\t\t\n\t\t\t\t\t\t<script>\n\t\t\t\t\t\t\twindow.hsFormsOnReady = window.hsFormsOnReady || [];\n\t\t\t\t\t\t\twindow.hsFormsOnReady.push(()=>{\n\t\t\t\t\t\t\t\thbspt.forms.create({\n\t\t\t\t\t\t\t\t\tportalId: 143975594,\n\t\t\t\t\t\t\t\t\tformId: \"28fb2383-0728-4cd8-b884-cb7bf94bf4ac\",\n\t\t\t\t\t\t\t\t\ttarget: \"#hbspt-form-1776316951000-8888800152\",\n\t\t\t\t\t\t\t\t\tregion: \"eu1\",\n\t\t\t\t\t\t\t\t\t\n\t\t\t\t\t\t\t})});\n\t\t\t\t\t\t<\/script>\n\t\t\t\t\t\t<div class=\"hbspt-form\" id=\"hbspt-form-1776316951000-8888800152\"><\/div>\t\t\t\t<\/div>\n\t\t\t\t<\/div>\n\t\t\t\t<\/div>\n\t\t<div class=\"elementor-element elementor-element-5b056a1 e-con-full e-flex parallax_section_no qode_elementor_container_no e-con e-child\" data-id=\"5b056a1\" data-element_type=\"container\" data-e-type=\"container\">\n\t\t<div class=\"elementor-element elementor-element-5e35294 e-con-full e-flex parallax_section_no qode_elementor_container_no e-con e-child\" data-id=\"5e35294\" data-element_type=\"container\" data-e-type=\"container\">\n\t\t\t\t<div class=\"elementor-element elementor-element-10369a2 elementor-widget elementor-widget-heading\" data-id=\"10369a2\" data-element_type=\"widget\" data-e-type=\"widget\" data-widget_type=\"heading.default\">\n\t\t\t\t<div class=\"elementor-widget-container\">\n\t\t\t\t\t<h3 class=\"elementor-heading-title elementor-size-default\">Benvitec manufacturing nv<\/h3>\t\t\t\t<\/div>\n\t\t\t\t<\/div>\n\t\t\t\t<div class=\"elementor-element elementor-element-0f68148 elementor-widget__width-initial elementor-widget elementor-widget-text-editor\" data-id=\"0f68148\" data-element_type=\"widget\" data-e-type=\"widget\" data-widget_type=\"text-editor.default\">\n\t\t\t\t<div class=\"elementor-widget-container\">\n\t\t\t\t\t\t\t\t\t<h3 style=\"background-color: #ffffff;\"><span style=\"color: #000000; font-size: 16px; text-align: var(--text-align);\">SI\u00c8GE SOCIAl<\/span><\/h3><p>Koolmijnlaan 185, 3582 Beringen (Belgique)<br>T. +32 11 450 760<\/p><p><strong>BTW<\/strong> BE0449.252.035<br><strong>BNPP<\/strong> BE62 0014 0554 5861<br><strong>Belfius<\/strong> BE02 5645 1411 4740<\/p><p>RPM Anvers, division Hasselt<\/p><p><a href=\"mailto:plastics@benvitec.be\">plastics@benvitec.be<\/a><\/p>\t\t\t\t\t\t\t\t<\/div>\n\t\t\t\t<\/div>\n\t\t\t\t<div class=\"elementor-element elementor-element-8b9dc2a elementor-widget elementor-widget-heading\" data-id=\"8b9dc2a\" data-element_type=\"widget\" data-e-type=\"widget\" data-widget_type=\"heading.default\">\n\t\t\t\t<div class=\"elementor-widget-container\">\n\t\t\t\t\t<h3 class=\"elementor-heading-title elementor-size-default\">Benvitec Bluefil nv<\/h3>\t\t\t\t<\/div>\n\t\t\t\t<\/div>\n\t\t\t\t<div class=\"elementor-element elementor-element-2097af4 elementor-widget__width-initial elementor-widget elementor-widget-text-editor\" data-id=\"2097af4\" data-element_type=\"widget\" data-e-type=\"widget\" data-widget_type=\"text-editor.default\">\n\t\t\t\t<div class=\"elementor-widget-container\">\n\t\t\t\t\t\t\t\t\t<h3 style=\"background-color: #ffffff;\"><span style=\"color: #000000; font-size: 16px; text-align: var(--text-align);\">MAATSCHAPPELIJKE ZETEL<\/span><\/h3><p>Koolmijnlaan 185,\u00a03582 Beringen (Belgi\u00eb)<br \/>T. +32 11 450 760<\/p><p><strong>BTW<\/strong> BE1026.306.817<\/p><p><a href=\"mailto:info@bluefil.com\">info@bluefil.com<\/a><\/p>\t\t\t\t\t\t\t\t<\/div>\n\t\t\t\t<\/div>\n\t\t\t\t<\/div>\n\t\t<div class=\"elementor-element elementor-element-d5b0999 e-con-full e-flex parallax_section_no qode_elementor_container_no e-con e-child\" data-id=\"d5b0999\" data-element_type=\"container\" data-e-type=\"container\">\n\t\t\t\t<div class=\"elementor-element elementor-element-9b43f88 elementor-widget elementor-widget-heading\" data-id=\"9b43f88\" data-element_type=\"widget\" data-e-type=\"widget\" data-widget_type=\"heading.default\">\n\t\t\t\t<div class=\"elementor-widget-container\">\n\t\t\t\t\t<h3 class=\"elementor-heading-title elementor-size-default\">Benvitec Solutions sa<\/h3>\t\t\t\t<\/div>\n\t\t\t\t<\/div>\n\t\t\t\t<div class=\"elementor-element elementor-element-ff692b6 elementor-widget elementor-widget-text-editor\" data-id=\"ff692b6\" data-element_type=\"widget\" data-e-type=\"widget\" data-widget_type=\"text-editor.default\">\n\t\t\t\t<div class=\"elementor-widget-container\">\n\t\t\t\t\t\t\t\t\t<h3 style=\"background-color: #ffffff;\"><span style=\"color: #000000; font-size: 16px; text-align: var(--text-align);\">SI\u00c8GE SOCIAl<\/span><\/h3><p>Koolmijnlaan 185, 3582 Beringen (Belgique)<br>T. +32 11 450 750<\/p><h3><span style=\"color: #000000; font-size: 16px; text-align: var(--text-align);\">Benvitec Beveren<\/span><\/h3><p>Zwaluwbeek 6, 9120 Beveren (Belgique)<br><span style=\"text-align: var(--text-align);\">T. +32 3 744 01 74<\/span><\/p><p><strong>BTW<\/strong> BE1026.307.015<br><strong>BNPP<\/strong> BE95 0020 1045 6958<br><strong>Belfius<\/strong> BE67 0689 5645 5187<\/p><p>RPM Anvers, division Hasselt<\/p><p><a href=\"mailto:info@benvitec.be\">info@benvitec.be<\/a><\/p>\t\t\t\t\t\t\t\t<\/div>\n\t\t\t\t<\/div>\n\t\t\t\t<\/div>\n\t\t\t\t<\/div>\n\t\t\t\t\t<\/div>\n\t\t\t\t<\/div>\n\t\t<div class=\"elementor-element elementor-element-412b6db e-flex e-con-boxed parallax_section_no qode_elementor_container_no e-con e-parent\" data-id=\"412b6db\" data-element_type=\"container\" data-e-type=\"container\" data-settings=\"{&quot;background_background&quot;:&quot;classic&quot;}\">\n\t\t\t\t\t<div class=\"e-con-inner\">\n\t\t<div class=\"elementor-element elementor-element-e64d432 e-con-full e-flex parallax_section_no qode_elementor_container_no e-con e-child\" data-id=\"e64d432\" data-element_type=\"container\" data-e-type=\"container\">\n\t\t\t\t<div class=\"elementor-element elementor-element-bdaae0b elementor-widget elementor-widget-heading\" data-id=\"bdaae0b\" data-element_type=\"widget\" data-e-type=\"widget\" data-widget_type=\"heading.default\">\n\t\t\t\t<div class=\"elementor-widget-container\">\n\t\t\t\t\t<h2 class=\"elementor-heading-title elementor-size-default\">HEURES D\u2019OUVERTURE<br><span class=\"green\">MAGASIN<\/span><\/h2>\t\t\t\t<\/div>\n\t\t\t\t<\/div>\n\t\t\t\t<div class=\"elementor-element elementor-element-cf7296e elementor-widget elementor-widget-text-editor\" data-id=\"cf7296e\" data-element_type=\"widget\" data-e-type=\"widget\" data-widget_type=\"text-editor.default\">\n\t\t\t\t<div class=\"elementor-widget-container\">\n\t\t\t\t\t\t\t\t\t<span class=\"white\">Notre magasin \u00e0 Beringen est ouvert tous les jours ouvrables de 8h00 \u00e0 12h00 et de 12h30 \u00e0 16h00.<br>Le vendredi, nous fermons une heure plus t\u00f4t et commen\u00e7ons le week-end \u00e0 15h00. <\/span>\t\t\t\t\t\t\t\t<\/div>\n\t\t\t\t<\/div>\n\t\t\t\t<\/div>\n\t\t<div class=\"elementor-element elementor-element-1334c76 e-con-full e-flex parallax_section_no qode_elementor_container_no e-con e-child\" data-id=\"1334c76\" data-element_type=\"container\" data-e-type=\"container\">\n\t\t\t\t<\/div>\n\t\t\t\t\t<\/div>\n\t\t\t\t<\/div>\n\t\t<div class=\"elementor-element elementor-element-a996cf3 e-con-full e-flex parallax_section_no qode_elementor_container_no e-con e-parent\" data-id=\"a996cf3\" data-element_type=\"container\" data-e-type=\"container\">\n\t\t\t\t<div class=\"elementor-element elementor-element-c1bdc5c elementor-widget elementor-widget-google_maps\" data-id=\"c1bdc5c\" data-element_type=\"widget\" data-e-type=\"widget\" data-widget_type=\"google_maps.default\">\n\t\t\t\t<div class=\"elementor-widget-container\">\n\t\t\t\t\t\t\t<div class=\"elementor-custom-embed\">\n\t\t\t<iframe loading=\"lazy\"\n\t\t\t\t\tsrc=\"https:\/\/maps.google.com\/maps?q=Benvitec%2C%20Koolmijnlaan%20185%203582%20Beringen%20%28Belgi%C3%AB%29&#038;t=m&#038;z=15&#038;output=embed&#038;iwloc=near\"\n\t\t\t\t\ttitle=\"Benvitec, Koolmijnlaan 185 3582 Beringen (Belgi\u00eb)\"\n\t\t\t\t\taria-label=\"Benvitec, Koolmijnlaan 185 3582 Beringen (Belgi\u00eb)\"\n\t\t\t><\/iframe>\n\t\t<\/div>\n\t\t\t\t\t\t<\/div>\n\t\t\t\t<\/div>\n\t\t\t\t<\/div>\n\t\t\t\t<\/div>\n\t\t","protected":false},"excerpt":{"rendered":"<p>contactez-nous Benvitec manufacturing nv SI\u00c8GE SOCIAl Koolmijnlaan 185, 3582 Beringen (Belgique)T. +32 11 450 760 BTW BE0449.252.035BNPP BE62 0014 0554 5861Belfius BE02 5645 1411 4740 RPM Anvers, division Hasselt plastics@benvitec.be Benvitec Bluefil nv MAATSCHAPPELIJKE ZETEL Koolmijnlaan 185,\u00a03582 Beringen (Belgi\u00eb)T. +32 11 450 760 BTW BE1026.306.817&#8230;<\/p>\n","protected":false},"author":1,"featured_media":0,"parent":0,"menu_order":50,"comment_status":"closed","ping_status":"closed","template":"full_width.php","meta":{"content-type":"","footnotes":""},"class_list":["post-9627","page","type-page","status-publish","hentry"],"_links":{"self":[{"href":"https:\/\/benvitec.be\/fr\/wp-json\/wp\/v2\/pages\/9627","targetHints":{"allow":["GET"]}}],"collection":[{"href":"https:\/\/benvitec.be\/fr\/wp-json\/wp\/v2\/pages"}],"about":[{"href":"https:\/\/benvitec.be\/fr\/wp-json\/wp\/v2\/types\/page"}],"author":[{"embeddable":true,"href":"https:\/\/benvitec.be\/fr\/wp-json\/wp\/v2\/users\/1"}],"replies":[{"embeddable":true,"href":"https:\/\/benvitec.be\/fr\/wp-json\/wp\/v2\/comments?post=9627"}],"version-history":[{"count":1,"href":"https:\/\/benvitec.be\/fr\/wp-json\/wp\/v2\/pages\/9627\/revisions"}],"predecessor-version":[{"id":9629,"href":"https:\/\/benvitec.be\/fr\/wp-json\/wp\/v2\/pages\/9627\/revisions\/9629"}],"wp:attachment":[{"href":"https:\/\/benvitec.be\/fr\/wp-json\/wp\/v2\/media?parent=9627"}],"curies":[{"name":"wp","href":"https:\/\/api.w.org\/{rel}","templated":true}]}}